{"id":22775,"date":"2018-09-11T10:01:48","date_gmt":"2018-09-11T08:01:48","guid":{"rendered":"https:\/\/uhlsport.group\/impressum\/"},"modified":"2026-01-13T11:47:35","modified_gmt":"2026-01-13T10:47:35","slug":"impressum","status":"publish","type":"page","link":"https:\/\/uhlsport.group\/es\/impressum\/","title":{"rendered":"Impressum"},"content":{"rendered":"<\/p>\n\n<style type=\"text\/css\" data-created_by=\"avia_inline_auto\" id=\"style-css-av-juigwtx5-caaf5e2572fb8691b0d13699006dfb57\">\n#top .hr.hr-invisible.av-juigwtx5-caaf5e2572fb8691b0d13699006dfb57{\nheight:50px;\n}\n<\/style>\n<div  class='hr av-juigwtx5-caaf5e2572fb8691b0d13699006dfb57 hr-invisible  avia-builder-el-0  el_before_av_textblock  avia-builder-el-first '><span class='hr-inner '><span class=\"hr-inner-style\"><\/span><\/span><\/div>\n\n<style type=\"text\/css\" data-created_by=\"avia_inline_auto\" id=\"style-css-av-37olg3-b0ddd859875890d6a0f2fe9bb0aec7d6\">\n#top .av_textblock_section.av-37olg3-b0ddd859875890d6a0f2fe9bb0aec7d6 .avia_textblock{\nfont-size:16px;\n}\n<\/style>\n<section  class='av_textblock_section av-37olg3-b0ddd859875890d6a0f2fe9bb0aec7d6 '   itemscope=\"itemscope\" itemtype=\"https:\/\/schema.org\/CreativeWork\" ><div class='avia_textblock'  itemprop=\"text\" ><h2>Imprint<\/h2>\n<p>uhlsport GmbH<br \/>\nKlingenbachstra\u00dfe 3<br \/>\n72336 Balingen<br \/>\nGermany<\/p>\n<p>Tel: +49 (0) 7433 268-0<br \/>\nFax: +49 (0) 7433 268-194<br \/>\nE-Mail:\u00a0<a href=\"mailto:info@uhlsport.de\" target=\"_blank\" rel=\"noopener noreferrer\">info@uhlsport.de<\/a><\/p>\n<p><strong>The management<\/strong><br \/>\nMelanie Steinhilber<br \/>\nDistrict Court Stuttgart<br \/>\nHRB 410 196<br \/>\nVAT Number: DE 144 851 459<\/p>\n<p><strong>Person responsible for content<\/strong><strong><br \/>\n<\/strong>Lada Yanchuk, Marketing uhlsport GmbH<\/p>\n<p><strong>Images\/Graphics for website, social media as well as\u00a0POS and advertising material of uhlsport<\/strong><br \/>\nPressefoto ULMER<br \/>\ndpa Picture Alliance GmbH<br \/>\nJean-Michel Bancet<br \/>\nuhlsport GmbH<br \/>\n<a href=\"https:\/\/unsplash.com\/\" target=\"_blank\" rel=\"noopener noreferrer\">unsplash<\/a><br \/>\n<a href=\"https:\/\/elements.envato.com\/\" target=\"_blank\" rel=\"noopener noreferrer\">Envato Elements<\/a><br \/>\n<a href=\"https:\/\/www.picture-alliance.com\/content\/\" target=\"_blank\" rel=\"noopener noreferrer\">picture alliance<\/a><br \/>\nGerrit Bartsch<br \/>\n<a href=\"https:\/\/creativecommons.org\/licenses\/by-sa\/4.0\/deed.de\">CC BY-SA 2.0<\/a><\/p>\n<h3>Content of the web site<\/h3>\n<p>The company uhlsport GmbH does not accept any liability for the actuality, accuracy or completeness of the information provided on this web page, unless errors were wilfully or negligently included. This pertains to possible material or non-material damages to third parties that may have been caused by the usage of this web site. All offers are non-binding and without obligation. The company uhlsport GmbH explicitly reserves the right to modify, supplement, delete or entirely remove the published content temporarily or permanently.<\/p>\n<h3>Copyright and Rights of Usage<\/h3>\n<p>It is the declared policy of uhlsport GmbH to observe the intellectual property rights of all graphics, sound files, video sequences and texts used on the web page. All of the brands and trademarks displayed on the web site are subject to the relevant trademark rights and the property rights of the respective registered owners. The copyright for objects published and created by uhlsport GmbH remain with the authors of the pages in question. The replication or usage of these graphics, sound files, video sequences or texts in publications of an nature is not permitted without the consent of the relevant holder of rights.<\/p>\n<h3>External References and Links<\/h3>\n<p>Die durch die Seitenbetreiber erstellten Inhalte und Werke auf diesen Seiten unterliegen dem deutschen Urheberrecht. Die Vervielf\u00e4ltigung, Bearbeitung, Verbreitung und jede Art der Verwertung au\u00dferhalb der Grenzen des Urheberrechtes bed\u00fcrfen der schriftlichen Zustimmung des jeweiligen Autors bzw. Erstellers. Downloads und Kopien dieser Seite sind nur f\u00fcr den privaten, nicht kommerziellen Gebrauch gestattet. Soweit die Inhalte auf dieser Seite nicht vom Betreiber erstellt wurden, werden die Urheberrechte Dritter beachtet. Insbesondere werden Inhalte Dritter als solche gekennzeichnet. Sollten Sie trotzdem auf eine Urheberrechtsverletzung aufmerksam werden, bitten wir um einen entsprechenden Hinweis. Bei Bekanntwerden von Rechtsverletzungen werden wir derartige Inhalte umgehend entfernen.<\/p>\n<h3>Online Dispute Resolution<\/h3>\n<p>Art. 14 Abs. 1 ODR-VO: The european commission offers a platform for online dispute resolutions. You can find this platform here: <a title=\"Online-Streitbeilegung der Europ\u00e4ischen Kommission\" href=\"http:\/\/ec.europa.eu\/consumers\/odr\/\" target=\"_blank\" rel=\"nofollow noopener noreferrer\">http:\/\/ec.europa.eu\/consumers\/odr\/<\/a><\/p>\n<\/div><\/section>\n","protected":false},"excerpt":{"rendered":"","protected":false},"author":1,"featured_media":0,"parent":0,"menu_order":0,"comment_status":"closed","ping_status":"closed","template":"","meta":{"footnotes":""},"class_list":["post-22775","page","type-page","status-publish","hentry"],"yoast_head":"<!-- This site is optimized with the Yoast SEO plugin v27.2 - https:\/\/yoast.com\/product\/yoast-seo-wordpress\/ -->\n<title>Impressum der uhlsport GmbH<\/title>\n<meta name=\"description\" content=\"Die Inhalte wurden mit gr\u00f6\u00dfter Sorgfalt erstellt. F\u00fcr die Richtigkeit, Vollst\u00e4ndigkeit und Aktualit\u00e4t der Inhalte k\u00f6nnen wir keine Gew\u00e4hr \u00fcbernehmen.\" \/>\n<meta name=\"robots\" content=\"index, follow, max-snippet:-1, max-image-preview:large, max-video-preview:-1\" \/>\n<link rel=\"canonical\" href=\"https:\/\/uhlsport.group\/es\/impressum\/\" \/>\n<meta property=\"og:locale\" content=\"es_ES\" \/>\n<meta property=\"og:type\" content=\"article\" \/>\n<meta property=\"og:title\" content=\"Impressum der uhlsport GmbH\" \/>\n<meta property=\"og:description\" content=\"Die Inhalte wurden mit gr\u00f6\u00dfter Sorgfalt erstellt. F\u00fcr die Richtigkeit, Vollst\u00e4ndigkeit und Aktualit\u00e4t der Inhalte k\u00f6nnen wir keine Gew\u00e4hr \u00fcbernehmen.\" \/>\n<meta property=\"og:url\" content=\"https:\/\/uhlsport.group\/es\/impressum\/\" \/>\n<meta property=\"og:site_name\" content=\"uhlsport GmbH: Teamsport-Ausr\u00fcstung f\u00fcr Fu\u00dfball und Handball\" \/>\n<meta property=\"article:modified_time\" content=\"2026-01-13T10:47:35+00:00\" \/>\n<meta name=\"twitter:card\" content=\"summary_large_image\" \/>\n<meta name=\"twitter:label1\" content=\"Tiempo de lectura\" \/>\n\t<meta name=\"twitter:data1\" content=\"3 minutos\" \/>\n<script type=\"application\/ld+json\" class=\"yoast-schema-graph\">{\"@context\":\"https:\/\/schema.org\",\"@graph\":[{\"@type\":\"WebPage\",\"@id\":\"https:\/\/uhlsport.group\/es\/impressum\/\",\"url\":\"https:\/\/uhlsport.group\/es\/impressum\/\",\"name\":\"Impressum der uhlsport GmbH\",\"isPartOf\":{\"@id\":\"https:\/\/uhlsport.group\/es\/#website\"},\"datePublished\":\"2018-09-11T08:01:48+00:00\",\"dateModified\":\"2026-01-13T10:47:35+00:00\",\"description\":\"Die Inhalte wurden mit gr\u00f6\u00dfter Sorgfalt erstellt. F\u00fcr die Richtigkeit, Vollst\u00e4ndigkeit und Aktualit\u00e4t der Inhalte k\u00f6nnen wir keine Gew\u00e4hr \u00fcbernehmen.\",\"breadcrumb\":{\"@id\":\"https:\/\/uhlsport.group\/es\/impressum\/#breadcrumb\"},\"inLanguage\":\"es\",\"potentialAction\":[{\"@type\":\"ReadAction\",\"target\":[\"https:\/\/uhlsport.group\/es\/impressum\/\"]}]},{\"@type\":\"BreadcrumbList\",\"@id\":\"https:\/\/uhlsport.group\/es\/impressum\/#breadcrumb\",\"itemListElement\":[{\"@type\":\"ListItem\",\"position\":1,\"name\":\"Startseite\",\"item\":\"https:\/\/uhlsport.group\/es\/\"},{\"@type\":\"ListItem\",\"position\":2,\"name\":\"Impressum\"}]},{\"@type\":\"WebSite\",\"@id\":\"https:\/\/uhlsport.group\/es\/#website\",\"url\":\"https:\/\/uhlsport.group\/es\/\",\"name\":\"uhlsport GmbH: Teamsport-Ausr\u00fcstung f\u00fcr Fu\u00dfball und Handball\",\"description\":\"Brave. Progressive. Trustworthy. uhlsport und Kempa \u2013 das ist die uhlsport GmbH, der Experte f\u00fcr Teamsport seit 1948.\",\"publisher\":{\"@id\":\"https:\/\/uhlsport.group\/es\/#organization\"},\"potentialAction\":[{\"@type\":\"SearchAction\",\"target\":{\"@type\":\"EntryPoint\",\"urlTemplate\":\"https:\/\/uhlsport.group\/es\/?s={search_term_string}\"},\"query-input\":{\"@type\":\"PropertyValueSpecification\",\"valueRequired\":true,\"valueName\":\"search_term_string\"}}],\"inLanguage\":\"es\"},{\"@type\":\"Organization\",\"@id\":\"https:\/\/uhlsport.group\/es\/#organization\",\"name\":\"uhlsport GmbH\",\"url\":\"https:\/\/uhlsport.group\/es\/\",\"logo\":{\"@type\":\"ImageObject\",\"inLanguage\":\"es\",\"@id\":\"https:\/\/uhlsport.group\/es\/#\/schema\/logo\/image\/\",\"url\":\"https:\/\/uhlsport.group\/wp-content\/uploads\/2019\/04\/Logo_uhlsport-Group.png\",\"contentUrl\":\"https:\/\/uhlsport.group\/wp-content\/uploads\/2019\/04\/Logo_uhlsport-Group.png\",\"width\":2151,\"height\":315,\"caption\":\"uhlsport GmbH\"},\"image\":{\"@id\":\"https:\/\/uhlsport.group\/es\/#\/schema\/logo\/image\/\"}}]}<\/script>\n<!-- \/ Yoast SEO plugin. -->","yoast_head_json":{"title":"Impressum der uhlsport GmbH","description":"Die Inhalte wurden mit gr\u00f6\u00dfter Sorgfalt erstellt. F\u00fcr die Richtigkeit, Vollst\u00e4ndigkeit und Aktualit\u00e4t der Inhalte k\u00f6nnen wir keine Gew\u00e4hr \u00fcbernehmen.","robots":{"index":"index","follow":"follow","max-snippet":"max-snippet:-1","max-image-preview":"max-image-preview:large","max-video-preview":"max-video-preview:-1"},"canonical":"https:\/\/uhlsport.group\/es\/impressum\/","og_locale":"es_ES","og_type":"article","og_title":"Impressum der uhlsport GmbH","og_description":"Die Inhalte wurden mit gr\u00f6\u00dfter Sorgfalt erstellt. F\u00fcr die Richtigkeit, Vollst\u00e4ndigkeit und Aktualit\u00e4t der Inhalte k\u00f6nnen wir keine Gew\u00e4hr \u00fcbernehmen.","og_url":"https:\/\/uhlsport.group\/es\/impressum\/","og_site_name":"uhlsport GmbH: Teamsport-Ausr\u00fcstung f\u00fcr Fu\u00dfball und Handball","article_modified_time":"2026-01-13T10:47:35+00:00","twitter_card":"summary_large_image","twitter_misc":{"Tiempo de lectura":"3 minutos"},"schema":{"@context":"https:\/\/schema.org","@graph":[{"@type":"WebPage","@id":"https:\/\/uhlsport.group\/es\/impressum\/","url":"https:\/\/uhlsport.group\/es\/impressum\/","name":"Impressum der uhlsport GmbH","isPartOf":{"@id":"https:\/\/uhlsport.group\/es\/#website"},"datePublished":"2018-09-11T08:01:48+00:00","dateModified":"2026-01-13T10:47:35+00:00","description":"Die Inhalte wurden mit gr\u00f6\u00dfter Sorgfalt erstellt. F\u00fcr die Richtigkeit, Vollst\u00e4ndigkeit und Aktualit\u00e4t der Inhalte k\u00f6nnen wir keine Gew\u00e4hr \u00fcbernehmen.","breadcrumb":{"@id":"https:\/\/uhlsport.group\/es\/impressum\/#breadcrumb"},"inLanguage":"es","potentialAction":[{"@type":"ReadAction","target":["https:\/\/uhlsport.group\/es\/impressum\/"]}]},{"@type":"BreadcrumbList","@id":"https:\/\/uhlsport.group\/es\/impressum\/#breadcrumb","itemListElement":[{"@type":"ListItem","position":1,"name":"Startseite","item":"https:\/\/uhlsport.group\/es\/"},{"@type":"ListItem","position":2,"name":"Impressum"}]},{"@type":"WebSite","@id":"https:\/\/uhlsport.group\/es\/#website","url":"https:\/\/uhlsport.group\/es\/","name":"uhlsport GmbH: Teamsport-Ausr\u00fcstung f\u00fcr Fu\u00dfball und Handball","description":"Brave. Progressive. Trustworthy. uhlsport und Kempa \u2013 das ist die uhlsport GmbH, der Experte f\u00fcr Teamsport seit 1948.","publisher":{"@id":"https:\/\/uhlsport.group\/es\/#organization"},"potentialAction":[{"@type":"SearchAction","target":{"@type":"EntryPoint","urlTemplate":"https:\/\/uhlsport.group\/es\/?s={search_term_string}"},"query-input":{"@type":"PropertyValueSpecification","valueRequired":true,"valueName":"search_term_string"}}],"inLanguage":"es"},{"@type":"Organization","@id":"https:\/\/uhlsport.group\/es\/#organization","name":"uhlsport GmbH","url":"https:\/\/uhlsport.group\/es\/","logo":{"@type":"ImageObject","inLanguage":"es","@id":"https:\/\/uhlsport.group\/es\/#\/schema\/logo\/image\/","url":"https:\/\/uhlsport.group\/wp-content\/uploads\/2019\/04\/Logo_uhlsport-Group.png","contentUrl":"https:\/\/uhlsport.group\/wp-content\/uploads\/2019\/04\/Logo_uhlsport-Group.png","width":2151,"height":315,"caption":"uhlsport GmbH"},"image":{"@id":"https:\/\/uhlsport.group\/es\/#\/schema\/logo\/image\/"}}]}},"_links":{"self":[{"href":"https:\/\/uhlsport.group\/es\/wp-json\/wp\/v2\/pages\/22775","targetHints":{"allow":["GET"]}}],"collection":[{"href":"https:\/\/uhlsport.group\/es\/wp-json\/wp\/v2\/pages"}],"about":[{"href":"https:\/\/uhlsport.group\/es\/wp-json\/wp\/v2\/types\/page"}],"author":[{"embeddable":true,"href":"https:\/\/uhlsport.group\/es\/wp-json\/wp\/v2\/users\/1"}],"replies":[{"embeddable":true,"href":"https:\/\/uhlsport.group\/es\/wp-json\/wp\/v2\/comments?post=22775"}],"version-history":[{"count":0,"href":"https:\/\/uhlsport.group\/es\/wp-json\/wp\/v2\/pages\/22775\/revisions"}],"wp:attachment":[{"href":"https:\/\/uhlsport.group\/es\/wp-json\/wp\/v2\/media?parent=22775"}],"curies":[{"name":"wp","href":"https:\/\/api.w.org\/{rel}","templated":true}]}}