{"id":22776,"date":"2019-09-12T16:22:46","date_gmt":"2019-09-12T14:22:46","guid":{"rendered":"https:\/\/uhlsport.group\/kontakt\/"},"modified":"2025-08-04T10:11:54","modified_gmt":"2025-08-04T08:11:54","slug":"contact","status":"publish","type":"page","link":"https:\/\/uhlsport.group\/es\/contact\/","title":{"rendered":"Kontakt"},"content":{"rendered":"\n<style type=\"text\/css\" data-created_by=\"avia_inline_auto\" id=\"style-css-av-jw7t35e5-9b4146827b3dbfe1b68b1028065f297a\">\n#top .hr.hr-invisible.av-jw7t35e5-9b4146827b3dbfe1b68b1028065f297a{\nheight:50px;\n}\n<\/style>\n<div  class='hr av-jw7t35e5-9b4146827b3dbfe1b68b1028065f297a hr-invisible  avia-builder-el-0  el_before_av_textblock  avia-builder-el-first '><span class='hr-inner '><span class=\"hr-inner-style\"><\/span><\/span><\/div>\n<section  class='av_textblock_section av-jmly5lxs-d091084499f1c72437abbe6e52c01d66 '   itemscope=\"itemscope\" itemtype=\"https:\/\/schema.org\/CreativeWork\" ><div class='avia_textblock p-intro'  itemprop=\"text\" ><h1>Estamos felices de recibir su mensaje<\/h1>\n<\/div><\/section>\n<section  class='av_textblock_section av-jmly5lxs-cfc5002c9ff3298f8c44c4b9f518ad27 '   itemscope=\"itemscope\" itemtype=\"https:\/\/schema.org\/CreativeWork\" ><div class='avia_textblock'  itemprop=\"text\" ><p>uhlsport GmbH<br \/>\nKlingenbachstra\u00dfe 3<br \/>\nDE-72336 Balingen<\/p>\n<p><a href=\"mailto:info@uhlsport.de\">info@uhlsport.de<\/a><br \/>\n+49 (0) 7433 268-0<\/p>\n<\/div><\/section>\n<section  class='av_textblock_section av-mdwu0gjm-896091eda3242bc083802e886a7e518c '   itemscope=\"itemscope\" itemtype=\"https:\/\/schema.org\/CreativeWork\" ><div class='avia_textblock'  itemprop=\"text\" ><p>\u00bfQuieres ser distribuidor? <a href=\"https:\/\/uhlsport.group\/es\/conviertete-en-distribuidor\/\">Por aqu\u00ed<\/a>.<\/p>\n<p>Para cualquier otra consulta, utiliza el siguiente formulario.<\/p>\n<\/div><\/section>\n<section  class='av_textblock_section av-jmly5lxs-d091084499f1c72437abbe6e52c01d66 '   itemscope=\"itemscope\" itemtype=\"https:\/\/schema.org\/CreativeWork\" ><div class='avia_textblock p-intro'  itemprop=\"text\" ><script type=\"text\/javascript\">\n\/* <![CDATA[ *\/\nvar gform;gform||(document.addEventListener(\"gform_main_scripts_loaded\",function(){gform.scriptsLoaded=!0}),document.addEventListener(\"gform\/theme\/scripts_loaded\",function(){gform.themeScriptsLoaded=!0}),window.addEventListener(\"DOMContentLoaded\",function(){gform.domLoaded=!0}),gform={domLoaded:!1,scriptsLoaded:!1,themeScriptsLoaded:!1,isFormEditor:()=>\"function\"==typeof InitializeEditor,callIfLoaded:function(o){return!(!gform.domLoaded||!gform.scriptsLoaded||!gform.themeScriptsLoaded&&!gform.isFormEditor()||(gform.isFormEditor()&&console.warn(\"The use of gform.initializeOnLoaded() is deprecated in the form editor context and will be removed in Gravity Forms 3.1.\"),o(),0))},initializeOnLoaded:function(o){gform.callIfLoaded(o)||(document.addEventListener(\"gform_main_scripts_loaded\",()=>{gform.scriptsLoaded=!0,gform.callIfLoaded(o)}),document.addEventListener(\"gform\/theme\/scripts_loaded\",()=>{gform.themeScriptsLoaded=!0,gform.callIfLoaded(o)}),window.addEventListener(\"DOMContentLoaded\",()=>{gform.domLoaded=!0,gform.callIfLoaded(o)}))},hooks:{action:{},filter:{}},addAction:function(o,r,e,t){gform.addHook(\"action\",o,r,e,t)},addFilter:function(o,r,e,t){gform.addHook(\"filter\",o,r,e,t)},doAction:function(o){gform.doHook(\"action\",o,arguments)},applyFilters:function(o){return gform.doHook(\"filter\",o,arguments)},removeAction:function(o,r){gform.removeHook(\"action\",o,r)},removeFilter:function(o,r,e){gform.removeHook(\"filter\",o,r,e)},addHook:function(o,r,e,t,n){null==gform.hooks[o][r]&&(gform.hooks[o][r]=[]);var d=gform.hooks[o][r];null==n&&(n=r+\"_\"+d.length),gform.hooks[o][r].push({tag:n,callable:e,priority:t=null==t?10:t})},doHook:function(r,o,e){var t;if(e=Array.prototype.slice.call(e,1),null!=gform.hooks[r][o]&&((o=gform.hooks[r][o]).sort(function(o,r){return o.priority-r.priority}),o.forEach(function(o){\"function\"!=typeof(t=o.callable)&&(t=window[t]),\"action\"==r?t.apply(null,e):e[0]=t.apply(null,e)})),\"filter\"==r)return e[0]},removeHook:function(o,r,t,n){var e;null!=gform.hooks[o][r]&&(e=(e=gform.hooks[o][r]).filter(function(o,r,e){return!!(null!=n&&n!=o.tag||null!=t&&t!=o.priority)}),gform.hooks[o][r]=e)}});\n\/* ]]> *\/\n<\/script>\n\n                <div class='gf_browser_gecko gform_wrapper gform_legacy_markup_wrapper gform-theme--no-framework' data-form-theme='legacy' data-form-index='0' id='gform_wrapper_9' ><div id='gf_9' class='gform_anchor' tabindex='-1'><\/div><form method='post' enctype='multipart\/form-data' target='gform_ajax_frame_9' id='gform_9'  action='\/es\/wp-json\/wp\/v2\/pages\/22776#gf_9' data-formid='9' novalidate>\n                        <div class='gform-body gform_body'><ul id='gform_fields_9' class='gform_fields top_label form_sublabel_below description_below validation_below'><li id=\"field_9_1\" class=\"gfield gfield--type-text gf_left_half gfield_contains_required field_sublabel_below gfield--no-description field_description_below field_validation_below gfield_visibility_visible\"  ><label class='gfield_label gform-field-label' for='input_9_1'>Nombre<span class=\"gfield_required\"><span class=\"gfield_required gfield_required_asterisk\">*<\/span><\/span><\/label><div class='ginput_container ginput_container_text'><input name='input_1' id='input_9_1' type='text' value='' class='medium'     aria-required=\"true\" aria-invalid=\"false\"   \/><\/div><\/li><li id=\"field_9_2\" class=\"gfield gfield--type-text gf_right_half gfield_contains_required field_sublabel_below gfield--no-description field_description_below field_validation_below gfield_visibility_visible\"  ><label class='gfield_label gform-field-label' for='input_9_2'>Apellido<span class=\"gfield_required\"><span class=\"gfield_required gfield_required_asterisk\">*<\/span><\/span><\/label><div class='ginput_container ginput_container_text'><input name='input_2' id='input_9_2' type='text' value='' class='medium'     aria-required=\"true\" aria-invalid=\"false\"   \/><\/div><\/li><li id=\"field_9_3\" class=\"gfield gfield--type-email gf_left_half gfield_contains_required field_sublabel_below gfield--no-description field_description_below field_validation_below gfield_visibility_visible\"  ><label class='gfield_label gform-field-label' for='input_9_3'>E-mail<span class=\"gfield_required\"><span class=\"gfield_required gfield_required_asterisk\">*<\/span><\/span><\/label><div class='ginput_container ginput_container_email'>\n                            <input name='input_3' id='input_9_3' type='email' value='' class='medium'    aria-required=\"true\" aria-invalid=\"false\"  \/>\n                        <\/div><\/li><li id=\"field_9_4\" class=\"gfield gfield--type-phone gf_right_half field_sublabel_below gfield--no-description field_description_below field_validation_below gfield_visibility_visible\"  ><label class='gfield_label gform-field-label' for='input_9_4'>Tel\u00e9fono<\/label><div class='ginput_container ginput_container_phone'><input name='input_4' id='input_9_4' type='tel' value='' class='medium'    aria-invalid=\"false\"   \/><\/div><\/li><li id=\"field_9_9\" class=\"gfield gfield--type-text gfield_contains_required field_sublabel_below gfield--no-description field_description_below field_validation_below gfield_visibility_visible\"  ><label class='gfield_label gform-field-label' for='input_9_9'>Asunto<span class=\"gfield_required\"><span class=\"gfield_required gfield_required_asterisk\">*<\/span><\/span><\/label><div class='ginput_container ginput_container_text'><input name='input_9' id='input_9_9' type='text' value='' class='medium'     aria-required=\"true\" aria-invalid=\"false\"   \/><\/div><\/li><li id=\"field_9_11\" class=\"gfield gfield--type-select field_sublabel_below gfield--no-description field_description_below field_validation_below gfield_visibility_visible\"  ><label class='gfield_label gform-field-label' for='input_9_11'>\u00bfCon qu\u00e9 pa\u00eds quiere contactar?<\/label><div class='ginput_container ginput_container_select'><select name='input_11' id='input_9_11' class='medium gfield_select'     aria-invalid=\"false\" ><option value='Espa\u00f1a' >Espa\u00f1a<\/option><option value='Alemania' selected='selected'>Alemania<\/option><option value='Francia' >Francia<\/option><option value='Reino Unido' >Reino Unido<\/option><option value='Pa\u00edses Bajos' >Pa\u00edses Bajos<\/option><option value='B\u00e9lgica' >B\u00e9lgica<\/option><option value='Suiza' >Suiza<\/option><option value='Suecia\/Dinamarca' >Suecia\/Dinamarca<\/option><\/select><\/div><\/li><li id=\"field_9_8\" class=\"gfield gfield--type-select field_sublabel_below gfield--no-description field_description_below field_validation_below gfield_visibility_visible\"  ><label class='gfield_label gform-field-label' for='input_9_8'>\u00bfCon qu\u00e9 departamento quiere contactar?<\/label><div class='ginput_container ginput_container_select'><select name='input_8' id='input_9_8' class='medium gfield_select'     aria-invalid=\"false\" ><option value='Por favor seleccione' >Por favor seleccione<\/option><option value='Administraci\u00f3n' >Administraci\u00f3n<\/option><option value='Ventas' >Ventas<\/option><option value='Exportaci\u00f3n' >Exportaci\u00f3n<\/option><option value='Retornos' >Retornos<\/option><option value='Marketing' >Marketing<\/option><option value='Log\u00edstica' >Log\u00edstica<\/option><option value='Dept. Inf\u00f3rmatico' >Dept. Inf\u00f3rmatico<\/option><\/select><\/div><\/li><li id=\"field_9_5\" class=\"gfield gfield--type-textarea field_sublabel_below gfield--no-description field_description_below field_validation_below gfield_visibility_visible\"  ><label class='gfield_label gform-field-label' for='input_9_5'>Mensaje<\/label><div class='ginput_container ginput_container_textarea'><textarea name='input_5' id='input_9_5' class='textarea medium'      aria-invalid=\"false\"   rows='10' cols='50'><\/textarea><\/div><\/li><li id=\"field_9_6\" class=\"gfield gfield--type-checkbox gfield--type-choice gfield_contains_required field_sublabel_below gfield--no-description field_description_below field_validation_below gfield_visibility_visible\"  ><label class='gfield_label gform-field-label gfield_label_before_complex' >Pol\u00edtica de Privacidad<span class=\"gfield_required\"><span class=\"gfield_required gfield_required_asterisk\">*<\/span><\/span><\/label><div class='ginput_container ginput_container_checkbox'><ul class='gfield_checkbox' id='input_9_6'><li class='gchoice gchoice_9_6_1'>\n\t\t\t\t\t\t\t\t<input class='gfield-choice-input' name='input_6.1' type='checkbox'  value='He le\u00eddo y acepto, la &lt;a href=&quot;https:\/\/uhlsport.group\/es\/privacidad\/&quot; target=&quot;_blank&quot;&gt;pol\u00edtica de privacidad&lt;\/a&gt;.'  id='choice_9_6_1'   \/>\n\t\t\t\t\t\t\t\t<label for='choice_9_6_1' id='label_9_6_1' class='gform-field-label gform-field-label--type-inline'>He le\u00eddo y acepto, la <a href=\"https:\/\/uhlsport.group\/es\/privacidad\/\" target=\"_blank\">pol\u00edtica de privacidad<\/a>.<\/label>\n\t\t\t\t\t\t\t<\/li><\/ul><\/div><\/li><li id=\"field_9_10\" class=\"gfield gfield--type-html gfield_html gfield_html_formatted gfield_no_follows_desc field_sublabel_below gfield--no-description field_description_below field_validation_below gfield_visibility_visible\"  ><p style=\"font-size: 18px;\">* Campos requeridos\n<\/p><\/li><\/ul><\/div>\n        <div class='gform-footer gform_footer top_label'> <input type='submit' id='gform_submit_button_9' class='gform_button button' onclick='gform.submission.handleButtonClick(this);' data-submission-type='submit' value='enviar'  \/> <input type='hidden' name='gform_ajax' value='form_id=9&amp;title=&amp;description=&amp;tabindex=0&amp;theme=legacy&amp;styles=[]&amp;hash=f8ce574d4c28e67a92394c4fadd5ef6b' \/>\n            <input type='hidden' class='gform_hidden' name='gform_submission_method' data-js='gform_submission_method_9' value='iframe' \/>\n            <input type='hidden' class='gform_hidden' name='gform_theme' data-js='gform_theme_9' id='gform_theme_9' value='legacy' \/>\n            <input type='hidden' class='gform_hidden' name='gform_style_settings' data-js='gform_style_settings_9' id='gform_style_settings_9' value='[]' \/>\n            <input type='hidden' class='gform_hidden' name='is_submit_9' value='1' \/>\n            <input type='hidden' class='gform_hidden' name='gform_submit' value='9' \/>\n            \n            <input type='hidden' class='gform_hidden' name='gform_currency' data-currency='EUR' value='S1p4C+dxwpR0XRZ0DykZAAovpYUJ7sN+AIamfYF\/zgGUCa9qyKBdt7LIbQH9CerEapST7mIIueajnY9RqoJpsdVrHV9\/JXz9viWLbBmOqHqAln0=' \/>\n            <input type='hidden' class='gform_hidden' name='gform_unique_id' value='' \/>\n            <input type='hidden' class='gform_hidden' name='state_9' value='WyJbXSIsImE0OGViNGFiOWM5MzEyMjc4OTA2NmQ0ZTk4OTA5ZDUwIl0=' \/>\n            <input type='hidden' autocomplete='off' class='gform_hidden' name='gform_target_page_number_9' id='gform_target_page_number_9' value='0' \/>\n            <input type='hidden' autocomplete='off' class='gform_hidden' name='gform_source_page_number_9' id='gform_source_page_number_9' value='1' \/>\n            <input type='hidden' name='gform_field_values' value='' \/>\n            \n        <\/div>\n                        <\/form>\n                        <\/div>\n\t\t                <iframe style='display:none;width:0px;height:0px;' src='about:blank' name='gform_ajax_frame_9' id='gform_ajax_frame_9' title='Este iframe contiene la l\u00f3gica necesaria para gestionar formularios con ajax activado.'><\/iframe>\n\t\t                <script type=\"text\/javascript\">\n\/* <![CDATA[ *\/\n gform.initializeOnLoaded( function() {gformInitSpinner( 9, 'https:\/\/blog.kempa-sports.com\/wp-content\/uploads\/2018\/10\/Rolling-1s-20px.svg', true );jQuery('#gform_ajax_frame_9').on('load',function(){var contents = jQuery(this).contents().find('*').html();var is_postback = contents.indexOf('GF_AJAX_POSTBACK') >= 0;if(!is_postback){return;}var form_content = jQuery(this).contents().find('#gform_wrapper_9');var is_confirmation = jQuery(this).contents().find('#gform_confirmation_wrapper_9').length > 0;var is_redirect = contents.indexOf('gformRedirect(){') >= 0;var is_form = form_content.length > 0 && ! is_redirect && ! is_confirmation;var mt = parseInt(jQuery('html').css('margin-top'), 10) + parseInt(jQuery('body').css('margin-top'), 10) + 100;if(is_form){jQuery('#gform_wrapper_9').html(form_content.html());if(form_content.hasClass('gform_validation_error')){jQuery('#gform_wrapper_9').addClass('gform_validation_error');} else {jQuery('#gform_wrapper_9').removeClass('gform_validation_error');}setTimeout( function() { \/* delay the scroll by 50 milliseconds to fix a bug in chrome *\/ jQuery(document).scrollTop(jQuery('#gform_wrapper_9').offset().top - mt); }, 50 );if(window['gformInitDatepicker']) {gformInitDatepicker();}if(window['gformInitPriceFields']) {gformInitPriceFields();}var current_page = jQuery('#gform_source_page_number_9').val();gformInitSpinner( 9, 'https:\/\/blog.kempa-sports.com\/wp-content\/uploads\/2018\/10\/Rolling-1s-20px.svg', true );jQuery(document).trigger('gform_page_loaded', [9, current_page]);window['gf_submitting_9'] = false;}else if(!is_redirect){var confirmation_content = jQuery(this).contents().find('.GF_AJAX_POSTBACK').html();if(!confirmation_content){confirmation_content = contents;}jQuery('#gform_wrapper_9').replaceWith(confirmation_content);jQuery(document).scrollTop(jQuery('#gf_9').offset().top - mt);jQuery(document).trigger('gform_confirmation_loaded', [9]);window['gf_submitting_9'] = false;wp.a11y.speak(jQuery('#gform_confirmation_message_9').text());}else{jQuery('#gform_9').append(contents);if(window['gformRedirect']) {gformRedirect();}}jQuery(document).trigger(\"gform_pre_post_render\", [{ formId: \"9\", currentPage: \"current_page\", abort: function() { this.preventDefault(); } }]);        if (event && event.defaultPrevented) {                return;        }        const gformWrapperDiv = document.getElementById( \"gform_wrapper_9\" );        if ( gformWrapperDiv ) {            const visibilitySpan = document.createElement( \"span\" );            visibilitySpan.id = \"gform_visibility_test_9\";            gformWrapperDiv.insertAdjacentElement( \"afterend\", visibilitySpan );        }        const visibilityTestDiv = document.getElementById( \"gform_visibility_test_9\" );        let postRenderFired = false;        function triggerPostRender() {            if ( postRenderFired ) {                return;            }            postRenderFired = true;            gform.core.triggerPostRenderEvents( 9, current_page );            if ( visibilityTestDiv ) {                visibilityTestDiv.parentNode.removeChild( visibilityTestDiv );            }        }        function debounce( func, wait, immediate ) {            var timeout;            return function() {                var context = this, args = arguments;                var later = function() {                    timeout = null;                    if ( !immediate ) func.apply( context, args );                };                var callNow = immediate && !timeout;                clearTimeout( timeout );                timeout = setTimeout( later, wait );                if ( callNow ) func.apply( context, args );            };        }        const debouncedTriggerPostRender = debounce( function() {            triggerPostRender();        }, 200 );        if ( visibilityTestDiv && visibilityTestDiv.offsetParent === null ) {            const observer = new MutationObserver( ( mutations ) => {                mutations.forEach( ( mutation ) => {                    if ( mutation.type === 'attributes' && visibilityTestDiv.offsetParent !== null ) {                        debouncedTriggerPostRender();                        observer.disconnect();                    }                });            });            observer.observe( document.body, {                attributes: true,                childList: false,                subtree: true,                attributeFilter: [ 'style', 'class' ],            });        } else {            triggerPostRender();        }    } );} ); \n\/* ]]> *\/\n<\/script>\n\n<\/div><\/section>\n","protected":false},"excerpt":{"rendered":"","protected":false},"author":1,"featured_media":0,"parent":0,"menu_order":0,"comment_status":"closed","ping_status":"closed","template":"","meta":{"footnotes":""},"class_list":["post-22776","page","type-page","status-publish","hentry"],"yoast_head":"<!-- This site is optimized with the Yoast SEO plugin v27.2 - https:\/\/yoast.com\/product\/yoast-seo-wordpress\/ -->\n<title>Wir freuen uns auf Deine Nachricht. Dein Kontakt zur uhlsport GmbH<\/title>\n<meta name=\"description\" content=\"Kontaktformular ausf\u00fcllen, kurz warten - wir nehmen schnellstm\u00f6glich Kontakt zu Dir auf. Ob Distributor, H\u00e4ndler oder Endkunde: Wir helfen Dir gerne weiter.\" \/>\n<meta name=\"robots\" content=\"index, follow, max-snippet:-1, max-image-preview:large, max-video-preview:-1\" \/>\n<link rel=\"canonical\" href=\"https:\/\/uhlsport.group\/es\/contact\/\" \/>\n<meta property=\"og:locale\" content=\"es_ES\" \/>\n<meta property=\"og:type\" content=\"article\" \/>\n<meta property=\"og:title\" content=\"Wir freuen uns auf Deine Nachricht. Dein Kontakt zur uhlsport GmbH\" \/>\n<meta property=\"og:description\" content=\"Kontaktformular ausf\u00fcllen, kurz warten - wir nehmen schnellstm\u00f6glich Kontakt zu Dir auf. Ob Distributor, H\u00e4ndler oder Endkunde: Wir helfen Dir gerne weiter.\" \/>\n<meta property=\"og:url\" content=\"https:\/\/uhlsport.group\/es\/contact\/\" \/>\n<meta property=\"og:site_name\" content=\"uhlsport GmbH: Teamsport-Ausr\u00fcstung f\u00fcr Fu\u00dfball und Handball\" \/>\n<meta property=\"article:modified_time\" content=\"2025-08-04T08:11:54+00:00\" \/>\n<meta name=\"twitter:card\" content=\"summary_large_image\" \/>\n<meta name=\"twitter:title\" content=\"Wir freuen uns auf Deine Nachricht. Dein Kontakt zur uhlsport GmbH\" \/>\n<meta name=\"twitter:description\" content=\"Kontaktformular ausf\u00fcllen, kurz warten - wir nehmen schnellstm\u00f6glich Kontakt zu Dir auf. Ob Distributor, H\u00e4ndler oder Endkunde: Wir helfen Dir gerne weiter.\" \/>\n<meta name=\"twitter:label1\" content=\"Tiempo de lectura\" \/>\n\t<meta name=\"twitter:data1\" content=\"1 minuto\" \/>\n<script type=\"application\/ld+json\" class=\"yoast-schema-graph\">{\"@context\":\"https:\/\/schema.org\",\"@graph\":[{\"@type\":\"WebPage\",\"@id\":\"https:\/\/uhlsport.group\/es\/contact\/\",\"url\":\"https:\/\/uhlsport.group\/es\/contact\/\",\"name\":\"Wir freuen uns auf Deine Nachricht. Dein Kontakt zur uhlsport GmbH\",\"isPartOf\":{\"@id\":\"https:\/\/uhlsport.group\/es\/#website\"},\"datePublished\":\"2019-09-12T14:22:46+00:00\",\"dateModified\":\"2025-08-04T08:11:54+00:00\",\"description\":\"Kontaktformular ausf\u00fcllen, kurz warten - wir nehmen schnellstm\u00f6glich Kontakt zu Dir auf. Ob Distributor, H\u00e4ndler oder Endkunde: Wir helfen Dir gerne weiter.\",\"breadcrumb\":{\"@id\":\"https:\/\/uhlsport.group\/es\/contact\/#breadcrumb\"},\"inLanguage\":\"es\",\"potentialAction\":[{\"@type\":\"ReadAction\",\"target\":[\"https:\/\/uhlsport.group\/es\/contact\/\"]}]},{\"@type\":\"BreadcrumbList\",\"@id\":\"https:\/\/uhlsport.group\/es\/contact\/#breadcrumb\",\"itemListElement\":[{\"@type\":\"ListItem\",\"position\":1,\"name\":\"Startseite\",\"item\":\"https:\/\/uhlsport.group\/es\/\"},{\"@type\":\"ListItem\",\"position\":2,\"name\":\"Kontakt\"}]},{\"@type\":\"WebSite\",\"@id\":\"https:\/\/uhlsport.group\/es\/#website\",\"url\":\"https:\/\/uhlsport.group\/es\/\",\"name\":\"uhlsport GmbH: Teamsport-Ausr\u00fcstung f\u00fcr Fu\u00dfball und Handball\",\"description\":\"Brave. Progressive. Trustworthy. uhlsport und Kempa \u2013 das ist die uhlsport GmbH, der Experte f\u00fcr Teamsport seit 1948.\",\"publisher\":{\"@id\":\"https:\/\/uhlsport.group\/es\/#organization\"},\"potentialAction\":[{\"@type\":\"SearchAction\",\"target\":{\"@type\":\"EntryPoint\",\"urlTemplate\":\"https:\/\/uhlsport.group\/es\/?s={search_term_string}\"},\"query-input\":{\"@type\":\"PropertyValueSpecification\",\"valueRequired\":true,\"valueName\":\"search_term_string\"}}],\"inLanguage\":\"es\"},{\"@type\":\"Organization\",\"@id\":\"https:\/\/uhlsport.group\/es\/#organization\",\"name\":\"uhlsport GmbH\",\"url\":\"https:\/\/uhlsport.group\/es\/\",\"logo\":{\"@type\":\"ImageObject\",\"inLanguage\":\"es\",\"@id\":\"https:\/\/uhlsport.group\/es\/#\/schema\/logo\/image\/\",\"url\":\"https:\/\/uhlsport.group\/wp-content\/uploads\/2019\/04\/Logo_uhlsport-Group.png\",\"contentUrl\":\"https:\/\/uhlsport.group\/wp-content\/uploads\/2019\/04\/Logo_uhlsport-Group.png\",\"width\":2151,\"height\":315,\"caption\":\"uhlsport GmbH\"},\"image\":{\"@id\":\"https:\/\/uhlsport.group\/es\/#\/schema\/logo\/image\/\"}}]}<\/script>\n<!-- \/ Yoast SEO plugin. -->","yoast_head_json":{"title":"Wir freuen uns auf Deine Nachricht. Dein Kontakt zur uhlsport GmbH","description":"Kontaktformular ausf\u00fcllen, kurz warten - wir nehmen schnellstm\u00f6glich Kontakt zu Dir auf. Ob Distributor, H\u00e4ndler oder Endkunde: Wir helfen Dir gerne weiter.","robots":{"index":"index","follow":"follow","max-snippet":"max-snippet:-1","max-image-preview":"max-image-preview:large","max-video-preview":"max-video-preview:-1"},"canonical":"https:\/\/uhlsport.group\/es\/contact\/","og_locale":"es_ES","og_type":"article","og_title":"Wir freuen uns auf Deine Nachricht. Dein Kontakt zur uhlsport GmbH","og_description":"Kontaktformular ausf\u00fcllen, kurz warten - wir nehmen schnellstm\u00f6glich Kontakt zu Dir auf. Ob Distributor, H\u00e4ndler oder Endkunde: Wir helfen Dir gerne weiter.","og_url":"https:\/\/uhlsport.group\/es\/contact\/","og_site_name":"uhlsport GmbH: Teamsport-Ausr\u00fcstung f\u00fcr Fu\u00dfball und Handball","article_modified_time":"2025-08-04T08:11:54+00:00","twitter_card":"summary_large_image","twitter_title":"Wir freuen uns auf Deine Nachricht. Dein Kontakt zur uhlsport GmbH","twitter_description":"Kontaktformular ausf\u00fcllen, kurz warten - wir nehmen schnellstm\u00f6glich Kontakt zu Dir auf. Ob Distributor, H\u00e4ndler oder Endkunde: Wir helfen Dir gerne weiter.","twitter_misc":{"Tiempo de lectura":"1 minuto"},"schema":{"@context":"https:\/\/schema.org","@graph":[{"@type":"WebPage","@id":"https:\/\/uhlsport.group\/es\/contact\/","url":"https:\/\/uhlsport.group\/es\/contact\/","name":"Wir freuen uns auf Deine Nachricht. Dein Kontakt zur uhlsport GmbH","isPartOf":{"@id":"https:\/\/uhlsport.group\/es\/#website"},"datePublished":"2019-09-12T14:22:46+00:00","dateModified":"2025-08-04T08:11:54+00:00","description":"Kontaktformular ausf\u00fcllen, kurz warten - wir nehmen schnellstm\u00f6glich Kontakt zu Dir auf. Ob Distributor, H\u00e4ndler oder Endkunde: Wir helfen Dir gerne weiter.","breadcrumb":{"@id":"https:\/\/uhlsport.group\/es\/contact\/#breadcrumb"},"inLanguage":"es","potentialAction":[{"@type":"ReadAction","target":["https:\/\/uhlsport.group\/es\/contact\/"]}]},{"@type":"BreadcrumbList","@id":"https:\/\/uhlsport.group\/es\/contact\/#breadcrumb","itemListElement":[{"@type":"ListItem","position":1,"name":"Startseite","item":"https:\/\/uhlsport.group\/es\/"},{"@type":"ListItem","position":2,"name":"Kontakt"}]},{"@type":"WebSite","@id":"https:\/\/uhlsport.group\/es\/#website","url":"https:\/\/uhlsport.group\/es\/","name":"uhlsport GmbH: Teamsport-Ausr\u00fcstung f\u00fcr Fu\u00dfball und Handball","description":"Brave. Progressive. Trustworthy. uhlsport und Kempa \u2013 das ist die uhlsport GmbH, der Experte f\u00fcr Teamsport seit 1948.","publisher":{"@id":"https:\/\/uhlsport.group\/es\/#organization"},"potentialAction":[{"@type":"SearchAction","target":{"@type":"EntryPoint","urlTemplate":"https:\/\/uhlsport.group\/es\/?s={search_term_string}"},"query-input":{"@type":"PropertyValueSpecification","valueRequired":true,"valueName":"search_term_string"}}],"inLanguage":"es"},{"@type":"Organization","@id":"https:\/\/uhlsport.group\/es\/#organization","name":"uhlsport GmbH","url":"https:\/\/uhlsport.group\/es\/","logo":{"@type":"ImageObject","inLanguage":"es","@id":"https:\/\/uhlsport.group\/es\/#\/schema\/logo\/image\/","url":"https:\/\/uhlsport.group\/wp-content\/uploads\/2019\/04\/Logo_uhlsport-Group.png","contentUrl":"https:\/\/uhlsport.group\/wp-content\/uploads\/2019\/04\/Logo_uhlsport-Group.png","width":2151,"height":315,"caption":"uhlsport GmbH"},"image":{"@id":"https:\/\/uhlsport.group\/es\/#\/schema\/logo\/image\/"}}]}},"_links":{"self":[{"href":"https:\/\/uhlsport.group\/es\/wp-json\/wp\/v2\/pages\/22776","targetHints":{"allow":["GET"]}}],"collection":[{"href":"https:\/\/uhlsport.group\/es\/wp-json\/wp\/v2\/pages"}],"about":[{"href":"https:\/\/uhlsport.group\/es\/wp-json\/wp\/v2\/types\/page"}],"author":[{"embeddable":true,"href":"https:\/\/uhlsport.group\/es\/wp-json\/wp\/v2\/users\/1"}],"replies":[{"embeddable":true,"href":"https:\/\/uhlsport.group\/es\/wp-json\/wp\/v2\/comments?post=22776"}],"version-history":[{"count":0,"href":"https:\/\/uhlsport.group\/es\/wp-json\/wp\/v2\/pages\/22776\/revisions"}],"wp:attachment":[{"href":"https:\/\/uhlsport.group\/es\/wp-json\/wp\/v2\/media?parent=22776"}],"curies":[{"name":"wp","href":"https:\/\/api.w.org\/{rel}","templated":true}]}}