{"id":22785,"date":"2019-09-16T10:49:37","date_gmt":"2019-09-16T08:49:37","guid":{"rendered":"https:\/\/uhlsport.group\/karriere\/"},"modified":"2023-10-19T17:26:54","modified_gmt":"2023-10-19T15:26:54","slug":"carrera","status":"publish","type":"page","link":"https:\/\/uhlsport.group\/es\/carrera\/","title":{"rendered":"Carrera"},"content":{"rendered":"<\/p>\n\n<style type=\"text\/css\" data-created_by=\"avia_inline_auto\" id=\"style-css-av-jmg16u8w-515576eff20dc5b8f0d658ae894e4b42\">\n.avia-section.av-jmg16u8w-515576eff20dc5b8f0d658ae894e4b42{\nbackground-repeat:no-repeat;\nbackground-image:url(https:\/\/uhlsport.group\/wp-content\/uploads\/2019\/09\/eingang.jpg);\nbackground-position:50% 100%;\nbackground-attachment:scroll;\n}\n<\/style>\n<div id='av_section_1'  class='avia-section av-jmg16u8w-515576eff20dc5b8f0d658ae894e4b42 main_color avia-section-no-padding avia-no-border-styling  avia-builder-el-0  el_before_av_hr  avia-builder-el-first  avia-full-stretch avia-bg-style-scroll av-minimum-height av-minimum-height-50 av-height-50  container_wrap fullsize'  data-section-bg-repeat='stretch' data-av_minimum_height_pc='50' data-av_min_height_opt='50'><div class='container av-section-cont-open' ><main  role=\"main\" itemprop=\"mainContentOfPage\"  class='template-page content  av-content-full alpha units'><div class='post-entry post-entry-type-page post-entry-22785'><div class='entry-content-wrapper clearfix'><\/div><\/div><\/main><!-- close content main element --><\/div><\/div><div id='after_section_1'  class='main_color av_default_container_wrap container_wrap fullsize'  ><div class='container av-section-cont-open' ><div class='template-page content  av-content-full alpha units'><div class='post-entry post-entry-type-page post-entry-22785'><div class='entry-content-wrapper clearfix'>\n\n<style type=\"text\/css\" data-created_by=\"avia_inline_auto\" id=\"style-css-av-jw7t35e5-012021c847a818caf6890972460d8540\">\n#top .hr.hr-invisible.av-jw7t35e5-012021c847a818caf6890972460d8540{\nheight:50px;\n}\n<\/style>\n<div  class='hr av-jw7t35e5-012021c847a818caf6890972460d8540 hr-invisible  avia-builder-el-1  el_after_av_section  el_before_av_textblock  avia-builder-el-first  av-small-hide av-mini-hide'><span class='hr-inner '><span class=\"hr-inner-style\"><\/span><\/span><\/div>\n<section  class='av_textblock_section av-jmly5lxs-d091084499f1c72437abbe6e52c01d66 '   itemscope=\"itemscope\" itemtype=\"https:\/\/schema.org\/CreativeWork\" ><div class='avia_textblock p-intro'  itemprop=\"text\" ><h1 style=\"text-align: left;\">Tu carrera en uhlsport group<\/h1>\n<\/div><\/section>\n<section  class='av_textblock_section av-jmly5lxs-cfc5002c9ff3298f8c44c4b9f518ad27 '   itemscope=\"itemscope\" itemtype=\"https:\/\/schema.org\/CreativeWork\" ><div class='avia_textblock'  itemprop=\"text\" ><p>Cada equipo tiene que trabajar regularmente en su plantilla, expandirla y mejorarla. Siempre buscamos personas comprometidas, creativas y motivadas. Ya sea un puesto permanente, un aprendizaje, unas pr\u00e1cticas o un trabajo de vacaciones, cada departamento y cada trabajo en uhlsport group es \u00fanico y diverso. La normalidad es rara en uhlsport y eso es algo bueno. Solo as\u00ed podemos satisfacer a todos y a todo. Lo principal es que actuamos como un equipo.<\/p>\n<\/div><\/section>\n\n<style type=\"text\/css\" data-created_by=\"avia_inline_auto\" id=\"style-css-av-k0l24cdy-d08d1bda09f8b8cf484e4c09294d508f\">\n#top .hr.hr-invisible.av-k0l24cdy-d08d1bda09f8b8cf484e4c09294d508f{\nheight:60px;\n}\n<\/style>\n<div  class='hr av-k0l24cdy-d08d1bda09f8b8cf484e4c09294d508f hr-invisible  avia-builder-el-4  el_after_av_textblock  el_before_av_section  avia-builder-el-last  av-medium-hide av-small-hide av-mini-hide'><span class='hr-inner '><span class=\"hr-inner-style\"><\/span><\/span><\/div>\n<\/div><\/div><\/div><!-- close content main div --><\/div><\/div><div id='av_section_2'  class='avia-section av-1u33jq-08dd303101634508dde232d6a91ef71c main_color avia-section-default avia-no-border-styling  avia-builder-el-5  el_after_av_hr  el_before_av_hr  avia-bg-style-scroll container_wrap fullsize'  ><div class='container av-section-cont-open' ><div class='template-page content  av-content-full alpha units'><div class='post-entry post-entry-type-page post-entry-22785'><div class='entry-content-wrapper clearfix'>\n\n<style type=\"text\/css\" data-created_by=\"avia_inline_auto\" id=\"style-css-av-4cek0m-22c65034376cca90971e671c2dd12084\">\n.flex_column.av-4cek0m-22c65034376cca90971e671c2dd12084{\nborder-radius:0px 0px 0px 0px;\npadding:0px 0px 0px 0px;\n}\n<\/style>\n<div  class='flex_column av-4cek0m-22c65034376cca90971e671c2dd12084 av_one_half  avia-builder-el-6  el_before_av_one_half  avia-builder-el-first  first no_margin flex_column_div av-zero-column-padding  '     ><p>\n<style type=\"text\/css\" data-created_by=\"avia_inline_auto\" id=\"style-css-av-k0l24cdy-3c5520e367c579c21b17ad367c84f088\">\n#top .hr.hr-invisible.av-k0l24cdy-3c5520e367c579c21b17ad367c84f088{\nheight:10px;\n}\n<\/style>\n<div  class='hr av-k0l24cdy-3c5520e367c579c21b17ad367c84f088 hr-invisible  avia-builder-el-7  el_before_av_toggle_container  avia-builder-el-first '><span class='hr-inner '><span class=\"hr-inner-style\"><\/span><\/span><\/div><br \/>\n<div  class='togglecontainer av-63qv2e-c57d24aa24d4187fa1f1f491faf3662f  avia-builder-el-8  el_after_av_hr  el_before_av_hr  toggle_close_all' >\n<section class='av_toggle_section av-l0c56nxx-09c13955121d68c671d5b2019058598c'  itemscope=\"itemscope\" itemtype=\"https:\/\/schema.org\/CreativeWork\" ><div role=\"tablist\" class=\"single_toggle\" data-tags=\"{Todo} \"  ><p id='toggle-toggle-id-1' data-fake-id='#toggle-id-1' class='toggler  av-title-above '  itemprop=\"headline\"  role='tab' tabindex='0' aria-controls='toggle-id-1' data-slide-speed=\"200\" data-title=\"Puestos de trabajo\" data-title-open=\"\" data-aria_collapsed=\"Click to expand: Puestos de trabajo\" data-aria_expanded=\"Click to collapse: Puestos de trabajo\">Puestos de trabajo<span class=\"toggle_icon\"><span class=\"vert_icon\"><\/span><span class=\"hor_icon\"><\/span><\/span><\/p><div id='toggle-id-1' aria-labelledby='toggle-toggle-id-1' role='region' class='toggle_wrap  av-title-above'  ><div class='toggle_content invers-color '  itemprop=\"text\" ><p>El grupo uhlsport es una empresa de \u00e1mbito mundial que cubre los deportes de equipo m\u00e1s importantes de Europa con sus marcas uhlsport y Kempa. Nuestro objetivo es conseguir los mejores resultados para nuestros clientes. Esta filosof\u00eda es evidente en todos nuestros departamentos: desarrollo de productos, compras, ventas nacionales, ventas internacionales, marketing, garant\u00eda de calidad, log\u00edstica, contabilidad e inform\u00e1tica.<\/p>\n<p>Quieres unirte al grupo uhlsport?<br \/>\nEnv\u00eda tu solicitud completa por correo electr\u00f3nico o correo postal a nuestro departamento de personal.<\/p>\n<p>uhlsport GmbH<br \/>\n&#8211; Personal \u2013<br \/>\nKlingenbachstra\u00dfe 3<br \/>\nD-72336 Balingen<\/p>\n<p><a href=\"mailto:info@uhlsport.de\" target=\"_blank\" rel=\"noopener noreferrer\">info@uhlsport.de<\/a><\/p>\n<\/div><\/div><\/div><\/section>\n<section class='av_toggle_section av-av_toggle-ecf891604f1927eddc064e499c2bcf01'  itemscope=\"itemscope\" itemtype=\"https:\/\/schema.org\/CreativeWork\" ><div role=\"tablist\" class=\"single_toggle\" data-tags=\"{Todo} \"  ><p id='toggle-toggle-id-2' data-fake-id='#toggle-id-2' class='toggler  av-title-above '  itemprop=\"headline\"  role='tab' tabindex='0' aria-controls='toggle-id-2' data-slide-speed=\"200\" data-title=\"Pr\u00e1cticas en Uhlsport\" data-title-open=\"\" data-aria_collapsed=\"Click to expand: Pr\u00e1cticas en Uhlsport\" data-aria_expanded=\"Click to collapse: Pr\u00e1cticas en Uhlsport\">Pr\u00e1cticas en Uhlsport<span class=\"toggle_icon\"><span class=\"vert_icon\"><\/span><span class=\"hor_icon\"><\/span><\/span><\/p><div id='toggle-id-2' aria-labelledby='toggle-toggle-id-2' role='region' class='toggle_wrap  av-title-above'  ><div class='toggle_content invers-color '  itemprop=\"text\" ><p>No solo hacemos hacer caf\u00e9. Nuestra m\u00e1xima es que los alumnos deben obtener una visi\u00f3n bien fundada y una impresi\u00f3n \u00fatil de la vida laboral cotidiana durante unas pr\u00e1cticas. Nuestros becarios est\u00e1n activamente involucrados en proyectos y completamente integrados en las tareas normales de trabajo en uhlsport.<\/p>\n<p>Quieres unirte al grupo uhlsport?<br \/>\nEnv\u00eda tu solicitud completa por correo electr\u00f3nico o correo postal a nuestro departamento de personal.<\/p>\n<p>uhlsport GmbH<br \/>\n&#8211; Personal \u2013<br \/>\nKlingenbachstra\u00dfe 3<br \/>\nD-72336 Balingen<\/p>\n<p><a href=\"mailto:info@uhlsport.de\" target=\"_blank\" rel=\"noopener noreferrer\">info@uhlsport.de<\/a><\/p>\n<\/div><\/div><\/div><\/section>\n<section class='av_toggle_section av-av_toggle-87864011f789a0d975f842bf33564f36'  itemscope=\"itemscope\" itemtype=\"https:\/\/schema.org\/CreativeWork\" ><div role=\"tablist\" class=\"single_toggle\" data-tags=\"{Todo} \"  ><p id='toggle-toggle-id-3' data-fake-id='#toggle-id-3' class='toggler  av-title-above '  itemprop=\"headline\"  role='tab' tabindex='0' aria-controls='toggle-id-3' data-slide-speed=\"200\" data-title=\"Completa tu t\u00e9sis en uhlsport\" data-title-open=\"\" data-aria_collapsed=\"Click to expand: Completa tu t\u00e9sis en uhlsport\" data-aria_expanded=\"Click to collapse: Completa tu t\u00e9sis en uhlsport\">Completa tu t\u00e9sis en uhlsport<span class=\"toggle_icon\"><span class=\"vert_icon\"><\/span><span class=\"hor_icon\"><\/span><\/span><\/p><div id='toggle-id-3' aria-labelledby='toggle-toggle-id-3' role='region' class='toggle_wrap  av-title-above'  ><div class='toggle_content invers-color '  itemprop=\"text\" ><p>Estamos encantados de ser de ayuda durante los \u00faltimos pasos hacia la graduaci\u00f3n.<br \/>\nPodemos brindar el soporte t\u00e9cnico necesario para la obtenci\u00f3n de tu diploma, licenciatura o tesis, un servicio que consideramos un proyecto de asociaci\u00f3n: puedes brindarnos la respuesta anal\u00edtica a una pregunta en particular, y te brindamos una experiencia profesional inicial y, con suerte, un trabajo para el futuro.<\/p>\n<p>Quieres unirte al grupo uhlsport?<br \/>\nEnv\u00eda tu solicitud completa por correo electr\u00f3nico o correo postal a nuestro departamento de personal.<\/p>\n<p>uhlsport GmbH<br \/>\n&#8211; Personal \u2013<br \/>\nKlingenbachstra\u00dfe 3<br \/>\nD-72336 Balingen<\/p>\n<p><a href=\"mailto:info@uhlsport.de\" target=\"_blank\" rel=\"noopener noreferrer\">info@uhlsport.de<\/a><\/p>\n<\/div><\/div><\/div><\/section>\n<\/div><br \/>\n\n<style type=\"text\/css\" data-created_by=\"avia_inline_auto\" id=\"style-css-av-k0l24cdy-4e0a96f9209dfeb571260f37d2d21b19\">\n#top .hr.hr-invisible.av-k0l24cdy-4e0a96f9209dfeb571260f37d2d21b19{\nheight:50px;\n}\n<\/style>\n<div  class='hr av-k0l24cdy-4e0a96f9209dfeb571260f37d2d21b19 hr-invisible  avia-builder-el-9  el_after_av_toggle_container  avia-builder-el-last '><span class='hr-inner '><span class=\"hr-inner-style\"><\/span><\/span><\/div><\/p><\/div>\n<style type=\"text\/css\" data-created_by=\"avia_inline_auto\" id=\"style-css-av-7c9ae-73a86c884cf00e51d9d74624a80fd148\">\n.flex_column.av-7c9ae-73a86c884cf00e51d9d74624a80fd148{\nborder-radius:0px 0px 0px 0px;\npadding:0px 0px 0px 0px;\n}\n<\/style>\n<div  class='flex_column av-7c9ae-73a86c884cf00e51d9d74624a80fd148 av_one_half  avia-builder-el-10  el_after_av_one_half  avia-builder-el-last  no_margin flex_column_div av-zero-column-padding  '     ><style type=\"text\/css\" data-created_by=\"avia_inline_auto\" id=\"style-css-av-k0oa6kcu-74dc3a0bb377d73681b9c63e9e29d431\">\n.avia-image-container.av-k0oa6kcu-74dc3a0bb377d73681b9c63e9e29d431 img.avia_image{\nbox-shadow:none;\n}\n.avia-image-container.av-k0oa6kcu-74dc3a0bb377d73681b9c63e9e29d431 .av-image-caption-overlay-center{\ncolor:#ffffff;\n}\n<\/style>\n<div  class='avia-image-container av-k0oa6kcu-74dc3a0bb377d73681b9c63e9e29d431 av-styling- avia-align-center  avia-builder-el-11  avia-builder-el-no-sibling '   itemprop=\"image\" itemscope=\"itemscope\" itemtype=\"https:\/\/schema.org\/ImageObject\" ><div class=\"avia-image-container-inner\"><div class=\"avia-image-overlay-wrap\"><img decoding=\"async\" fetchpriority=\"high\" class='wp-image-23159 avia-img-lazy-loading-not-23159 avia_image ' src=\"https:\/\/uhlsport.group\/wp-content\/uploads\/2020\/06\/Sponsoring_Gensheimer-2.jpg\" alt='Uwe Gensheimer' title=''  height=\"800\" width=\"1305\"  itemprop=\"thumbnailUrl\" srcset=\"https:\/\/uhlsport.group\/wp-content\/uploads\/2020\/06\/Sponsoring_Gensheimer-2.jpg 1305w, https:\/\/uhlsport.group\/wp-content\/uploads\/2020\/06\/Sponsoring_Gensheimer-2-300x184.jpg 300w, https:\/\/uhlsport.group\/wp-content\/uploads\/2020\/06\/Sponsoring_Gensheimer-2-1030x631.jpg 1030w, https:\/\/uhlsport.group\/wp-content\/uploads\/2020\/06\/Sponsoring_Gensheimer-2-768x471.jpg 768w, https:\/\/uhlsport.group\/wp-content\/uploads\/2020\/06\/Sponsoring_Gensheimer-2-705x432.jpg 705w, https:\/\/uhlsport.group\/wp-content\/uploads\/2020\/06\/Sponsoring_Gensheimer-2-500x307.jpg 500w\" sizes=\"(max-width: 1305px) 100vw, 1305px\" \/><\/div><\/div><\/div><\/div><\/div><\/div><\/div><!-- close content main div --><\/div><\/div><div id='after_section_2'  class='main_color av_default_container_wrap container_wrap fullsize'  ><div class='container av-section-cont-open' ><div class='template-page content  av-content-full alpha units'><div class='post-entry post-entry-type-page post-entry-22785'><div class='entry-content-wrapper clearfix'>\n<style type=\"text\/css\" data-created_by=\"avia_inline_auto\" id=\"style-css-av-k0l24cdy-8ef0c6026ab87546db8075c5a27cda11\">\n#top .hr.hr-invisible.av-k0l24cdy-8ef0c6026ab87546db8075c5a27cda11{\nheight:30px;\n}\n<\/style>\n<div  class='hr av-k0l24cdy-8ef0c6026ab87546db8075c5a27cda11 hr-invisible  avia-builder-el-12  el_after_av_section  el_before_av_textblock  avia-builder-el-first '><span class='hr-inner '><span class=\"hr-inner-style\"><\/span><\/span><\/div><\/p>\n<section  class='av_textblock_section av-jmly5lxs-cfc5002c9ff3298f8c44c4b9f518ad27 '   itemscope=\"itemscope\" itemtype=\"https:\/\/schema.org\/CreativeWork\" ><div class='avia_textblock'  itemprop=\"text\" ><p>\u00bfNada para ti? Siempre nos complace recibir solicitudes no solicitadas.<br \/>\nEnv\u00ede su solicitud por correo electr\u00f3nico a\u00a0<a href=\"mailto:personal@uhlsport.de\" target=\"_blank\" rel=\"noopener noreferrer\">personal@uhlsport.de<\/a>.<\/p>\n<\/div><\/section>\n\n<style type=\"text\/css\" data-created_by=\"avia_inline_auto\" id=\"style-css-av-k0l24cdy-6a34e719e9c02a86ab0de363755214b1\">\n#top .hr.hr-invisible.av-k0l24cdy-6a34e719e9c02a86ab0de363755214b1{\nheight:120px;\n}\n<\/style>\n<div  class='hr av-k0l24cdy-6a34e719e9c02a86ab0de363755214b1 hr-invisible  avia-builder-el-14  el_after_av_textblock  avia-builder-el-last  av-small-hide av-mini-hide'><span class='hr-inner '><span class=\"hr-inner-style\"><\/span><\/span><\/div>\n","protected":false},"excerpt":{"rendered":"","protected":false},"author":1,"featured_media":0,"parent":0,"menu_order":0,"comment_status":"closed","ping_status":"closed","template":"","meta":{"footnotes":""},"class_list":["post-22785","page","type-page","status-publish","hentry"],"yoast_head":"<!-- This site is optimized with the Yoast SEO plugin v27.2 - https:\/\/yoast.com\/product\/yoast-seo-wordpress\/ -->\n<title>Carrera bei der uhlsport GmbH. Werde jetzt Teil des Teams.<\/title>\n<meta name=\"description\" content=\"Jedes Team muss regelm\u00e4\u00dfig an seinem Kader arbeiten. Wir sind immer auf der Suche nach engagierten, kreativen &amp; motivierten K\u00f6pfen. Mach Karriere \u2013 mit uns.\" \/>\n<meta name=\"robots\" content=\"index, follow, max-snippet:-1, max-image-preview:large, max-video-preview:-1\" \/>\n<link rel=\"canonical\" href=\"https:\/\/uhlsport.group\/es\/carrera\/\" \/>\n<meta property=\"og:locale\" content=\"es_ES\" \/>\n<meta property=\"og:type\" content=\"article\" \/>\n<meta property=\"og:title\" content=\"Karriere bei der uhlsport GmbH. Werde jetzt Teil des Teams.\" \/>\n<meta property=\"og:description\" content=\"Jedes Team muss regelm\u00e4\u00dfig an seinem Kader arbeiten. Wir sind immer auf der Suche nach engagierten, kreativen &amp; motivierten K\u00f6pfen. Mach Karriere \u2013 mit uns.\" \/>\n<meta property=\"og:url\" content=\"https:\/\/uhlsport.group\/es\/carrera\/\" \/>\n<meta property=\"og:site_name\" content=\"uhlsport GmbH: Teamsport-Ausr\u00fcstung f\u00fcr Fu\u00dfball und Handball\" \/>\n<meta property=\"article:modified_time\" content=\"2023-10-19T15:26:54+00:00\" \/>\n<meta name=\"twitter:card\" content=\"summary_large_image\" \/>\n<meta name=\"twitter:title\" content=\"Karriere bei der uhlsport GmbH. Werde jetzt Teil des Teams.\" \/>\n<meta name=\"twitter:description\" content=\"Jedes Team muss regelm\u00e4\u00dfig an seinem Kader arbeiten. Wir sind immer auf der Suche nach engagierten, kreativen &amp; motivierten K\u00f6pfen. Mach Karriere \u2013 mit uns.\" \/>\n<meta name=\"twitter:label1\" content=\"Tiempo de lectura\" \/>\n\t<meta name=\"twitter:data1\" content=\"4 minutos\" \/>\n<script type=\"application\/ld+json\" class=\"yoast-schema-graph\">{\"@context\":\"https:\/\/schema.org\",\"@graph\":[{\"@type\":\"WebPage\",\"@id\":\"https:\/\/uhlsport.group\/es\/carrera\/\",\"url\":\"https:\/\/uhlsport.group\/es\/carrera\/\",\"name\":\"Carrera bei der uhlsport GmbH. Werde jetzt Teil des Teams.\",\"isPartOf\":{\"@id\":\"https:\/\/uhlsport.group\/es\/#website\"},\"datePublished\":\"2019-09-16T08:49:37+00:00\",\"dateModified\":\"2023-10-19T15:26:54+00:00\",\"description\":\"Jedes Team muss regelm\u00e4\u00dfig an seinem Kader arbeiten. Wir sind immer auf der Suche nach engagierten, kreativen & motivierten K\u00f6pfen. Mach Karriere \u2013 mit uns.\",\"breadcrumb\":{\"@id\":\"https:\/\/uhlsport.group\/es\/carrera\/#breadcrumb\"},\"inLanguage\":\"es\",\"potentialAction\":[{\"@type\":\"ReadAction\",\"target\":[\"https:\/\/uhlsport.group\/es\/carrera\/\"]}]},{\"@type\":\"BreadcrumbList\",\"@id\":\"https:\/\/uhlsport.group\/es\/carrera\/#breadcrumb\",\"itemListElement\":[{\"@type\":\"ListItem\",\"position\":1,\"name\":\"Startseite\",\"item\":\"https:\/\/uhlsport.group\/es\/\"},{\"@type\":\"ListItem\",\"position\":2,\"name\":\"Carrera\"}]},{\"@type\":\"WebSite\",\"@id\":\"https:\/\/uhlsport.group\/es\/#website\",\"url\":\"https:\/\/uhlsport.group\/es\/\",\"name\":\"uhlsport GmbH: Teamsport-Ausr\u00fcstung f\u00fcr Fu\u00dfball und Handball\",\"description\":\"Brave. Progressive. Trustworthy. uhlsport und Kempa \u2013 das ist die uhlsport GmbH, der Experte f\u00fcr Teamsport seit 1948.\",\"publisher\":{\"@id\":\"https:\/\/uhlsport.group\/es\/#organization\"},\"potentialAction\":[{\"@type\":\"SearchAction\",\"target\":{\"@type\":\"EntryPoint\",\"urlTemplate\":\"https:\/\/uhlsport.group\/es\/?s={search_term_string}\"},\"query-input\":{\"@type\":\"PropertyValueSpecification\",\"valueRequired\":true,\"valueName\":\"search_term_string\"}}],\"inLanguage\":\"es\"},{\"@type\":\"Organization\",\"@id\":\"https:\/\/uhlsport.group\/es\/#organization\",\"name\":\"uhlsport GmbH\",\"url\":\"https:\/\/uhlsport.group\/es\/\",\"logo\":{\"@type\":\"ImageObject\",\"inLanguage\":\"es\",\"@id\":\"https:\/\/uhlsport.group\/es\/#\/schema\/logo\/image\/\",\"url\":\"https:\/\/uhlsport.group\/wp-content\/uploads\/2019\/04\/Logo_uhlsport-Group.png\",\"contentUrl\":\"https:\/\/uhlsport.group\/wp-content\/uploads\/2019\/04\/Logo_uhlsport-Group.png\",\"width\":2151,\"height\":315,\"caption\":\"uhlsport GmbH\"},\"image\":{\"@id\":\"https:\/\/uhlsport.group\/es\/#\/schema\/logo\/image\/\"}}]}<\/script>\n<!-- \/ Yoast SEO plugin. -->","yoast_head_json":{"title":"Carrera bei der uhlsport GmbH. Werde jetzt Teil des Teams.","description":"Jedes Team muss regelm\u00e4\u00dfig an seinem Kader arbeiten. Wir sind immer auf der Suche nach engagierten, kreativen & motivierten K\u00f6pfen. Mach Karriere \u2013 mit uns.","robots":{"index":"index","follow":"follow","max-snippet":"max-snippet:-1","max-image-preview":"max-image-preview:large","max-video-preview":"max-video-preview:-1"},"canonical":"https:\/\/uhlsport.group\/es\/carrera\/","og_locale":"es_ES","og_type":"article","og_title":"Karriere bei der uhlsport GmbH. Werde jetzt Teil des Teams.","og_description":"Jedes Team muss regelm\u00e4\u00dfig an seinem Kader arbeiten. Wir sind immer auf der Suche nach engagierten, kreativen & motivierten K\u00f6pfen. Mach Karriere \u2013 mit uns.","og_url":"https:\/\/uhlsport.group\/es\/carrera\/","og_site_name":"uhlsport GmbH: Teamsport-Ausr\u00fcstung f\u00fcr Fu\u00dfball und Handball","article_modified_time":"2023-10-19T15:26:54+00:00","twitter_card":"summary_large_image","twitter_title":"Karriere bei der uhlsport GmbH. Werde jetzt Teil des Teams.","twitter_description":"Jedes Team muss regelm\u00e4\u00dfig an seinem Kader arbeiten. Wir sind immer auf der Suche nach engagierten, kreativen & motivierten K\u00f6pfen. Mach Karriere \u2013 mit uns.","twitter_misc":{"Tiempo de lectura":"4 minutos"},"schema":{"@context":"https:\/\/schema.org","@graph":[{"@type":"WebPage","@id":"https:\/\/uhlsport.group\/es\/carrera\/","url":"https:\/\/uhlsport.group\/es\/carrera\/","name":"Carrera bei der uhlsport GmbH. Werde jetzt Teil des Teams.","isPartOf":{"@id":"https:\/\/uhlsport.group\/es\/#website"},"datePublished":"2019-09-16T08:49:37+00:00","dateModified":"2023-10-19T15:26:54+00:00","description":"Jedes Team muss regelm\u00e4\u00dfig an seinem Kader arbeiten. Wir sind immer auf der Suche nach engagierten, kreativen & motivierten K\u00f6pfen. Mach Karriere \u2013 mit uns.","breadcrumb":{"@id":"https:\/\/uhlsport.group\/es\/carrera\/#breadcrumb"},"inLanguage":"es","potentialAction":[{"@type":"ReadAction","target":["https:\/\/uhlsport.group\/es\/carrera\/"]}]},{"@type":"BreadcrumbList","@id":"https:\/\/uhlsport.group\/es\/carrera\/#breadcrumb","itemListElement":[{"@type":"ListItem","position":1,"name":"Startseite","item":"https:\/\/uhlsport.group\/es\/"},{"@type":"ListItem","position":2,"name":"Carrera"}]},{"@type":"WebSite","@id":"https:\/\/uhlsport.group\/es\/#website","url":"https:\/\/uhlsport.group\/es\/","name":"uhlsport GmbH: Teamsport-Ausr\u00fcstung f\u00fcr Fu\u00dfball und Handball","description":"Brave. Progressive. Trustworthy. uhlsport und Kempa \u2013 das ist die uhlsport GmbH, der Experte f\u00fcr Teamsport seit 1948.","publisher":{"@id":"https:\/\/uhlsport.group\/es\/#organization"},"potentialAction":[{"@type":"SearchAction","target":{"@type":"EntryPoint","urlTemplate":"https:\/\/uhlsport.group\/es\/?s={search_term_string}"},"query-input":{"@type":"PropertyValueSpecification","valueRequired":true,"valueName":"search_term_string"}}],"inLanguage":"es"},{"@type":"Organization","@id":"https:\/\/uhlsport.group\/es\/#organization","name":"uhlsport GmbH","url":"https:\/\/uhlsport.group\/es\/","logo":{"@type":"ImageObject","inLanguage":"es","@id":"https:\/\/uhlsport.group\/es\/#\/schema\/logo\/image\/","url":"https:\/\/uhlsport.group\/wp-content\/uploads\/2019\/04\/Logo_uhlsport-Group.png","contentUrl":"https:\/\/uhlsport.group\/wp-content\/uploads\/2019\/04\/Logo_uhlsport-Group.png","width":2151,"height":315,"caption":"uhlsport GmbH"},"image":{"@id":"https:\/\/uhlsport.group\/es\/#\/schema\/logo\/image\/"}}]}},"_links":{"self":[{"href":"https:\/\/uhlsport.group\/es\/wp-json\/wp\/v2\/pages\/22785","targetHints":{"allow":["GET"]}}],"collection":[{"href":"https:\/\/uhlsport.group\/es\/wp-json\/wp\/v2\/pages"}],"about":[{"href":"https:\/\/uhlsport.group\/es\/wp-json\/wp\/v2\/types\/page"}],"author":[{"embeddable":true,"href":"https:\/\/uhlsport.group\/es\/wp-json\/wp\/v2\/users\/1"}],"replies":[{"embeddable":true,"href":"https:\/\/uhlsport.group\/es\/wp-json\/wp\/v2\/comments?post=22785"}],"version-history":[{"count":0,"href":"https:\/\/uhlsport.group\/es\/wp-json\/wp\/v2\/pages\/22785\/revisions"}],"wp:attachment":[{"href":"https:\/\/uhlsport.group\/es\/wp-json\/wp\/v2\/media?parent=22785"}],"curies":[{"name":"wp","href":"https:\/\/api.w.org\/{rel}","templated":true}]}}