{"id":22787,"date":"2019-09-16T10:00:51","date_gmt":"2019-09-16T08:00:51","guid":{"rendered":"https:\/\/uhlsport.group\/marke-kempa\/"},"modified":"2022-11-08T11:43:04","modified_gmt":"2022-11-08T10:43:04","slug":"marca-kempa","status":"publish","type":"page","link":"https:\/\/uhlsport.group\/es\/marca-kempa\/","title":{"rendered":"Marca Kempa"},"content":{"rendered":"\n<style type=\"text\/css\" data-created_by=\"avia_inline_auto\" id=\"style-css-av-k0o2db10-4ff1e248ecf9f268f186966c8d756442\">\n.avia-image-container.av-k0o2db10-4ff1e248ecf9f268f186966c8d756442 img.avia_image{\nbox-shadow:none;\n}\n.avia-image-container.av-k0o2db10-4ff1e248ecf9f268f186966c8d756442 .av-image-caption-overlay-center{\ncolor:#ffffff;\n}\n<\/style>\n<div  class='avia-image-container av-k0o2db10-4ff1e248ecf9f268f186966c8d756442 av-styling- avia-align-center  avia-builder-el-0  el_before_av_section  avia-builder-el-no-sibling '   itemprop=\"image\" itemscope=\"itemscope\" itemtype=\"https:\/\/schema.org\/ImageObject\" ><div class=\"avia-image-container-inner\"><div class=\"avia-image-overlay-wrap\"><img decoding=\"async\" fetchpriority=\"high\" class='wp-image- avia-img-lazy-loading-not- avia_image ' src=\"https:\/\/uhlsport.group\/wp-content\/uploads\/2019\/09\/logo-kempa-1.png\" alt='' title=''   itemprop=\"thumbnailUrl\"  \/><\/div><\/div><\/div>\n<\/div><\/div><\/div><!-- close content main div --><\/div><\/div><div id='av_section_1'  class='avia-section av-39oqj1-3c3fc5fa8f73c5fade9e4697b7904b5a main_color avia-section-default avia-no-border-styling  avia-builder-el-1  el_after_av_image  el_before_av_textblock  avia-bg-style-scroll container_wrap fullsize'  ><div class='container av-section-cont-open' ><div class='template-page content  av-content-full alpha units'><div class='post-entry post-entry-type-page post-entry-22787'><div class='entry-content-wrapper clearfix'>\n\n<style type=\"text\/css\" data-created_by=\"avia_inline_auto\" id=\"style-css-av-k0o2db10-82b95841c619efeb511d74139743b0b2\">\n.avia-image-container.av-k0o2db10-82b95841c619efeb511d74139743b0b2 img.avia_image{\nbox-shadow:none;\n}\n.avia-image-container.av-k0o2db10-82b95841c619efeb511d74139743b0b2 .av-image-caption-overlay-center{\ncolor:#ffffff;\n}\n<\/style>\n<div  class='avia-image-container av-k0o2db10-82b95841c619efeb511d74139743b0b2 av-styling- avia-align-center  avia-builder-el-2  avia-builder-el-no-sibling '   itemprop=\"image\" itemscope=\"itemscope\" itemtype=\"https:\/\/schema.org\/ImageObject\" ><div class=\"avia-image-container-inner\"><div class=\"avia-image-overlay-wrap\"><img decoding=\"async\" fetchpriority=\"high\" class='wp-image-25642 avia-img-lazy-loading-not-25642 avia_image ' src=\"https:\/\/uhlsport.group\/wp-content\/uploads\/2022\/06\/Kempa_image_uhlsport_gmbH.jpg\" alt='Xenia Smits und Uwe Gensheimer' title=''  height=\"819\" width=\"1920\"  itemprop=\"thumbnailUrl\" srcset=\"https:\/\/uhlsport.group\/wp-content\/uploads\/2022\/06\/Kempa_image_uhlsport_gmbH.jpg 1920w, https:\/\/uhlsport.group\/wp-content\/uploads\/2022\/06\/Kempa_image_uhlsport_gmbH-300x128.jpg 300w, https:\/\/uhlsport.group\/wp-content\/uploads\/2022\/06\/Kempa_image_uhlsport_gmbH-1030x439.jpg 1030w, https:\/\/uhlsport.group\/wp-content\/uploads\/2022\/06\/Kempa_image_uhlsport_gmbH-768x328.jpg 768w, https:\/\/uhlsport.group\/wp-content\/uploads\/2022\/06\/Kempa_image_uhlsport_gmbH-1536x655.jpg 1536w, https:\/\/uhlsport.group\/wp-content\/uploads\/2022\/06\/Kempa_image_uhlsport_gmbH-1500x640.jpg 1500w, https:\/\/uhlsport.group\/wp-content\/uploads\/2022\/06\/Kempa_image_uhlsport_gmbH-705x301.jpg 705w, https:\/\/uhlsport.group\/wp-content\/uploads\/2022\/06\/Kempa_image_uhlsport_gmbH-500x213.jpg 500w\" sizes=\"(max-width: 1920px) 100vw, 1920px\" \/><\/div><\/div><\/div>\n<\/div><\/div><\/div><!-- close content main div --><\/div><\/div><div id='after_section_1'  class='main_color av_default_container_wrap container_wrap fullsize'  ><div class='container av-section-cont-open' ><div class='template-page content  av-content-full alpha units'><div class='post-entry post-entry-type-page post-entry-22787'><div class='entry-content-wrapper clearfix'>\n<section  class='av_textblock_section av-jmly5lxs-d091084499f1c72437abbe6e52c01d66 '   itemscope=\"itemscope\" itemtype=\"https:\/\/schema.org\/CreativeWork\" ><div class='avia_textblock p-intro'  itemprop=\"text\" ><h1>Joven. Llamativo. Progresista.<\/h1>\n<\/div><\/section>\n<section  class='av_textblock_section av-jmly5lxs-ddbf7f64384e537e1a82218e80058934 '   itemscope=\"itemscope\" itemtype=\"https:\/\/schema.org\/CreativeWork\" ><div class='avia_textblock'  itemprop=\"text\" ><p>Kempa significa balonmano. Como movimiento y como marca. El deporte se caracteriza por la agilidad, el poder, las emociones y los momentos de piel de gallina. Defendemos exactamente esos momentos: en balonmano, en deportes de equipo. Siempre con un objetivo claro en mente: mejorar y ganar, porque luchamos por el triunfo.<\/p>\n<p>Kempa existe desde 2002, pero hemos sido famosos durante mucho m\u00e1s tiempo. Casi 50 a\u00f1os antes de la fundaci\u00f3n de la marca, el 24 de marzo de 1954, el legendario truco Kempa celebr\u00f3 su estreno mundial. Inventado, desarrollado y ejecutado por el dos veces campe\u00f3n mundial de balonmano Bernhard Kempa. La marca lleva su nombre y otro homenaje al genio del balonmano.<\/p>\n<p>S\u00f3lo en unos pocos deportes las camisetas de juego se desgarran tanto como en el balonmano, en ning\u00fan lugar las zapatillas tienen que ser tan precisas para los diferentes tipos de jugadores. Estos factores deben tenerse en cuenta para elevar la calidad del producto a un nuevo nivel. Por lo tanto, analizamos lo que necesitan los atletas, incorporamos la retroalimentaci\u00f3n directa en el proceso de desarrollo y, por lo tanto, ofrecemos una gama completa: desde calzado, cera, balones y camisetas hasta bolsas de deporte. T\u00e9cnicamente somos progresistas, visualmente establecemos acentos, mantenemos un ojo en las tendencias culturales y, a veces, explotamos.<\/p>\n<p>Kempa ha equipado a varios equipos nacionales de balonmano, proporciona equipamiento para numerosos clubes nacionales e internacionales y patrocina estrellas del balonmano como Uwe Gensheimer, Jannik Kohlbacher y Xenia Smits. Cooperamos estrechamente con especialistas como el fabricante de neum\u00e1ticos de fama mundial Michelin y el profesional textil Matryx. Integramos su experiencia en nuestros productos finales y los hacemos a\u00fan mejores.<\/p>\n<p>Hasta la fecha, el enfoque de la marca ha estado en el balonmano, pero la cartera ha crecido para incluir otros deportes de equipo. Lucha y volley, esgrima y hockey, volley playa y bolos: Kempa es un deporte de equipo. Y cada deporte, cada atleta, cada producto espec\u00edfico tiene diferentes requisitos. Kempa se encuentra con todos ellos.<i><\/i><\/p>\n<p><a class=\"normal-link\" href=\"https:\/\/blog.kempa-sports.com\/\" target=\"_blank\" rel=\"noopener noreferrer\">KempaStage<\/a><\/p>\n<p><a href=\"https:\/\/kempa-sports.com\/\" target=\"_blank\" rel=\"noopener noreferrer\">Shop<\/a><\/p>\n<div><a href=\"https:\/\/www.instagram.com\/kempa_de\/\" target=\"_blank\" rel=\"noopener noreferrer\"><img decoding=\"async\" class=\"alignnone size-full wp-image-8220\" src=\"https:\/\/uhlsport.group\/wp-content\/uploads\/2019\/05\/icon-sm-instagram.png\" alt=\"\" width=\"30\" \/><\/a>\u00a0 <a href=\"https:\/\/www.facebook.com\/kempa.de\/\" target=\"_blank\" rel=\"noopener noreferrer\"><img decoding=\"async\" class=\"alignnone size-full wp-image-8226\" src=\"https:\/\/uhlsport.group\/wp-content\/uploads\/2019\/05\/icon-sm-facebook.png\" alt=\"\" width=\"30\" \/><\/a> \u00a0 <a href=\"https:\/\/www.youtube.com\/user\/kempaTV\" target=\"_blank\" rel=\"noopener noreferrer\"><img decoding=\"async\" class=\"alignnone size-full wp-image-8224\" src=\"https:\/\/uhlsport.group\/wp-content\/uploads\/2019\/05\/icon-sm-youtube.png\" alt=\"\" width=\"30\" \/><\/a><\/div>\n<\/div><\/section>\n\n<style type=\"text\/css\" data-created_by=\"avia_inline_auto\" id=\"style-css-av-k0l24cdy-424522bdfea9af990825223ad8cd52a3\">\n#top .hr.hr-invisible.av-k0l24cdy-424522bdfea9af990825223ad8cd52a3{\nheight:60px;\n}\n<\/style>\n<div  class='hr av-k0l24cdy-424522bdfea9af990825223ad8cd52a3 hr-invisible  avia-builder-el-5  el_after_av_textblock  el_before_av_section  avia-builder-el-last '><span class='hr-inner '><span class=\"hr-inner-style\"><\/span><\/span><\/div>\n<\/div><\/div><\/div><!-- close content main div --><\/div><\/div>\n<style type=\"text\/css\" data-created_by=\"avia_inline_auto\" id=\"style-css-av-k0lf8gfs-9a49b181b6ab9996fa92a1bcc17e6ee5\">\n.avia-section.av-k0lf8gfs-9a49b181b6ab9996fa92a1bcc17e6ee5{\nbackground-repeat:no-repeat;\nbackground-image:url(https:\/\/uhlsport.group\/wp-content\/uploads\/2019\/09\/karriere-bg.jpg);\nbackground-position:50% 0%;\nbackground-attachment:scroll;\n}\n<\/style>\n<div id='av_section_2'  class='avia-section av-k0lf8gfs-9a49b181b6ab9996fa92a1bcc17e6ee5 main_color avia-section-default avia-no-border-styling  avia-builder-el-6  el_after_av_hr  avia-builder-el-last  avia-full-stretch avia-bg-style-scroll av-minimum-height av-minimum-height-75 av-height-75  container_wrap fullsize'  data-section-bg-repeat='stretch' data-av_minimum_height_pc='75' data-av_min_height_opt='75'><div class='container av-section-cont-open' ><div class='template-page content  av-content-full alpha units'><div class='post-entry post-entry-type-page post-entry-22787'><div class='entry-content-wrapper clearfix'>\n\n<style type=\"text\/css\" data-created_by=\"avia_inline_auto\" id=\"style-css-av-2gw390-33c29d0686c55647d244198362e6691e\">\n.flex_column.av-2gw390-33c29d0686c55647d244198362e6691e{\nborder-radius:0px 0px 0px 0px;\npadding:120px 40px 120px 40px;\nbackground-color:#ffffff;\n}\n<\/style>\n<div  class='flex_column av-2gw390-33c29d0686c55647d244198362e6691e av_one_full  avia-builder-el-7  avia-builder-el-no-sibling  first flex_column_div  '     ><section  class='av_textblock_section av-jmly5lxs-d091084499f1c72437abbe6e52c01d66 '   itemscope=\"itemscope\" itemtype=\"https:\/\/schema.org\/CreativeWork\" ><div class='avia_textblock p-intro'  itemprop=\"text\" ><h2 style=\"text-align: left;\">Tu carrera en uhlsport group<\/h2>\n<\/div><\/section><br \/>\n<section  class='av_textblock_section av-jmly5lxs-cfc5002c9ff3298f8c44c4b9f518ad27 '   itemscope=\"itemscope\" itemtype=\"https:\/\/schema.org\/CreativeWork\" ><div class='avia_textblock'  itemprop=\"text\" ><p>Cada equipo tiene que trabajar regularmente en su equipo, expandirlo y mejorarlo. Siempre buscamos personas comprometidas, creativas y motivadas.<\/p>\n<p><a href=\"https:\/\/uhlsport.group\/es\/carrera\/\">ofertas de trabajo<\/a><\/p>\n<\/div><\/section><\/p><\/div>\n\n","protected":false},"excerpt":{"rendered":"","protected":false},"author":1,"featured_media":0,"parent":0,"menu_order":0,"comment_status":"closed","ping_status":"closed","template":"","meta":{"footnotes":""},"class_list":["post-22787","page","type-page","status-publish","hentry"],"yoast_head":"<!-- This site is optimized with the Yoast SEO plugin v27.2 - https:\/\/yoast.com\/product\/yoast-seo-wordpress\/ -->\n<title>Die Marca Kempa . Young. Loud. Progressive. Wir sind Siegesj\u00e4ger.<\/title>\n<meta name=\"description\" content=\"Kempa steht f\u00fcr Emotionen und sportliche Erfolge. Kempa steht f\u00fcr Profi-Handball &amp; andere Hallen-Teamsportarten wie kein anderer Teamsport-Ausr\u00fcster.\" \/>\n<meta name=\"robots\" content=\"index, follow, max-snippet:-1, max-image-preview:large, max-video-preview:-1\" \/>\n<link rel=\"canonical\" href=\"https:\/\/uhlsport.group\/es\/marca-kempa\/\" \/>\n<meta property=\"og:locale\" content=\"es_ES\" \/>\n<meta property=\"og:type\" content=\"article\" \/>\n<meta property=\"og:title\" content=\"Die Marke Kempa. Young. Loud. Progressive. Wir sind Siegesj\u00e4ger.\" \/>\n<meta property=\"og:description\" content=\"Kempa steht f\u00fcr Emotionen und sportliche Erfolge. Kempa steht f\u00fcr Profi-Handball &amp; andere Hallen-Teamsportarten wie kein anderer Teamsport-Ausr\u00fcster.\" \/>\n<meta property=\"og:url\" content=\"https:\/\/uhlsport.group\/es\/marca-kempa\/\" \/>\n<meta property=\"og:site_name\" content=\"uhlsport GmbH: Teamsport-Ausr\u00fcstung f\u00fcr Fu\u00dfball und Handball\" \/>\n<meta property=\"article:modified_time\" content=\"2022-11-08T10:43:04+00:00\" \/>\n<meta property=\"og:image\" content=\"https:\/\/uhlsport.group\/wp-content\/uploads\/2019\/05\/icon-sm-instagram.png\" \/>\n<meta name=\"twitter:card\" content=\"summary_large_image\" \/>\n<meta name=\"twitter:title\" content=\"Die Marke Kempa. Young. Loud. Progressive. Wir sind Siegesj\u00e4ger.\" \/>\n<meta name=\"twitter:description\" content=\"Kempa steht f\u00fcr Emotionen und sportliche Erfolge. Kempa steht f\u00fcr Profi-Handball &amp; andere Hallen-Teamsportarten wie kein anderer Teamsport-Ausr\u00fcster.\" \/>\n<meta name=\"twitter:label1\" content=\"Tiempo de lectura\" \/>\n\t<meta name=\"twitter:data1\" content=\"5 minutos\" \/>\n<script type=\"application\/ld+json\" class=\"yoast-schema-graph\">{\"@context\":\"https:\/\/schema.org\",\"@graph\":[{\"@type\":\"WebPage\",\"@id\":\"https:\/\/uhlsport.group\/es\/marca-kempa\/\",\"url\":\"https:\/\/uhlsport.group\/es\/marca-kempa\/\",\"name\":\"Die Marca Kempa . Young. Loud. Progressive. Wir sind Siegesj\u00e4ger.\",\"isPartOf\":{\"@id\":\"https:\/\/uhlsport.group\/es\/#website\"},\"primaryImageOfPage\":{\"@id\":\"https:\/\/uhlsport.group\/es\/marca-kempa\/#primaryimage\"},\"image\":{\"@id\":\"https:\/\/uhlsport.group\/es\/marca-kempa\/#primaryimage\"},\"thumbnailUrl\":\"https:\/\/uhlsport.group\/wp-content\/uploads\/2019\/05\/icon-sm-instagram.png\",\"datePublished\":\"2019-09-16T08:00:51+00:00\",\"dateModified\":\"2022-11-08T10:43:04+00:00\",\"description\":\"Kempa steht f\u00fcr Emotionen und sportliche Erfolge. Kempa steht f\u00fcr Profi-Handball & andere Hallen-Teamsportarten wie kein anderer Teamsport-Ausr\u00fcster.\",\"breadcrumb\":{\"@id\":\"https:\/\/uhlsport.group\/es\/marca-kempa\/#breadcrumb\"},\"inLanguage\":\"es\",\"potentialAction\":[{\"@type\":\"ReadAction\",\"target\":[\"https:\/\/uhlsport.group\/es\/marca-kempa\/\"]}]},{\"@type\":\"ImageObject\",\"inLanguage\":\"es\",\"@id\":\"https:\/\/uhlsport.group\/es\/marca-kempa\/#primaryimage\",\"url\":\"https:\/\/uhlsport.group\/wp-content\/uploads\/2019\/05\/icon-sm-instagram.png\",\"contentUrl\":\"https:\/\/uhlsport.group\/wp-content\/uploads\/2019\/05\/icon-sm-instagram.png\"},{\"@type\":\"BreadcrumbList\",\"@id\":\"https:\/\/uhlsport.group\/es\/marca-kempa\/#breadcrumb\",\"itemListElement\":[{\"@type\":\"ListItem\",\"position\":1,\"name\":\"Startseite\",\"item\":\"https:\/\/uhlsport.group\/es\/\"},{\"@type\":\"ListItem\",\"position\":2,\"name\":\"Marca Kempa\"}]},{\"@type\":\"WebSite\",\"@id\":\"https:\/\/uhlsport.group\/es\/#website\",\"url\":\"https:\/\/uhlsport.group\/es\/\",\"name\":\"uhlsport GmbH: Teamsport-Ausr\u00fcstung f\u00fcr Fu\u00dfball und Handball\",\"description\":\"Brave. Progressive. Trustworthy. uhlsport und Kempa \u2013 das ist die uhlsport GmbH, der Experte f\u00fcr Teamsport seit 1948.\",\"publisher\":{\"@id\":\"https:\/\/uhlsport.group\/es\/#organization\"},\"potentialAction\":[{\"@type\":\"SearchAction\",\"target\":{\"@type\":\"EntryPoint\",\"urlTemplate\":\"https:\/\/uhlsport.group\/es\/?s={search_term_string}\"},\"query-input\":{\"@type\":\"PropertyValueSpecification\",\"valueRequired\":true,\"valueName\":\"search_term_string\"}}],\"inLanguage\":\"es\"},{\"@type\":\"Organization\",\"@id\":\"https:\/\/uhlsport.group\/es\/#organization\",\"name\":\"uhlsport GmbH\",\"url\":\"https:\/\/uhlsport.group\/es\/\",\"logo\":{\"@type\":\"ImageObject\",\"inLanguage\":\"es\",\"@id\":\"https:\/\/uhlsport.group\/es\/#\/schema\/logo\/image\/\",\"url\":\"https:\/\/uhlsport.group\/wp-content\/uploads\/2019\/04\/Logo_uhlsport-Group.png\",\"contentUrl\":\"https:\/\/uhlsport.group\/wp-content\/uploads\/2019\/04\/Logo_uhlsport-Group.png\",\"width\":2151,\"height\":315,\"caption\":\"uhlsport GmbH\"},\"image\":{\"@id\":\"https:\/\/uhlsport.group\/es\/#\/schema\/logo\/image\/\"}}]}<\/script>\n<!-- \/ Yoast SEO plugin. -->","yoast_head_json":{"title":"Die Marca Kempa . Young. Loud. Progressive. Wir sind Siegesj\u00e4ger.","description":"Kempa steht f\u00fcr Emotionen und sportliche Erfolge. Kempa steht f\u00fcr Profi-Handball & andere Hallen-Teamsportarten wie kein anderer Teamsport-Ausr\u00fcster.","robots":{"index":"index","follow":"follow","max-snippet":"max-snippet:-1","max-image-preview":"max-image-preview:large","max-video-preview":"max-video-preview:-1"},"canonical":"https:\/\/uhlsport.group\/es\/marca-kempa\/","og_locale":"es_ES","og_type":"article","og_title":"Die Marke Kempa. Young. Loud. Progressive. Wir sind Siegesj\u00e4ger.","og_description":"Kempa steht f\u00fcr Emotionen und sportliche Erfolge. Kempa steht f\u00fcr Profi-Handball & andere Hallen-Teamsportarten wie kein anderer Teamsport-Ausr\u00fcster.","og_url":"https:\/\/uhlsport.group\/es\/marca-kempa\/","og_site_name":"uhlsport GmbH: Teamsport-Ausr\u00fcstung f\u00fcr Fu\u00dfball und Handball","article_modified_time":"2022-11-08T10:43:04+00:00","og_image":[{"url":"https:\/\/uhlsport.group\/wp-content\/uploads\/2019\/05\/icon-sm-instagram.png","type":"","width":"","height":""}],"twitter_card":"summary_large_image","twitter_title":"Die Marke Kempa. Young. Loud. Progressive. Wir sind Siegesj\u00e4ger.","twitter_description":"Kempa steht f\u00fcr Emotionen und sportliche Erfolge. Kempa steht f\u00fcr Profi-Handball & andere Hallen-Teamsportarten wie kein anderer Teamsport-Ausr\u00fcster.","twitter_misc":{"Tiempo de lectura":"5 minutos"},"schema":{"@context":"https:\/\/schema.org","@graph":[{"@type":"WebPage","@id":"https:\/\/uhlsport.group\/es\/marca-kempa\/","url":"https:\/\/uhlsport.group\/es\/marca-kempa\/","name":"Die Marca Kempa . Young. Loud. Progressive. Wir sind Siegesj\u00e4ger.","isPartOf":{"@id":"https:\/\/uhlsport.group\/es\/#website"},"primaryImageOfPage":{"@id":"https:\/\/uhlsport.group\/es\/marca-kempa\/#primaryimage"},"image":{"@id":"https:\/\/uhlsport.group\/es\/marca-kempa\/#primaryimage"},"thumbnailUrl":"https:\/\/uhlsport.group\/wp-content\/uploads\/2019\/05\/icon-sm-instagram.png","datePublished":"2019-09-16T08:00:51+00:00","dateModified":"2022-11-08T10:43:04+00:00","description":"Kempa steht f\u00fcr Emotionen und sportliche Erfolge. Kempa steht f\u00fcr Profi-Handball & andere Hallen-Teamsportarten wie kein anderer Teamsport-Ausr\u00fcster.","breadcrumb":{"@id":"https:\/\/uhlsport.group\/es\/marca-kempa\/#breadcrumb"},"inLanguage":"es","potentialAction":[{"@type":"ReadAction","target":["https:\/\/uhlsport.group\/es\/marca-kempa\/"]}]},{"@type":"ImageObject","inLanguage":"es","@id":"https:\/\/uhlsport.group\/es\/marca-kempa\/#primaryimage","url":"https:\/\/uhlsport.group\/wp-content\/uploads\/2019\/05\/icon-sm-instagram.png","contentUrl":"https:\/\/uhlsport.group\/wp-content\/uploads\/2019\/05\/icon-sm-instagram.png"},{"@type":"BreadcrumbList","@id":"https:\/\/uhlsport.group\/es\/marca-kempa\/#breadcrumb","itemListElement":[{"@type":"ListItem","position":1,"name":"Startseite","item":"https:\/\/uhlsport.group\/es\/"},{"@type":"ListItem","position":2,"name":"Marca Kempa"}]},{"@type":"WebSite","@id":"https:\/\/uhlsport.group\/es\/#website","url":"https:\/\/uhlsport.group\/es\/","name":"uhlsport GmbH: Teamsport-Ausr\u00fcstung f\u00fcr Fu\u00dfball und Handball","description":"Brave. Progressive. Trustworthy. uhlsport und Kempa \u2013 das ist die uhlsport GmbH, der Experte f\u00fcr Teamsport seit 1948.","publisher":{"@id":"https:\/\/uhlsport.group\/es\/#organization"},"potentialAction":[{"@type":"SearchAction","target":{"@type":"EntryPoint","urlTemplate":"https:\/\/uhlsport.group\/es\/?s={search_term_string}"},"query-input":{"@type":"PropertyValueSpecification","valueRequired":true,"valueName":"search_term_string"}}],"inLanguage":"es"},{"@type":"Organization","@id":"https:\/\/uhlsport.group\/es\/#organization","name":"uhlsport GmbH","url":"https:\/\/uhlsport.group\/es\/","logo":{"@type":"ImageObject","inLanguage":"es","@id":"https:\/\/uhlsport.group\/es\/#\/schema\/logo\/image\/","url":"https:\/\/uhlsport.group\/wp-content\/uploads\/2019\/04\/Logo_uhlsport-Group.png","contentUrl":"https:\/\/uhlsport.group\/wp-content\/uploads\/2019\/04\/Logo_uhlsport-Group.png","width":2151,"height":315,"caption":"uhlsport GmbH"},"image":{"@id":"https:\/\/uhlsport.group\/es\/#\/schema\/logo\/image\/"}}]}},"_links":{"self":[{"href":"https:\/\/uhlsport.group\/es\/wp-json\/wp\/v2\/pages\/22787","targetHints":{"allow":["GET"]}}],"collection":[{"href":"https:\/\/uhlsport.group\/es\/wp-json\/wp\/v2\/pages"}],"about":[{"href":"https:\/\/uhlsport.group\/es\/wp-json\/wp\/v2\/types\/page"}],"author":[{"embeddable":true,"href":"https:\/\/uhlsport.group\/es\/wp-json\/wp\/v2\/users\/1"}],"replies":[{"embeddable":true,"href":"https:\/\/uhlsport.group\/es\/wp-json\/wp\/v2\/comments?post=22787"}],"version-history":[{"count":0,"href":"https:\/\/uhlsport.group\/es\/wp-json\/wp\/v2\/pages\/22787\/revisions"}],"wp:attachment":[{"href":"https:\/\/uhlsport.group\/es\/wp-json\/wp\/v2\/media?parent=22787"}],"curies":[{"name":"wp","href":"https:\/\/api.w.org\/{rel}","templated":true}]}}