{"id":22791,"date":"2019-09-16T10:00:19","date_gmt":"2019-09-16T08:00:19","guid":{"rendered":"https:\/\/uhlsport.group\/marke-uhlsport\/"},"modified":"2023-12-15T10:49:42","modified_gmt":"2023-12-15T09:49:42","slug":"marca-uhlsport","status":"publish","type":"page","link":"https:\/\/uhlsport.group\/es\/marca-uhlsport\/","title":{"rendered":"Marca uhlsport"},"content":{"rendered":"<div id='av_section_1'  class='avia-section av-2kjlne-b232e0c3769910d53759b9f7c6dde749 main_color avia-section-default avia-no-border-styling  avia-builder-el-0  el_before_av_textblock  avia-builder-el-first  avia-bg-style-scroll container_wrap fullsize'  ><div class='container av-section-cont-open' ><main  role=\"main\" itemprop=\"mainContentOfPage\"  class='template-page content  av-content-full alpha units'><div class='post-entry post-entry-type-page post-entry-22791'><div class='entry-content-wrapper clearfix'>\n\n<style type=\"text\/css\" data-created_by=\"avia_inline_auto\" id=\"style-css-av-k0o2db10-122d84ce72b42eaec052bc262c555925\">\n.avia-image-container.av-k0o2db10-122d84ce72b42eaec052bc262c555925 img.avia_image{\nbox-shadow:none;\n}\n.avia-image-container.av-k0o2db10-122d84ce72b42eaec052bc262c555925 .av-image-caption-overlay-center{\ncolor:#ffffff;\n}\n<\/style>\n<div  class='avia-image-container av-k0o2db10-122d84ce72b42eaec052bc262c555925 av-styling- avia-align-center  avia-builder-el-1  el_before_av_image  avia-builder-el-first '   itemprop=\"image\" itemscope=\"itemscope\" itemtype=\"https:\/\/schema.org\/ImageObject\" ><div class=\"avia-image-container-inner\"><div class=\"avia-image-overlay-wrap\"><img decoding=\"async\" fetchpriority=\"high\" class='wp-image-9134 avia-img-lazy-loading-not-9134 avia_image ' src=\"https:\/\/uhlsport.group\/wp-content\/uploads\/2019\/09\/logo-uhlpsort-2.png\" alt='logo-uhlpsort' title='logo-uhlpsort'  height=\"126\" width=\"329\"  itemprop=\"thumbnailUrl\" srcset=\"https:\/\/uhlsport.group\/wp-content\/uploads\/2019\/09\/logo-uhlpsort-2.png 329w, https:\/\/uhlsport.group\/wp-content\/uploads\/2019\/09\/logo-uhlpsort-2-300x115.png 300w\" sizes=\"(max-width: 329px) 100vw, 329px\" \/><\/div><\/div><\/div>\n\n<style type=\"text\/css\" data-created_by=\"avia_inline_auto\" id=\"style-css-av-k0o2db10-5753c8eb39906e4e95f5121979036a01\">\n.avia-image-container.av-k0o2db10-5753c8eb39906e4e95f5121979036a01 img.avia_image{\nbox-shadow:none;\n}\n.avia-image-container.av-k0o2db10-5753c8eb39906e4e95f5121979036a01 .av-image-caption-overlay-center{\ncolor:#ffffff;\n}\n<\/style>\n<div  class='avia-image-container av-k0o2db10-5753c8eb39906e4e95f5121979036a01 av-styling- avia-align-center  avia-builder-el-2  el_after_av_image  avia-builder-el-last '   itemprop=\"image\" itemscope=\"itemscope\" itemtype=\"https:\/\/schema.org\/ImageObject\" ><div class=\"avia-image-container-inner\"><div class=\"avia-image-overlay-wrap\"><img decoding=\"async\" fetchpriority=\"high\" class='wp-image-41263 avia-img-lazy-loading-not-41263 avia_image ' src=\"https:\/\/uhlsport.group\/wp-content\/uploads\/2023\/12\/uhlsport.png\" alt='' title=''  height=\"819\" width=\"1920\"  itemprop=\"thumbnailUrl\" srcset=\"https:\/\/uhlsport.group\/wp-content\/uploads\/2023\/12\/uhlsport.png 1920w, https:\/\/uhlsport.group\/wp-content\/uploads\/2023\/12\/uhlsport-300x128.png 300w, https:\/\/uhlsport.group\/wp-content\/uploads\/2023\/12\/uhlsport-1030x439.png 1030w, https:\/\/uhlsport.group\/wp-content\/uploads\/2023\/12\/uhlsport-768x328.png 768w, https:\/\/uhlsport.group\/wp-content\/uploads\/2023\/12\/uhlsport-1536x655.png 1536w, https:\/\/uhlsport.group\/wp-content\/uploads\/2023\/12\/uhlsport-1500x640.png 1500w, https:\/\/uhlsport.group\/wp-content\/uploads\/2023\/12\/uhlsport-705x301.png 705w, https:\/\/uhlsport.group\/wp-content\/uploads\/2023\/12\/uhlsport-500x213.png 500w\" sizes=\"(max-width: 1920px) 100vw, 1920px\" \/><\/div><\/div><\/div>\n<\/div><\/div><\/main><!-- close content main element --><\/div><\/div><div id='after_section_1'  class='main_color av_default_container_wrap container_wrap fullsize'  ><div class='container av-section-cont-open' ><div class='template-page content  av-content-full alpha units'><div class='post-entry post-entry-type-page post-entry-22791'><div class='entry-content-wrapper clearfix'><section  class='av_textblock_section av-jmly5lxs-d091084499f1c72437abbe6e52c01d66 '   itemscope=\"itemscope\" itemtype=\"https:\/\/schema.org\/CreativeWork\" ><div class='avia_textblock p-intro'  itemprop=\"text\" ><h1>apunta alto.<br \/>\ns\u00e9 parte de lo mejor.<\/h1>\n<\/div><\/section><\/p>\n<section  class='av_textblock_section av-jmly5lxs-ddbf7f64384e537e1a82218e80058934 '   itemscope=\"itemscope\" itemtype=\"https:\/\/schema.org\/CreativeWork\" ><div class='avia_textblock'  itemprop=\"text\" ><p>uhlsport es un especialista en porteros y experto en deportes de equipo. Todo lo que cuenta en el campo y en el banquillo, todo lo que hace un equipo, se combina con la marca: confianza, coraje y el impulso constante para mejorar. No solo para jugar, sino para estar entre los mejores.<\/p>\n<p>uhlsport es el origen de nuestros esfuerzos, ideas y creaciones en deportes de equipo. La marca, que comenz\u00f3 a desarrollar tacos de cuero para calzado de f\u00fatbol en 1948 en Suabia, ahora se presenta con una imagen internacional. uhlsport es conocido y visto en todo el mundo, y no solo a nivel de clubes en el f\u00fatbol. Somos particularmente famosos por nuestras tecnolog\u00edas y desarrollos en el mundo de los porteros.<\/p>\n<p>uhlsport es el origen de nuestros esfuerzos, ideas y creaciones en deportes de equipo. La marca, que comenz\u00f3 a desarrollar tacos de cuero para calzado de f\u00fatbol en 1948 en Suabia, ahora se presenta con una imagen internacional. uhlsport es conocido y visto en todo el mundo, y no solo a nivel de clubes en el f\u00fatbol. Somos particularmente famosos por nuestras tecnolog\u00edas y desarrollos en el mundo de los porteros.<\/p>\n<p>Nuestras patentes e innovaciones revolucionan la porter\u00eda moderna. Nuestros latex y espumas, cortes y estructuras forman una cartera completa para todas las ligas, grupos de edad y rangos de precios. Somos expertos en porteros. Nuestros porteros tambi\u00e9n lo piensan. En todo el mundo, los porteros usan guantes de deporte, muestran desfiles fuertes y, a veces, tambi\u00e9n celebran la Copa del Mundo en el cielo nocturno. Alphonse Areola, Oliver Baumann, Ron-Robert Zieler: la lista es larga. Todos son parte de nosotros, son el uhlsquad..<\/p>\n<p>No importa si es portero o jugador de porter\u00eda: en la porter\u00eda tienes una posici\u00f3n especial, eres la columna vertebral del equipo, tus errores se castigan sin piedad. Sabemos que un buen portero solo funciona con el mejor equipo. Es por eso que uhlsport est\u00e1 especializado en los requisitos de los porteros. Durante d\u00e9cadas, hemos establecido est\u00e1ndares en todo el mundo con nuestros guantes.<\/p>\n<p><a class=\"normal-link\" href=\"https:\/\/shop.uhlsport.com\/\" target=\"_blank\" rel=\"noopener noreferrer\">Tienda de Portero Alemania<\/a><i><\/i><\/p>\n<p><a class=\"normal-link\" href=\"https:\/\/brand.uhlsport.com\/en\/\" target=\"_blank\" rel=\"noopener noreferrer\">uhlsquad-blog<\/a><\/p>\n<div><a href=\"https:\/\/www.instagram.com\/uhlsport.de\/\" target=\"_blank\" rel=\"noopener noreferrer\"><img decoding=\"async\" src=\"https:\/\/brand.uhlsport.com\/wp-content\/uploads\/2019\/05\/icon-sm-instagram.png\" alt=\"icon Instagram\" width=\"30\" \/><\/a> \u00a0 <a href=\"https:\/\/www.facebook.com\/uhlsport\/\" target=\"_blank\" rel=\"noopener noreferrer\"><img decoding=\"async\" src=\"https:\/\/brand.uhlsport.com\/wp-content\/uploads\/2019\/05\/icon-sm-facebook.png\" alt=\"icon Facebook\" width=\"30\" \/><\/a> \u00a0\u00a0 <a href=\"https:\/\/www.youtube.com\/user\/uhlsportTV\" target=\"_blank\" rel=\"noopener noreferrer\"><img decoding=\"async\" src=\"https:\/\/brand.uhlsport.com\/wp-content\/uploads\/2019\/05\/icon-sm-youtube.png\" alt=\"icon Youtube\" width=\"30\" \/><\/a><\/div>\n<div class=\"uhl-footer-smrow\">Exclusivo para porteros<br \/>\n<a href=\"https:\/\/www.instagram.com\/uhlsportgoalkeeper\/\" target=\"_blank\" rel=\"noopener noreferrer\"><img decoding=\"async\" src=\"https:\/\/brand.uhlsport.com\/wp-content\/uploads\/2019\/05\/icon-sm-instagram.png\" alt=\"icon Instagram\" width=\"30\" \/><\/a> \u00a0 <a href=\"https:\/\/www.facebook.com\/uhlsportgoalkeeper\/\" target=\"_blank\" rel=\"noopener noreferrer\"><img decoding=\"async\" src=\"https:\/\/brand.uhlsport.com\/wp-content\/uploads\/2019\/05\/icon-sm-facebook.png\" alt=\"icon Facebook\" width=\"30\" \/><\/a><\/div>\n<\/div><\/section>\n\n<style type=\"text\/css\" data-created_by=\"avia_inline_auto\" id=\"style-css-av-k0l24cdy-424522bdfea9af990825223ad8cd52a3\">\n#top .hr.hr-invisible.av-k0l24cdy-424522bdfea9af990825223ad8cd52a3{\nheight:60px;\n}\n<\/style>\n<div  class='hr av-k0l24cdy-424522bdfea9af990825223ad8cd52a3 hr-invisible  avia-builder-el-5  el_after_av_textblock  el_before_av_section  avia-builder-el-last '><span class='hr-inner '><span class=\"hr-inner-style\"><\/span><\/span><\/div>\n<\/div><\/div><\/div><!-- close content main div --><\/div><\/div>\n<style type=\"text\/css\" data-created_by=\"avia_inline_auto\" id=\"style-css-av-k0lf8gfs-9a49b181b6ab9996fa92a1bcc17e6ee5\">\n.avia-section.av-k0lf8gfs-9a49b181b6ab9996fa92a1bcc17e6ee5{\nbackground-repeat:no-repeat;\nbackground-image:url(https:\/\/uhlsport.group\/wp-content\/uploads\/2019\/09\/karriere-bg.jpg);\nbackground-position:50% 0%;\nbackground-attachment:scroll;\n}\n<\/style>\n<div id='av_section_2'  class='avia-section av-k0lf8gfs-9a49b181b6ab9996fa92a1bcc17e6ee5 main_color avia-section-default avia-no-border-styling  avia-builder-el-6  el_after_av_hr  avia-builder-el-last  avia-full-stretch avia-bg-style-scroll av-minimum-height av-minimum-height-75 av-height-75  container_wrap fullsize'  data-section-bg-repeat='stretch' data-av_minimum_height_pc='75' data-av_min_height_opt='75'><div class='container av-section-cont-open' ><div class='template-page content  av-content-full alpha units'><div class='post-entry post-entry-type-page post-entry-22791'><div class='entry-content-wrapper clearfix'>\n\n<style type=\"text\/css\" data-created_by=\"avia_inline_auto\" id=\"style-css-av-2gw390-33c29d0686c55647d244198362e6691e\">\n.flex_column.av-2gw390-33c29d0686c55647d244198362e6691e{\nborder-radius:0px 0px 0px 0px;\npadding:120px 40px 120px 40px;\nbackground-color:#ffffff;\n}\n<\/style>\n<div  class='flex_column av-2gw390-33c29d0686c55647d244198362e6691e av_one_full  avia-builder-el-7  avia-builder-el-no-sibling  first flex_column_div  '     ><section  class='av_textblock_section av-jmly5lxs-d091084499f1c72437abbe6e52c01d66 '   itemscope=\"itemscope\" itemtype=\"https:\/\/schema.org\/CreativeWork\" ><div class='avia_textblock p-intro'  itemprop=\"text\" ><h2 style=\"text-align: left;\">Tu carrera en uhlsport group<\/h2>\n<\/div><\/section><br \/>\n<section  class='av_textblock_section av-jmly5lxs-cfc5002c9ff3298f8c44c4b9f518ad27 '   itemscope=\"itemscope\" itemtype=\"https:\/\/schema.org\/CreativeWork\" ><div class='avia_textblock'  itemprop=\"text\" ><p>Cada equipo tiene que trabajar regularmente en su equipo, expandirlo y mejorarlo. Siempre buscamos personas comprometidas, creativas y motivadas.<\/p>\n<p><a href=\"https:\/\/uhlsport.group\/es\/carrera\/\">ofertas de trabajo<\/a><\/p>\n<\/div><\/section><\/p><\/div>\n\n","protected":false},"excerpt":{"rendered":"","protected":false},"author":1,"featured_media":0,"parent":0,"menu_order":0,"comment_status":"closed","ping_status":"closed","template":"","meta":{"footnotes":""},"class_list":["post-22791","page","type-page","status-publish","hentry"],"yoast_head":"<!-- This site is optimized with the Yoast SEO plugin v27.2 - https:\/\/yoast.com\/product\/yoast-seo-wordpress\/ -->\n<title>La Marca uhlsport | aim high. be part of the best. Desde 1948.<\/title>\n<meta name=\"description\" content=\"uhlsport es un especialista en porteros y experto en deportes de equipo, el m\u00e1s vers\u00e1til en el f\u00fatbol. Los profesionales del f\u00fatbol de todo el mundo conf\u00edan en nuestros guantes de portero y equipaci\u00f3n.\" \/>\n<meta name=\"robots\" content=\"index, follow, max-snippet:-1, max-image-preview:large, max-video-preview:-1\" \/>\n<link rel=\"canonical\" href=\"https:\/\/uhlsport.group\/es\/marca-uhlsport\/\" \/>\n<meta property=\"og:locale\" content=\"es_ES\" \/>\n<meta property=\"og:type\" content=\"article\" \/>\n<meta property=\"og:title\" content=\"Die Marke uhlsport. Aim high, be part of the best. Seit 1948.\" \/>\n<meta property=\"og:description\" content=\"uhlsport ist Goalkeeper-Profi und Teamsport-Ausr\u00fcster im Fu\u00dfball. Auf unsere Torwarthandschuhe &amp; die Teamausr\u00fcstung vertrauen Fu\u00dfball-Profis weltweit.\" \/>\n<meta property=\"og:url\" content=\"https:\/\/uhlsport.group\/es\/marca-uhlsport\/\" \/>\n<meta property=\"og:site_name\" content=\"uhlsport GmbH: Teamsport-Ausr\u00fcstung f\u00fcr Fu\u00dfball und Handball\" \/>\n<meta property=\"article:modified_time\" content=\"2023-12-15T09:49:42+00:00\" \/>\n<meta property=\"og:image\" content=\"https:\/\/brand.uhlsport.com\/wp-content\/uploads\/2019\/05\/icon-sm-instagram.png\" \/>\n<meta name=\"twitter:card\" content=\"summary_large_image\" \/>\n<meta name=\"twitter:title\" content=\"Die Marke uhlsport. Aim high, be part of the best. Seit 1948.\" \/>\n<meta name=\"twitter:description\" content=\"uhlsport ist Goalkeeper-Profi und Teamsport-Ausr\u00fcster im Fu\u00dfball. Auf unsere Torwarthandschuhe &amp; die Teamausr\u00fcstung vertrauen Fu\u00dfball-Profis weltweit.\" \/>\n<meta name=\"twitter:label1\" content=\"Tiempo de lectura\" \/>\n\t<meta name=\"twitter:data1\" content=\"5 minutos\" \/>\n<script type=\"application\/ld+json\" class=\"yoast-schema-graph\">{\"@context\":\"https:\/\/schema.org\",\"@graph\":[{\"@type\":\"WebPage\",\"@id\":\"https:\/\/uhlsport.group\/es\/marca-uhlsport\/\",\"url\":\"https:\/\/uhlsport.group\/es\/marca-uhlsport\/\",\"name\":\"La Marca uhlsport | aim high. be part of the best. Desde 1948.\",\"isPartOf\":{\"@id\":\"https:\/\/uhlsport.group\/es\/#website\"},\"primaryImageOfPage\":{\"@id\":\"https:\/\/uhlsport.group\/es\/marca-uhlsport\/#primaryimage\"},\"image\":{\"@id\":\"https:\/\/uhlsport.group\/es\/marca-uhlsport\/#primaryimage\"},\"thumbnailUrl\":\"https:\/\/brand.uhlsport.com\/wp-content\/uploads\/2019\/05\/icon-sm-instagram.png\",\"datePublished\":\"2019-09-16T08:00:19+00:00\",\"dateModified\":\"2023-12-15T09:49:42+00:00\",\"description\":\"uhlsport es un especialista en porteros y experto en deportes de equipo, el m\u00e1s vers\u00e1til en el f\u00fatbol. Los profesionales del f\u00fatbol de todo el mundo conf\u00edan en nuestros guantes de portero y equipaci\u00f3n.\",\"breadcrumb\":{\"@id\":\"https:\/\/uhlsport.group\/es\/marca-uhlsport\/#breadcrumb\"},\"inLanguage\":\"es\",\"potentialAction\":[{\"@type\":\"ReadAction\",\"target\":[\"https:\/\/uhlsport.group\/es\/marca-uhlsport\/\"]}]},{\"@type\":\"ImageObject\",\"inLanguage\":\"es\",\"@id\":\"https:\/\/uhlsport.group\/es\/marca-uhlsport\/#primaryimage\",\"url\":\"https:\/\/brand.uhlsport.com\/wp-content\/uploads\/2019\/05\/icon-sm-instagram.png\",\"contentUrl\":\"https:\/\/brand.uhlsport.com\/wp-content\/uploads\/2019\/05\/icon-sm-instagram.png\"},{\"@type\":\"BreadcrumbList\",\"@id\":\"https:\/\/uhlsport.group\/es\/marca-uhlsport\/#breadcrumb\",\"itemListElement\":[{\"@type\":\"ListItem\",\"position\":1,\"name\":\"Startseite\",\"item\":\"https:\/\/uhlsport.group\/es\/\"},{\"@type\":\"ListItem\",\"position\":2,\"name\":\"Marca uhlsport\"}]},{\"@type\":\"WebSite\",\"@id\":\"https:\/\/uhlsport.group\/es\/#website\",\"url\":\"https:\/\/uhlsport.group\/es\/\",\"name\":\"uhlsport GmbH: Teamsport-Ausr\u00fcstung f\u00fcr Fu\u00dfball und Handball\",\"description\":\"Brave. Progressive. Trustworthy. uhlsport und Kempa \u2013 das ist die uhlsport GmbH, der Experte f\u00fcr Teamsport seit 1948.\",\"publisher\":{\"@id\":\"https:\/\/uhlsport.group\/es\/#organization\"},\"potentialAction\":[{\"@type\":\"SearchAction\",\"target\":{\"@type\":\"EntryPoint\",\"urlTemplate\":\"https:\/\/uhlsport.group\/es\/?s={search_term_string}\"},\"query-input\":{\"@type\":\"PropertyValueSpecification\",\"valueRequired\":true,\"valueName\":\"search_term_string\"}}],\"inLanguage\":\"es\"},{\"@type\":\"Organization\",\"@id\":\"https:\/\/uhlsport.group\/es\/#organization\",\"name\":\"uhlsport GmbH\",\"url\":\"https:\/\/uhlsport.group\/es\/\",\"logo\":{\"@type\":\"ImageObject\",\"inLanguage\":\"es\",\"@id\":\"https:\/\/uhlsport.group\/es\/#\/schema\/logo\/image\/\",\"url\":\"https:\/\/uhlsport.group\/wp-content\/uploads\/2019\/04\/Logo_uhlsport-Group.png\",\"contentUrl\":\"https:\/\/uhlsport.group\/wp-content\/uploads\/2019\/04\/Logo_uhlsport-Group.png\",\"width\":2151,\"height\":315,\"caption\":\"uhlsport GmbH\"},\"image\":{\"@id\":\"https:\/\/uhlsport.group\/es\/#\/schema\/logo\/image\/\"}}]}<\/script>\n<!-- \/ Yoast SEO plugin. -->","yoast_head_json":{"title":"La Marca uhlsport | aim high. be part of the best. Desde 1948.","description":"uhlsport es un especialista en porteros y experto en deportes de equipo, el m\u00e1s vers\u00e1til en el f\u00fatbol. Los profesionales del f\u00fatbol de todo el mundo conf\u00edan en nuestros guantes de portero y equipaci\u00f3n.","robots":{"index":"index","follow":"follow","max-snippet":"max-snippet:-1","max-image-preview":"max-image-preview:large","max-video-preview":"max-video-preview:-1"},"canonical":"https:\/\/uhlsport.group\/es\/marca-uhlsport\/","og_locale":"es_ES","og_type":"article","og_title":"Die Marke uhlsport. Aim high, be part of the best. Seit 1948.","og_description":"uhlsport ist Goalkeeper-Profi und Teamsport-Ausr\u00fcster im Fu\u00dfball. Auf unsere Torwarthandschuhe & die Teamausr\u00fcstung vertrauen Fu\u00dfball-Profis weltweit.","og_url":"https:\/\/uhlsport.group\/es\/marca-uhlsport\/","og_site_name":"uhlsport GmbH: Teamsport-Ausr\u00fcstung f\u00fcr Fu\u00dfball und Handball","article_modified_time":"2023-12-15T09:49:42+00:00","og_image":[{"url":"https:\/\/brand.uhlsport.com\/wp-content\/uploads\/2019\/05\/icon-sm-instagram.png","type":"","width":"","height":""}],"twitter_card":"summary_large_image","twitter_title":"Die Marke uhlsport. Aim high, be part of the best. Seit 1948.","twitter_description":"uhlsport ist Goalkeeper-Profi und Teamsport-Ausr\u00fcster im Fu\u00dfball. Auf unsere Torwarthandschuhe & die Teamausr\u00fcstung vertrauen Fu\u00dfball-Profis weltweit.","twitter_misc":{"Tiempo de lectura":"5 minutos"},"schema":{"@context":"https:\/\/schema.org","@graph":[{"@type":"WebPage","@id":"https:\/\/uhlsport.group\/es\/marca-uhlsport\/","url":"https:\/\/uhlsport.group\/es\/marca-uhlsport\/","name":"La Marca uhlsport | aim high. be part of the best. Desde 1948.","isPartOf":{"@id":"https:\/\/uhlsport.group\/es\/#website"},"primaryImageOfPage":{"@id":"https:\/\/uhlsport.group\/es\/marca-uhlsport\/#primaryimage"},"image":{"@id":"https:\/\/uhlsport.group\/es\/marca-uhlsport\/#primaryimage"},"thumbnailUrl":"https:\/\/brand.uhlsport.com\/wp-content\/uploads\/2019\/05\/icon-sm-instagram.png","datePublished":"2019-09-16T08:00:19+00:00","dateModified":"2023-12-15T09:49:42+00:00","description":"uhlsport es un especialista en porteros y experto en deportes de equipo, el m\u00e1s vers\u00e1til en el f\u00fatbol. Los profesionales del f\u00fatbol de todo el mundo conf\u00edan en nuestros guantes de portero y equipaci\u00f3n.","breadcrumb":{"@id":"https:\/\/uhlsport.group\/es\/marca-uhlsport\/#breadcrumb"},"inLanguage":"es","potentialAction":[{"@type":"ReadAction","target":["https:\/\/uhlsport.group\/es\/marca-uhlsport\/"]}]},{"@type":"ImageObject","inLanguage":"es","@id":"https:\/\/uhlsport.group\/es\/marca-uhlsport\/#primaryimage","url":"https:\/\/brand.uhlsport.com\/wp-content\/uploads\/2019\/05\/icon-sm-instagram.png","contentUrl":"https:\/\/brand.uhlsport.com\/wp-content\/uploads\/2019\/05\/icon-sm-instagram.png"},{"@type":"BreadcrumbList","@id":"https:\/\/uhlsport.group\/es\/marca-uhlsport\/#breadcrumb","itemListElement":[{"@type":"ListItem","position":1,"name":"Startseite","item":"https:\/\/uhlsport.group\/es\/"},{"@type":"ListItem","position":2,"name":"Marca uhlsport"}]},{"@type":"WebSite","@id":"https:\/\/uhlsport.group\/es\/#website","url":"https:\/\/uhlsport.group\/es\/","name":"uhlsport GmbH: Teamsport-Ausr\u00fcstung f\u00fcr Fu\u00dfball und Handball","description":"Brave. Progressive. Trustworthy. uhlsport und Kempa \u2013 das ist die uhlsport GmbH, der Experte f\u00fcr Teamsport seit 1948.","publisher":{"@id":"https:\/\/uhlsport.group\/es\/#organization"},"potentialAction":[{"@type":"SearchAction","target":{"@type":"EntryPoint","urlTemplate":"https:\/\/uhlsport.group\/es\/?s={search_term_string}"},"query-input":{"@type":"PropertyValueSpecification","valueRequired":true,"valueName":"search_term_string"}}],"inLanguage":"es"},{"@type":"Organization","@id":"https:\/\/uhlsport.group\/es\/#organization","name":"uhlsport GmbH","url":"https:\/\/uhlsport.group\/es\/","logo":{"@type":"ImageObject","inLanguage":"es","@id":"https:\/\/uhlsport.group\/es\/#\/schema\/logo\/image\/","url":"https:\/\/uhlsport.group\/wp-content\/uploads\/2019\/04\/Logo_uhlsport-Group.png","contentUrl":"https:\/\/uhlsport.group\/wp-content\/uploads\/2019\/04\/Logo_uhlsport-Group.png","width":2151,"height":315,"caption":"uhlsport GmbH"},"image":{"@id":"https:\/\/uhlsport.group\/es\/#\/schema\/logo\/image\/"}}]}},"_links":{"self":[{"href":"https:\/\/uhlsport.group\/es\/wp-json\/wp\/v2\/pages\/22791","targetHints":{"allow":["GET"]}}],"collection":[{"href":"https:\/\/uhlsport.group\/es\/wp-json\/wp\/v2\/pages"}],"about":[{"href":"https:\/\/uhlsport.group\/es\/wp-json\/wp\/v2\/types\/page"}],"author":[{"embeddable":true,"href":"https:\/\/uhlsport.group\/es\/wp-json\/wp\/v2\/users\/1"}],"replies":[{"embeddable":true,"href":"https:\/\/uhlsport.group\/es\/wp-json\/wp\/v2\/comments?post=22791"}],"version-history":[{"count":0,"href":"https:\/\/uhlsport.group\/es\/wp-json\/wp\/v2\/pages\/22791\/revisions"}],"wp:attachment":[{"href":"https:\/\/uhlsport.group\/es\/wp-json\/wp\/v2\/media?parent=22791"}],"curies":[{"name":"wp","href":"https:\/\/api.w.org\/{rel}","templated":true}]}}