{"id":22793,"date":"2019-09-16T17:46:39","date_gmt":"2019-09-16T15:46:39","guid":{"rendered":"https:\/\/uhlsport.group\/uhlsport-partner\/"},"modified":"2019-09-16T17:46:39","modified_gmt":"2019-09-16T15:46:39","slug":"uhlsport-partner","status":"publish","type":"page","link":"https:\/\/uhlsport.group\/es\/uhlsport-partner\/","title":{"rendered":"uhlsport partner"},"content":{"rendered":"\n","protected":false},"excerpt":{"rendered":"","protected":false},"author":1,"featured_media":0,"parent":0,"menu_order":0,"comment_status":"closed","ping_status":"closed","template":"","meta":{"footnotes":""},"class_list":["post-22793","page","type-page","status-publish","hentry"],"yoast_head":"<!-- This site is optimized with the Yoast SEO plugin v27.2 - https:\/\/yoast.com\/product\/yoast-seo-wordpress\/ -->\n<title>Finde Partner der uhlsport GmbH in Deiner N\u00e4he und weltweit.<\/title>\n<meta name=\"description\" content=\"Abh\u00e4ngig von Deinem Standort, oder der von Dir eingetragenen Adresse findest Du alle uhlsport-Partner in Deiner N\u00e4he. Du bist H\u00e4ndler und m\u00f6chstest in die Karte aufgenommen werden? Dann schreibe uns eine Nachricht \u00fcber das Kontaktformular unter Kontakt.\" \/>\n<meta name=\"robots\" content=\"index, follow, max-snippet:-1, max-image-preview:large, max-video-preview:-1\" \/>\n<link rel=\"canonical\" href=\"https:\/\/uhlsport.group\/es\/uhlsport-partner\/\" \/>\n<meta property=\"og:locale\" content=\"es_ES\" \/>\n<meta property=\"og:type\" content=\"article\" \/>\n<meta property=\"og:title\" content=\"Finde Partner der uhlsport GmbH in Deiner N\u00e4he und weltweit.\" \/>\n<meta property=\"og:description\" content=\"Abh\u00e4ngig von Deinem Standort, oder der von Dir eingetragenen Adresse findest Du alle uhlsport-Partner in Deiner N\u00e4he. Du bist H\u00e4ndler und m\u00f6chstest in die Karte aufgenommen werden? Dann schreibe uns eine Nachricht \u00fcber das Kontaktformular unter Kontakt.\" \/>\n<meta property=\"og:url\" content=\"https:\/\/uhlsport.group\/es\/uhlsport-partner\/\" \/>\n<meta property=\"og:site_name\" content=\"uhlsport GmbH: Teamsport-Ausr\u00fcstung f\u00fcr Fu\u00dfball und Handball\" \/>\n<meta name=\"twitter:card\" content=\"summary_large_image\" \/>\n<script type=\"application\/ld+json\" class=\"yoast-schema-graph\">{\"@context\":\"https:\/\/schema.org\",\"@graph\":[{\"@type\":\"WebPage\",\"@id\":\"https:\/\/uhlsport.group\/es\/uhlsport-partner\/\",\"url\":\"https:\/\/uhlsport.group\/es\/uhlsport-partner\/\",\"name\":\"Finde Partner der uhlsport GmbH in Deiner N\u00e4he und weltweit.\",\"isPartOf\":{\"@id\":\"https:\/\/uhlsport.group\/es\/#website\"},\"datePublished\":\"2019-09-16T15:46:39+00:00\",\"description\":\"Abh\u00e4ngig von Deinem Standort, oder der von Dir eingetragenen Adresse findest Du alle uhlsport-Partner in Deiner N\u00e4he. Du bist H\u00e4ndler und m\u00f6chstest in die Karte aufgenommen werden? Dann schreibe uns eine Nachricht \u00fcber das Kontaktformular unter Kontakt.\",\"breadcrumb\":{\"@id\":\"https:\/\/uhlsport.group\/es\/uhlsport-partner\/#breadcrumb\"},\"inLanguage\":\"es\",\"potentialAction\":[{\"@type\":\"ReadAction\",\"target\":[\"https:\/\/uhlsport.group\/es\/uhlsport-partner\/\"]}]},{\"@type\":\"BreadcrumbList\",\"@id\":\"https:\/\/uhlsport.group\/es\/uhlsport-partner\/#breadcrumb\",\"itemListElement\":[{\"@type\":\"ListItem\",\"position\":1,\"name\":\"Startseite\",\"item\":\"https:\/\/uhlsport.group\/es\/\"},{\"@type\":\"ListItem\",\"position\":2,\"name\":\"uhlsport partner\"}]},{\"@type\":\"WebSite\",\"@id\":\"https:\/\/uhlsport.group\/es\/#website\",\"url\":\"https:\/\/uhlsport.group\/es\/\",\"name\":\"uhlsport GmbH: Teamsport-Ausr\u00fcstung f\u00fcr Fu\u00dfball und Handball\",\"description\":\"Brave. Progressive. Trustworthy. uhlsport und Kempa \u2013 das ist die uhlsport GmbH, der Experte f\u00fcr Teamsport seit 1948.\",\"publisher\":{\"@id\":\"https:\/\/uhlsport.group\/es\/#organization\"},\"potentialAction\":[{\"@type\":\"SearchAction\",\"target\":{\"@type\":\"EntryPoint\",\"urlTemplate\":\"https:\/\/uhlsport.group\/es\/?s={search_term_string}\"},\"query-input\":{\"@type\":\"PropertyValueSpecification\",\"valueRequired\":true,\"valueName\":\"search_term_string\"}}],\"inLanguage\":\"es\"},{\"@type\":\"Organization\",\"@id\":\"https:\/\/uhlsport.group\/es\/#organization\",\"name\":\"uhlsport GmbH\",\"url\":\"https:\/\/uhlsport.group\/es\/\",\"logo\":{\"@type\":\"ImageObject\",\"inLanguage\":\"es\",\"@id\":\"https:\/\/uhlsport.group\/es\/#\/schema\/logo\/image\/\",\"url\":\"https:\/\/uhlsport.group\/wp-content\/uploads\/2019\/04\/Logo_uhlsport-Group.png\",\"contentUrl\":\"https:\/\/uhlsport.group\/wp-content\/uploads\/2019\/04\/Logo_uhlsport-Group.png\",\"width\":2151,\"height\":315,\"caption\":\"uhlsport GmbH\"},\"image\":{\"@id\":\"https:\/\/uhlsport.group\/es\/#\/schema\/logo\/image\/\"}}]}<\/script>\n<!-- \/ Yoast SEO plugin. -->","yoast_head_json":{"title":"Finde Partner der uhlsport GmbH in Deiner N\u00e4he und weltweit.","description":"Abh\u00e4ngig von Deinem Standort, oder der von Dir eingetragenen Adresse findest Du alle uhlsport-Partner in Deiner N\u00e4he. Du bist H\u00e4ndler und m\u00f6chstest in die Karte aufgenommen werden? Dann schreibe uns eine Nachricht \u00fcber das Kontaktformular unter Kontakt.","robots":{"index":"index","follow":"follow","max-snippet":"max-snippet:-1","max-image-preview":"max-image-preview:large","max-video-preview":"max-video-preview:-1"},"canonical":"https:\/\/uhlsport.group\/es\/uhlsport-partner\/","og_locale":"es_ES","og_type":"article","og_title":"Finde Partner der uhlsport GmbH in Deiner N\u00e4he und weltweit.","og_description":"Abh\u00e4ngig von Deinem Standort, oder der von Dir eingetragenen Adresse findest Du alle uhlsport-Partner in Deiner N\u00e4he. Du bist H\u00e4ndler und m\u00f6chstest in die Karte aufgenommen werden? Dann schreibe uns eine Nachricht \u00fcber das Kontaktformular unter Kontakt.","og_url":"https:\/\/uhlsport.group\/es\/uhlsport-partner\/","og_site_name":"uhlsport GmbH: Teamsport-Ausr\u00fcstung f\u00fcr Fu\u00dfball und Handball","twitter_card":"summary_large_image","schema":{"@context":"https:\/\/schema.org","@graph":[{"@type":"WebPage","@id":"https:\/\/uhlsport.group\/es\/uhlsport-partner\/","url":"https:\/\/uhlsport.group\/es\/uhlsport-partner\/","name":"Finde Partner der uhlsport GmbH in Deiner N\u00e4he und weltweit.","isPartOf":{"@id":"https:\/\/uhlsport.group\/es\/#website"},"datePublished":"2019-09-16T15:46:39+00:00","description":"Abh\u00e4ngig von Deinem Standort, oder der von Dir eingetragenen Adresse findest Du alle uhlsport-Partner in Deiner N\u00e4he. Du bist H\u00e4ndler und m\u00f6chstest in die Karte aufgenommen werden? Dann schreibe uns eine Nachricht \u00fcber das Kontaktformular unter Kontakt.","breadcrumb":{"@id":"https:\/\/uhlsport.group\/es\/uhlsport-partner\/#breadcrumb"},"inLanguage":"es","potentialAction":[{"@type":"ReadAction","target":["https:\/\/uhlsport.group\/es\/uhlsport-partner\/"]}]},{"@type":"BreadcrumbList","@id":"https:\/\/uhlsport.group\/es\/uhlsport-partner\/#breadcrumb","itemListElement":[{"@type":"ListItem","position":1,"name":"Startseite","item":"https:\/\/uhlsport.group\/es\/"},{"@type":"ListItem","position":2,"name":"uhlsport partner"}]},{"@type":"WebSite","@id":"https:\/\/uhlsport.group\/es\/#website","url":"https:\/\/uhlsport.group\/es\/","name":"uhlsport GmbH: Teamsport-Ausr\u00fcstung f\u00fcr Fu\u00dfball und Handball","description":"Brave. Progressive. Trustworthy. uhlsport und Kempa \u2013 das ist die uhlsport GmbH, der Experte f\u00fcr Teamsport seit 1948.","publisher":{"@id":"https:\/\/uhlsport.group\/es\/#organization"},"potentialAction":[{"@type":"SearchAction","target":{"@type":"EntryPoint","urlTemplate":"https:\/\/uhlsport.group\/es\/?s={search_term_string}"},"query-input":{"@type":"PropertyValueSpecification","valueRequired":true,"valueName":"search_term_string"}}],"inLanguage":"es"},{"@type":"Organization","@id":"https:\/\/uhlsport.group\/es\/#organization","name":"uhlsport GmbH","url":"https:\/\/uhlsport.group\/es\/","logo":{"@type":"ImageObject","inLanguage":"es","@id":"https:\/\/uhlsport.group\/es\/#\/schema\/logo\/image\/","url":"https:\/\/uhlsport.group\/wp-content\/uploads\/2019\/04\/Logo_uhlsport-Group.png","contentUrl":"https:\/\/uhlsport.group\/wp-content\/uploads\/2019\/04\/Logo_uhlsport-Group.png","width":2151,"height":315,"caption":"uhlsport GmbH"},"image":{"@id":"https:\/\/uhlsport.group\/es\/#\/schema\/logo\/image\/"}}]}},"_links":{"self":[{"href":"https:\/\/uhlsport.group\/es\/wp-json\/wp\/v2\/pages\/22793","targetHints":{"allow":["GET"]}}],"collection":[{"href":"https:\/\/uhlsport.group\/es\/wp-json\/wp\/v2\/pages"}],"about":[{"href":"https:\/\/uhlsport.group\/es\/wp-json\/wp\/v2\/types\/page"}],"author":[{"embeddable":true,"href":"https:\/\/uhlsport.group\/es\/wp-json\/wp\/v2\/users\/1"}],"replies":[{"embeddable":true,"href":"https:\/\/uhlsport.group\/es\/wp-json\/wp\/v2\/comments?post=22793"}],"version-history":[{"count":0,"href":"https:\/\/uhlsport.group\/es\/wp-json\/wp\/v2\/pages\/22793\/revisions"}],"wp:attachment":[{"href":"https:\/\/uhlsport.group\/es\/wp-json\/wp\/v2\/media?parent=22793"}],"curies":[{"name":"wp","href":"https:\/\/api.w.org\/{rel}","templated":true}]}}