{"id":48358,"date":"2024-08-16T14:15:56","date_gmt":"2024-08-16T12:15:56","guid":{"rendered":"https:\/\/uhlsport.group\/?page_id=48358"},"modified":"2024-09-11T15:40:23","modified_gmt":"2024-09-11T13:40:23","slug":"marca-baden","status":"publish","type":"page","link":"https:\/\/uhlsport.group\/es\/marca-baden\/","title":{"rendered":"Marca Baden"},"content":{"rendered":"<div id='av_section_1'  class='avia-section av-2kjlne-b232e0c3769910d53759b9f7c6dde749 main_color avia-section-default avia-no-border-styling  avia-builder-el-0  el_before_av_textblock  avia-builder-el-first  avia-bg-style-scroll container_wrap fullsize'  ><div class='container av-section-cont-open' ><main  role=\"main\" itemprop=\"mainContentOfPage\"  class='template-page content  av-content-full alpha units'><div class='post-entry post-entry-type-page post-entry-48358'><div class='entry-content-wrapper clearfix'>\n\n<style type=\"text\/css\" data-created_by=\"avia_inline_auto\" id=\"style-css-av-k0o2db10-e0aaf6e1247765162b0ac6cbdda14e69\">\n.avia-image-container.av-k0o2db10-e0aaf6e1247765162b0ac6cbdda14e69 img.avia_image{\nbox-shadow:none;\n}\n.avia-image-container.av-k0o2db10-e0aaf6e1247765162b0ac6cbdda14e69 .av-image-caption-overlay-center{\ncolor:#ffffff;\n}\n<\/style>\n<div  class='avia-image-container av-k0o2db10-e0aaf6e1247765162b0ac6cbdda14e69 av-styling- avia-align-center  avia-builder-el-1  el_before_av_image  avia-builder-el-first '   itemprop=\"image\" itemscope=\"itemscope\" itemtype=\"https:\/\/schema.org\/ImageObject\" ><div class=\"avia-image-container-inner\"><div class=\"avia-image-overlay-wrap\"><img decoding=\"async\" fetchpriority=\"high\" class='wp-image-48366 avia-img-lazy-loading-not-48366 avia_image ' src=\"https:\/\/uhlsport.group\/wp-content\/uploads\/2024\/07\/Baden-Logo_wordmark_black.png\" alt='' title=''  height=\"126\" width=\"329\"  itemprop=\"thumbnailUrl\" srcset=\"https:\/\/uhlsport.group\/wp-content\/uploads\/2024\/07\/Baden-Logo_wordmark_black.png 329w, https:\/\/uhlsport.group\/wp-content\/uploads\/2024\/07\/Baden-Logo_wordmark_black-300x115.png 300w\" sizes=\"(max-width: 329px) 100vw, 329px\" \/><\/div><\/div><\/div>\n\n<style type=\"text\/css\" data-created_by=\"avia_inline_auto\" id=\"style-css-av-k0o2db10-f76db0d9054e0f273da9b014055ee138\">\n.avia-image-container.av-k0o2db10-f76db0d9054e0f273da9b014055ee138 img.avia_image{\nbox-shadow:none;\n}\n.avia-image-container.av-k0o2db10-f76db0d9054e0f273da9b014055ee138 .av-image-caption-overlay-center{\ncolor:#ffffff;\n}\n<\/style>\n<div  class='avia-image-container av-k0o2db10-f76db0d9054e0f273da9b014055ee138 av-styling- avia-align-center  avia-builder-el-2  el_after_av_image  avia-builder-el-last '   itemprop=\"image\" itemscope=\"itemscope\" itemtype=\"https:\/\/schema.org\/ImageObject\" ><div class=\"avia-image-container-inner\"><div class=\"avia-image-overlay-wrap\"><img decoding=\"async\" fetchpriority=\"high\" class='wp-image-48362 avia-img-lazy-loading-not-48362 avia_image ' src=\"https:\/\/uhlsport.group\/wp-content\/uploads\/2024\/07\/uhlsport.group_baden.jpg\" alt='' title=''  height=\"819\" width=\"1920\"  itemprop=\"thumbnailUrl\" srcset=\"https:\/\/uhlsport.group\/wp-content\/uploads\/2024\/07\/uhlsport.group_baden.jpg 1920w, https:\/\/uhlsport.group\/wp-content\/uploads\/2024\/07\/uhlsport.group_baden-300x128.jpg 300w, https:\/\/uhlsport.group\/wp-content\/uploads\/2024\/07\/uhlsport.group_baden-1030x439.jpg 1030w, https:\/\/uhlsport.group\/wp-content\/uploads\/2024\/07\/uhlsport.group_baden-768x328.jpg 768w, https:\/\/uhlsport.group\/wp-content\/uploads\/2024\/07\/uhlsport.group_baden-1536x655.jpg 1536w, https:\/\/uhlsport.group\/wp-content\/uploads\/2024\/07\/uhlsport.group_baden-1500x640.jpg 1500w, https:\/\/uhlsport.group\/wp-content\/uploads\/2024\/07\/uhlsport.group_baden-705x301.jpg 705w, https:\/\/uhlsport.group\/wp-content\/uploads\/2024\/07\/uhlsport.group_baden-500x213.jpg 500w\" sizes=\"(max-width: 1920px) 100vw, 1920px\" \/><\/div><\/div><\/div>\n<\/div><\/div><\/main><!-- close content main element --><\/div><\/div><div id='after_section_1'  class='main_color av_default_container_wrap container_wrap fullsize'  ><div class='container av-section-cont-open' ><div class='template-page content  av-content-full alpha units'><div class='post-entry post-entry-type-page post-entry-48358'><div class='entry-content-wrapper clearfix'>\n<section  class='av_textblock_section av-jmly5lxs-e65fc6c92cc82e4c21074bfc38e6d547 '   itemscope=\"itemscope\" itemtype=\"https:\/\/schema.org\/CreativeWork\" ><div class='avia_textblock p-intro'  itemprop=\"text\" ><h1>Passion for a Better Game<\/h1>\n<\/div><\/section>\n<section  class='av_textblock_section av-jmly5lxs-4f9e336c70e84e80df9b2ab12c4c43e7 '   itemscope=\"itemscope\" itemtype=\"https:\/\/schema.org\/CreativeWork\" ><div class='avia_textblock'  itemprop=\"text\" ><p>Baden Sports representa la m\u00e1s alta calidad y una innovaci\u00f3n continua en el desarrollo y la fabricaci\u00f3n de balones de todo tipo. Desde 1979, la empresa establece est\u00e1ndares y ofrece productos que revolucionan la experiencia de juego.<\/p>\n<p>El origen de Baden se remonta a E.C. Schindler y su hijo Michael, quienes, como apasionados deportistas, persegu\u00edan el objetivo de desarrollar mejores balones deportivos. Con una visi\u00f3n clara y un trabajo incansable, crearon balones de calidad excepcional. Esta tradici\u00f3n contin\u00faa hasta hoy, estableciendo constantemente nuevos est\u00e1ndares.<\/p>\n<p>Impulsado por un constante deseo de mejora, Baden Sports hizo historia en 1984 al convertirse en la primera empresa en introducir un bal\u00f3n de baloncesto femenino especializado en la NCAA. Esta capacidad de innovaci\u00f3n se manifiesta en tecnolog\u00edas revolucionarias para baloncesto, voleibol, f\u00fatbol, f\u00fatbol americano, b\u00e9isbol y s\u00f3ftbol. Son especialmente notables los bates de b\u00e9isbol y s\u00f3ftbol Axe, que, con su dise\u00f1o ergon\u00f3mico, han redefinido completamente el juego.<\/p>\n<p>Los productos se crean a trav\u00e9s de an\u00e1lisis intensivos y optimizaciones continuas. Baden Sports no busca productos &#8220;me-too&#8221;, sino equipos deportivos de primera clase que ofrecen una experiencia de juego casi perfecta. La misi\u00f3n: \u00a1inspirar y entusiasmar a los jugadores!<\/p>\n<p><strong>Baden Sports en Europa<\/strong><\/p>\n<p>Desde 2023, uhlsport GmbH es el distribuidor exclusivo de Baden Sports en Europa, brindando a los atletas europeos acceso a los productos de alta calidad e innovadores de Baden. Esta colaboraci\u00f3n se refuerza con la asociaci\u00f3n con la easyCredit Basketball Bundesliga, donde Baden ser\u00e1 el socio oficial de balones de la liga a partir de la temporada 24\/25.<\/p>\n<p><strong>Un Nombre Alem\u00e1n<\/strong><\/p>\n<p>En su viaje en busca de un nuevo impulso para su carrera profesional, el ya exitoso ingeniero E.C. Schindler viaj\u00f3 a Alemania, el pa\u00eds de sus antepasados. En Baden-Baden, no solo naci\u00f3 la idea de concebir y producir los mejores balones deportivos del mundo, sino tambi\u00e9n el nombre de su marca. As\u00ed, Baden se pronuncia en alem\u00e1n [\u02c8ba\u02d0dn\u0329] y no en ingl\u00e9s [\u02c8be\u026a\u032fdn\u0329].<\/p>\n<p><a href=\"https:\/\/kempa-sports.com\/baelle\/basketbaelle\" target=\"_blank\" rel=\"noopener\"><strong>Baden en la tienda Kempa<\/strong><\/a><\/p>\n<div><a href=\"https:\/\/www.instagram.com\/kempasports\/\" target=\"_blank\" rel=\"noopener noreferrer\"><img decoding=\"async\" src=\"https:\/\/brand.uhlsport.com\/wp-content\/uploads\/2019\/05\/icon-sm-instagram.png\" alt=\"icon Instagram\" width=\"30\" \/><\/a><\/div>\n<\/div><\/section>\n\n<style type=\"text\/css\" data-created_by=\"avia_inline_auto\" id=\"style-css-av-k0l24cdy-424522bdfea9af990825223ad8cd52a3\">\n#top .hr.hr-invisible.av-k0l24cdy-424522bdfea9af990825223ad8cd52a3{\nheight:60px;\n}\n<\/style>\n<div  class='hr av-k0l24cdy-424522bdfea9af990825223ad8cd52a3 hr-invisible  avia-builder-el-5  el_after_av_textblock  el_before_av_section  avia-builder-el-last '><span class='hr-inner '><span class=\"hr-inner-style\"><\/span><\/span><\/div>\n<\/div><\/div><\/div><!-- close content main div --><\/div><\/div>\n<style type=\"text\/css\" data-created_by=\"avia_inline_auto\" id=\"style-css-av-k0lf8gfs-9a49b181b6ab9996fa92a1bcc17e6ee5\">\n.avia-section.av-k0lf8gfs-9a49b181b6ab9996fa92a1bcc17e6ee5{\nbackground-repeat:no-repeat;\nbackground-image:url(https:\/\/uhlsport.group\/wp-content\/uploads\/2019\/09\/karriere-bg.jpg);\nbackground-position:50% 0%;\nbackground-attachment:scroll;\n}\n<\/style>\n<div id='av_section_2'  class='avia-section av-k0lf8gfs-9a49b181b6ab9996fa92a1bcc17e6ee5 main_color avia-section-default avia-no-border-styling  avia-builder-el-6  el_after_av_hr  avia-builder-el-last  avia-full-stretch avia-bg-style-scroll av-minimum-height av-minimum-height-75 av-height-75  container_wrap fullsize'  data-section-bg-repeat='stretch' data-av_minimum_height_pc='75' data-av_min_height_opt='75'><div class='container av-section-cont-open' ><div class='template-page content  av-content-full alpha units'><div class='post-entry post-entry-type-page post-entry-48358'><div class='entry-content-wrapper clearfix'>\n\n<style type=\"text\/css\" data-created_by=\"avia_inline_auto\" id=\"style-css-av-2gw390-33c29d0686c55647d244198362e6691e\">\n.flex_column.av-2gw390-33c29d0686c55647d244198362e6691e{\nborder-radius:0px 0px 0px 0px;\npadding:120px 40px 120px 40px;\nbackground-color:#ffffff;\n}\n<\/style>\n<div  class='flex_column av-2gw390-33c29d0686c55647d244198362e6691e av_one_full  avia-builder-el-7  avia-builder-el-no-sibling  first flex_column_div  '     ><section  class='av_textblock_section av-jmly5lxs-d091084499f1c72437abbe6e52c01d66 '   itemscope=\"itemscope\" itemtype=\"https:\/\/schema.org\/CreativeWork\" ><div class='avia_textblock p-intro'  itemprop=\"text\" ><h2 style=\"text-align: left;\">Tu carrera en uhlsport group<\/h2>\n<\/div><\/section><br \/>\n<section  class='av_textblock_section av-jmly5lxs-cfc5002c9ff3298f8c44c4b9f518ad27 '   itemscope=\"itemscope\" itemtype=\"https:\/\/schema.org\/CreativeWork\" ><div class='avia_textblock'  itemprop=\"text\" ><p>Cada equipo tiene que trabajar regularmente en su equipo, expandirlo y mejorarlo. Siempre buscamos personas comprometidas, creativas y motivadas.<\/p>\n<p><a href=\"https:\/\/uhlsport.group\/es\/carrera\/\">ofertas de trabajo<\/a><\/p>\n<\/div><\/section><\/p><\/div>\n\n","protected":false},"excerpt":{"rendered":"","protected":false},"author":1,"featured_media":0,"parent":0,"menu_order":0,"comment_status":"closed","ping_status":"closed","template":"","meta":{"footnotes":""},"class_list":["post-48358","page","type-page","status-publish","hentry"],"yoast_head":"<!-- This site is optimized with the Yoast SEO plugin v27.2 - https:\/\/yoast.com\/product\/yoast-seo-wordpress\/ -->\n<title>La Marca Baden | Passion for a Better Game<\/title>\n<meta name=\"description\" content=\"Baden representa desde 1979 la m\u00e1s alta calidad e innovaci\u00f3n en el deporte de bal\u00f3n y revoluciona la experiencia de juego con sus productos.\" \/>\n<meta name=\"robots\" content=\"index, follow, max-snippet:-1, max-image-preview:large, max-video-preview:-1\" \/>\n<link rel=\"canonical\" href=\"https:\/\/uhlsport.group\/es\/marca-baden\/\" \/>\n<meta property=\"og:locale\" content=\"es_ES\" \/>\n<meta property=\"og:type\" content=\"article\" \/>\n<meta property=\"og:title\" content=\"La Marca Baden. Passion for a Better Game\" \/>\n<meta property=\"og:description\" content=\"Baden representa desde 1979 la m\u00e1s alta calidad e innovaci\u00f3n en el deporte de bal\u00f3n y revoluciona la experiencia de juego con sus productos.\" \/>\n<meta property=\"og:url\" content=\"https:\/\/uhlsport.group\/es\/marca-baden\/\" \/>\n<meta property=\"og:site_name\" content=\"uhlsport GmbH: Teamsport-Ausr\u00fcstung f\u00fcr Fu\u00dfball und Handball\" \/>\n<meta property=\"article:modified_time\" content=\"2024-09-11T13:40:23+00:00\" \/>\n<meta property=\"og:image\" content=\"https:\/\/brand.uhlsport.com\/wp-content\/uploads\/2019\/05\/icon-sm-instagram.png\" \/>\n<meta name=\"twitter:card\" content=\"summary_large_image\" \/>\n<meta name=\"twitter:title\" content=\"La Marca Baden. Passion for a Better Game\" \/>\n<meta name=\"twitter:description\" content=\"Baden representa desde 1979 la m\u00e1s alta calidad e innovaci\u00f3n en el deporte de bal\u00f3n y revoluciona la experiencia de juego con sus productos.\" \/>\n<meta name=\"twitter:label1\" content=\"Tiempo de lectura\" \/>\n\t<meta name=\"twitter:data1\" content=\"3 minutos\" \/>\n<script type=\"application\/ld+json\" class=\"yoast-schema-graph\">{\"@context\":\"https:\/\/schema.org\",\"@graph\":[{\"@type\":\"WebPage\",\"@id\":\"https:\/\/uhlsport.group\/es\/marca-baden\/\",\"url\":\"https:\/\/uhlsport.group\/es\/marca-baden\/\",\"name\":\"La Marca Baden | Passion for a Better Game\",\"isPartOf\":{\"@id\":\"https:\/\/uhlsport.group\/es\/#website\"},\"primaryImageOfPage\":{\"@id\":\"https:\/\/uhlsport.group\/es\/marca-baden\/#primaryimage\"},\"image\":{\"@id\":\"https:\/\/uhlsport.group\/es\/marca-baden\/#primaryimage\"},\"thumbnailUrl\":\"https:\/\/brand.uhlsport.com\/wp-content\/uploads\/2019\/05\/icon-sm-instagram.png\",\"datePublished\":\"2024-08-16T12:15:56+00:00\",\"dateModified\":\"2024-09-11T13:40:23+00:00\",\"description\":\"Baden representa desde 1979 la m\u00e1s alta calidad e innovaci\u00f3n en el deporte de bal\u00f3n y revoluciona la experiencia de juego con sus productos.\",\"breadcrumb\":{\"@id\":\"https:\/\/uhlsport.group\/es\/marca-baden\/#breadcrumb\"},\"inLanguage\":\"es\",\"potentialAction\":[{\"@type\":\"ReadAction\",\"target\":[\"https:\/\/uhlsport.group\/es\/marca-baden\/\"]}]},{\"@type\":\"ImageObject\",\"inLanguage\":\"es\",\"@id\":\"https:\/\/uhlsport.group\/es\/marca-baden\/#primaryimage\",\"url\":\"https:\/\/brand.uhlsport.com\/wp-content\/uploads\/2019\/05\/icon-sm-instagram.png\",\"contentUrl\":\"https:\/\/brand.uhlsport.com\/wp-content\/uploads\/2019\/05\/icon-sm-instagram.png\"},{\"@type\":\"BreadcrumbList\",\"@id\":\"https:\/\/uhlsport.group\/es\/marca-baden\/#breadcrumb\",\"itemListElement\":[{\"@type\":\"ListItem\",\"position\":1,\"name\":\"Startseite\",\"item\":\"https:\/\/uhlsport.group\/es\/\"},{\"@type\":\"ListItem\",\"position\":2,\"name\":\"Marca Baden\"}]},{\"@type\":\"WebSite\",\"@id\":\"https:\/\/uhlsport.group\/es\/#website\",\"url\":\"https:\/\/uhlsport.group\/es\/\",\"name\":\"uhlsport GmbH: Teamsport-Ausr\u00fcstung f\u00fcr Fu\u00dfball und Handball\",\"description\":\"Brave. Progressive. Trustworthy. uhlsport und Kempa \u2013 das ist die uhlsport GmbH, der Experte f\u00fcr Teamsport seit 1948.\",\"publisher\":{\"@id\":\"https:\/\/uhlsport.group\/es\/#organization\"},\"potentialAction\":[{\"@type\":\"SearchAction\",\"target\":{\"@type\":\"EntryPoint\",\"urlTemplate\":\"https:\/\/uhlsport.group\/es\/?s={search_term_string}\"},\"query-input\":{\"@type\":\"PropertyValueSpecification\",\"valueRequired\":true,\"valueName\":\"search_term_string\"}}],\"inLanguage\":\"es\"},{\"@type\":\"Organization\",\"@id\":\"https:\/\/uhlsport.group\/es\/#organization\",\"name\":\"uhlsport GmbH\",\"url\":\"https:\/\/uhlsport.group\/es\/\",\"logo\":{\"@type\":\"ImageObject\",\"inLanguage\":\"es\",\"@id\":\"https:\/\/uhlsport.group\/es\/#\/schema\/logo\/image\/\",\"url\":\"https:\/\/uhlsport.group\/wp-content\/uploads\/2019\/04\/Logo_uhlsport-Group.png\",\"contentUrl\":\"https:\/\/uhlsport.group\/wp-content\/uploads\/2019\/04\/Logo_uhlsport-Group.png\",\"width\":2151,\"height\":315,\"caption\":\"uhlsport GmbH\"},\"image\":{\"@id\":\"https:\/\/uhlsport.group\/es\/#\/schema\/logo\/image\/\"}}]}<\/script>\n<!-- \/ Yoast SEO plugin. -->","yoast_head_json":{"title":"La Marca Baden | Passion for a Better Game","description":"Baden representa desde 1979 la m\u00e1s alta calidad e innovaci\u00f3n en el deporte de bal\u00f3n y revoluciona la experiencia de juego con sus productos.","robots":{"index":"index","follow":"follow","max-snippet":"max-snippet:-1","max-image-preview":"max-image-preview:large","max-video-preview":"max-video-preview:-1"},"canonical":"https:\/\/uhlsport.group\/es\/marca-baden\/","og_locale":"es_ES","og_type":"article","og_title":"La Marca Baden. Passion for a Better Game","og_description":"Baden representa desde 1979 la m\u00e1s alta calidad e innovaci\u00f3n en el deporte de bal\u00f3n y revoluciona la experiencia de juego con sus productos.","og_url":"https:\/\/uhlsport.group\/es\/marca-baden\/","og_site_name":"uhlsport GmbH: Teamsport-Ausr\u00fcstung f\u00fcr Fu\u00dfball und Handball","article_modified_time":"2024-09-11T13:40:23+00:00","og_image":[{"url":"https:\/\/brand.uhlsport.com\/wp-content\/uploads\/2019\/05\/icon-sm-instagram.png","type":"","width":"","height":""}],"twitter_card":"summary_large_image","twitter_title":"La Marca Baden. Passion for a Better Game","twitter_description":"Baden representa desde 1979 la m\u00e1s alta calidad e innovaci\u00f3n en el deporte de bal\u00f3n y revoluciona la experiencia de juego con sus productos.","twitter_misc":{"Tiempo de lectura":"3 minutos"},"schema":{"@context":"https:\/\/schema.org","@graph":[{"@type":"WebPage","@id":"https:\/\/uhlsport.group\/es\/marca-baden\/","url":"https:\/\/uhlsport.group\/es\/marca-baden\/","name":"La Marca Baden | Passion for a Better Game","isPartOf":{"@id":"https:\/\/uhlsport.group\/es\/#website"},"primaryImageOfPage":{"@id":"https:\/\/uhlsport.group\/es\/marca-baden\/#primaryimage"},"image":{"@id":"https:\/\/uhlsport.group\/es\/marca-baden\/#primaryimage"},"thumbnailUrl":"https:\/\/brand.uhlsport.com\/wp-content\/uploads\/2019\/05\/icon-sm-instagram.png","datePublished":"2024-08-16T12:15:56+00:00","dateModified":"2024-09-11T13:40:23+00:00","description":"Baden representa desde 1979 la m\u00e1s alta calidad e innovaci\u00f3n en el deporte de bal\u00f3n y revoluciona la experiencia de juego con sus productos.","breadcrumb":{"@id":"https:\/\/uhlsport.group\/es\/marca-baden\/#breadcrumb"},"inLanguage":"es","potentialAction":[{"@type":"ReadAction","target":["https:\/\/uhlsport.group\/es\/marca-baden\/"]}]},{"@type":"ImageObject","inLanguage":"es","@id":"https:\/\/uhlsport.group\/es\/marca-baden\/#primaryimage","url":"https:\/\/brand.uhlsport.com\/wp-content\/uploads\/2019\/05\/icon-sm-instagram.png","contentUrl":"https:\/\/brand.uhlsport.com\/wp-content\/uploads\/2019\/05\/icon-sm-instagram.png"},{"@type":"BreadcrumbList","@id":"https:\/\/uhlsport.group\/es\/marca-baden\/#breadcrumb","itemListElement":[{"@type":"ListItem","position":1,"name":"Startseite","item":"https:\/\/uhlsport.group\/es\/"},{"@type":"ListItem","position":2,"name":"Marca Baden"}]},{"@type":"WebSite","@id":"https:\/\/uhlsport.group\/es\/#website","url":"https:\/\/uhlsport.group\/es\/","name":"uhlsport GmbH: Teamsport-Ausr\u00fcstung f\u00fcr Fu\u00dfball und Handball","description":"Brave. Progressive. Trustworthy. uhlsport und Kempa \u2013 das ist die uhlsport GmbH, der Experte f\u00fcr Teamsport seit 1948.","publisher":{"@id":"https:\/\/uhlsport.group\/es\/#organization"},"potentialAction":[{"@type":"SearchAction","target":{"@type":"EntryPoint","urlTemplate":"https:\/\/uhlsport.group\/es\/?s={search_term_string}"},"query-input":{"@type":"PropertyValueSpecification","valueRequired":true,"valueName":"search_term_string"}}],"inLanguage":"es"},{"@type":"Organization","@id":"https:\/\/uhlsport.group\/es\/#organization","name":"uhlsport GmbH","url":"https:\/\/uhlsport.group\/es\/","logo":{"@type":"ImageObject","inLanguage":"es","@id":"https:\/\/uhlsport.group\/es\/#\/schema\/logo\/image\/","url":"https:\/\/uhlsport.group\/wp-content\/uploads\/2019\/04\/Logo_uhlsport-Group.png","contentUrl":"https:\/\/uhlsport.group\/wp-content\/uploads\/2019\/04\/Logo_uhlsport-Group.png","width":2151,"height":315,"caption":"uhlsport GmbH"},"image":{"@id":"https:\/\/uhlsport.group\/es\/#\/schema\/logo\/image\/"}}]}},"_links":{"self":[{"href":"https:\/\/uhlsport.group\/es\/wp-json\/wp\/v2\/pages\/48358","targetHints":{"allow":["GET"]}}],"collection":[{"href":"https:\/\/uhlsport.group\/es\/wp-json\/wp\/v2\/pages"}],"about":[{"href":"https:\/\/uhlsport.group\/es\/wp-json\/wp\/v2\/types\/page"}],"author":[{"embeddable":true,"href":"https:\/\/uhlsport.group\/es\/wp-json\/wp\/v2\/users\/1"}],"replies":[{"embeddable":true,"href":"https:\/\/uhlsport.group\/es\/wp-json\/wp\/v2\/comments?post=48358"}],"version-history":[{"count":0,"href":"https:\/\/uhlsport.group\/es\/wp-json\/wp\/v2\/pages\/48358\/revisions"}],"wp:attachment":[{"href":"https:\/\/uhlsport.group\/es\/wp-json\/wp\/v2\/media?parent=48358"}],"curies":[{"name":"wp","href":"https:\/\/api.w.org\/{rel}","templated":true}]}}