{"id":22077,"date":"2019-09-16T10:00:19","date_gmt":"2019-09-16T08:00:19","guid":{"rendered":"https:\/\/uhlsport.group\/brand-uhlsport\/"},"modified":"2023-12-15T10:49:00","modified_gmt":"2023-12-15T09:49:00","slug":"marque-uhlsport","status":"publish","type":"page","link":"https:\/\/uhlsport.group\/fr\/marque-uhlsport\/","title":{"rendered":"Marque uhlsport"},"content":{"rendered":"<div id='av_section_1'  class='avia-section av-2kjlne-b232e0c3769910d53759b9f7c6dde749 main_color avia-section-default avia-no-border-styling  avia-builder-el-0  el_before_av_textblock  avia-builder-el-first  avia-bg-style-scroll container_wrap fullsize'  ><div class='container av-section-cont-open' ><main  role=\"main\" itemprop=\"mainContentOfPage\"  class='template-page content  av-content-full alpha units'><div class='post-entry post-entry-type-page post-entry-22077'><div class='entry-content-wrapper clearfix'>\n\n<style type=\"text\/css\" data-created_by=\"avia_inline_auto\" id=\"style-css-av-k0o2db10-122d84ce72b42eaec052bc262c555925\">\n.avia-image-container.av-k0o2db10-122d84ce72b42eaec052bc262c555925 img.avia_image{\nbox-shadow:none;\n}\n.avia-image-container.av-k0o2db10-122d84ce72b42eaec052bc262c555925 .av-image-caption-overlay-center{\ncolor:#ffffff;\n}\n<\/style>\n<div  class='avia-image-container av-k0o2db10-122d84ce72b42eaec052bc262c555925 av-styling- avia-align-center  avia-builder-el-1  el_before_av_image  avia-builder-el-first '   itemprop=\"image\" itemscope=\"itemscope\" itemtype=\"https:\/\/schema.org\/ImageObject\" ><div class=\"avia-image-container-inner\"><div class=\"avia-image-overlay-wrap\"><img decoding=\"async\" fetchpriority=\"high\" class='wp-image-9133 avia-img-lazy-loading-not-9133 avia_image ' src=\"https:\/\/uhlsport.group\/wp-content\/uploads\/2019\/09\/logo-uhlpsort-2.png\" alt='logo-uhlpsort' title='logo-uhlpsort'  height=\"126\" width=\"329\"  itemprop=\"thumbnailUrl\" srcset=\"https:\/\/uhlsport.group\/wp-content\/uploads\/2019\/09\/logo-uhlpsort-2.png 329w, https:\/\/uhlsport.group\/wp-content\/uploads\/2019\/09\/logo-uhlpsort-2-300x115.png 300w\" sizes=\"(max-width: 329px) 100vw, 329px\" \/><\/div><\/div><\/div>\n\n<style type=\"text\/css\" data-created_by=\"avia_inline_auto\" id=\"style-css-av-k0o2db10-261073c901329489bfaca3a4f2f5cc3f\">\n.avia-image-container.av-k0o2db10-261073c901329489bfaca3a4f2f5cc3f img.avia_image{\nbox-shadow:none;\n}\n.avia-image-container.av-k0o2db10-261073c901329489bfaca3a4f2f5cc3f .av-image-caption-overlay-center{\ncolor:#ffffff;\n}\n<\/style>\n<div  class='avia-image-container av-k0o2db10-261073c901329489bfaca3a4f2f5cc3f av-styling- avia-align-center  avia-builder-el-2  el_after_av_image  avia-builder-el-last '   itemprop=\"image\" itemscope=\"itemscope\" itemtype=\"https:\/\/schema.org\/ImageObject\" ><div class=\"avia-image-container-inner\"><div class=\"avia-image-overlay-wrap\"><img decoding=\"async\" fetchpriority=\"high\" class='wp-image-41261 avia-img-lazy-loading-not-41261 avia_image ' src=\"https:\/\/uhlsport.group\/wp-content\/uploads\/2023\/12\/uhlsport.png\" alt='' title=''  height=\"819\" width=\"1920\"  itemprop=\"thumbnailUrl\" srcset=\"https:\/\/uhlsport.group\/wp-content\/uploads\/2023\/12\/uhlsport.png 1920w, https:\/\/uhlsport.group\/wp-content\/uploads\/2023\/12\/uhlsport-300x128.png 300w, https:\/\/uhlsport.group\/wp-content\/uploads\/2023\/12\/uhlsport-1030x439.png 1030w, https:\/\/uhlsport.group\/wp-content\/uploads\/2023\/12\/uhlsport-768x328.png 768w, https:\/\/uhlsport.group\/wp-content\/uploads\/2023\/12\/uhlsport-1536x655.png 1536w, https:\/\/uhlsport.group\/wp-content\/uploads\/2023\/12\/uhlsport-1500x640.png 1500w, https:\/\/uhlsport.group\/wp-content\/uploads\/2023\/12\/uhlsport-705x301.png 705w, https:\/\/uhlsport.group\/wp-content\/uploads\/2023\/12\/uhlsport-500x213.png 500w\" sizes=\"(max-width: 1920px) 100vw, 1920px\" \/><\/div><\/div><\/div>\n<\/div><\/div><\/main><!-- close content main element --><\/div><\/div><div id='after_section_1'  class='main_color av_default_container_wrap container_wrap fullsize'  ><div class='container av-section-cont-open' ><div class='template-page content  av-content-full alpha units'><div class='post-entry post-entry-type-page post-entry-22077'><div class='entry-content-wrapper clearfix'><section  class='av_textblock_section av-jmly5lxs-d091084499f1c72437abbe6e52c01d66 '   itemscope=\"itemscope\" itemtype=\"https:\/\/schema.org\/CreativeWork\" ><div class='avia_textblock p-intro'  itemprop=\"text\" ><h1>aim high.<br \/>\nbe part of the best.<\/h1>\n<\/div><\/section><\/p>\n<section  class='av_textblock_section av-jmly5lxs-ddbf7f64384e537e1a82218e80058934 '   itemscope=\"itemscope\" itemtype=\"https:\/\/schema.org\/CreativeWork\" ><div class='avia_textblock'  itemprop=\"text\" ><p>uhlsport est un sp\u00e9cialiste des gardiens de but et expert en sports collectifs. Tout ce qui compte sur le terrain et dans la surface de r\u00e9paration, tout ce qui fait une \u00e9quipe, est combin\u00e9 par la marque : la confiance, le courage et la volont\u00e9 d&#8217;am\u00e9lioration constante. Pas seulement pour jouer, mais pour \u00eatre parmi les meilleurs&#8230;<\/p>\n<p>uhlsport est \u00e0 l&#8217;origine de nos efforts, de nos id\u00e9es et de nos cr\u00e9ations dans les sports collectifs. La marque, qui a commenc\u00e9 \u00e0 d\u00e9velopper des crampons en cuir pour chaussures de football en 1948 en Souabe (Allemagne), se pr\u00e9sente aujourd&#8217;hui avec une image internationale. uhlsport est connu et vu dans le monde entier &#8211; et pas seulement au niveau des clubs de football. Nous sommes particuli\u00e8rement connus pour nos technologies et nos d\u00e9veloppements dans le milieu des gardiens de but.<\/p>\n<p>Vous \u00eates l&#8217;\u00e9pine dorsale de l&#8217;\u00e9quipe et vos erreurs payent cash. Nous savons qu&#8217;un bon gardien de but ne fonctionne qu&#8217;avec le meilleur \u00e9quipement. C&#8217;est pourquoi uhlsport est sp\u00e9cialis\u00e9 dans les exigences des gardiens de but. Depuis des d\u00e9cennies, nous \u00e9tablissons des normes dans le monde entier avec nos gants.<\/p>\n<p>Nos brevets et innovations r\u00e9volutionnent l\u2019\u00e9quipement du gardien moderne. Nos mousses, coupes et montures forment un portefeuille complet pour toutes les ligues, tous les groupes d&#8217;\u00e2ge et toutes les gammes de prix. Nous sommes des sp\u00e9cialistes des gardiens de but. Nos gardiens de but le pensent aussi. Partout dans le monde, les gardiens de but portent des gants uhlsport, r\u00e9alisent de superbes parades et gagne m\u00eame parfois la Coupe du Monde. Alphonse Areola, Oliver Baumann, Ron-Robert Zieler &#8211; la liste est longue. Ils font tous partie de nous, ils sont l&#8217;uhlsquad.<\/p>\n<p>Le football est un sport collectif dans lequel l&#8217;\u00e9quipe est au-dessus de tout, au-dessus de toute performance individuelle de haut niveau. Ainsi : pas de succ\u00e8s sans \u00e9quipe. uhlsport soutient toutes les \u00e9quipes, nous cr\u00e9ons des collections, nous produisons des textiles, des ballons, des sacs et des accessoires. Nous fournissons aux clubs du monde entier des maillots, du mat\u00e9riel d&#8217;entra\u00eenement et des tenues de pr\u00e9sentation. Tout cela, nous le faisons parce que nous voulons atteindre nos objectifs \u00e9lev\u00e9s. On joue dans notre propre ligue, on l&#8217;appelle l\u2018uhleague.<\/p>\n<p><a class=\"normal-link\" href=\"https:\/\/shop.uhlsport.com\/\" target=\"_blank\" rel=\"noopener noreferrer\">Goalkeeper shop (Allemagne)<\/a><\/p>\n<p><a class=\"normal-link\" href=\"https:\/\/brand.uhlsport.com\/en\/\" target=\"_blank\" rel=\"noopener noreferrer\">uhlsquad blog (english)<\/a><\/p>\n<div><a href=\"https:\/\/www.instagram.com\/uhlsport.de\/\" target=\"_blank\" rel=\"noopener noreferrer\"><img decoding=\"async\" src=\"https:\/\/brand.uhlsport.com\/wp-content\/uploads\/2019\/05\/icon-sm-instagram.png\" alt=\"icon Instagram\" width=\"30\" \/><\/a> \u00a0 <a href=\"https:\/\/www.facebook.com\/uhlsport\/\" target=\"_blank\" rel=\"noopener noreferrer\"><img decoding=\"async\" src=\"https:\/\/brand.uhlsport.com\/wp-content\/uploads\/2019\/05\/icon-sm-facebook.png\" alt=\"icon Facebook\" width=\"30\" \/><\/a> \u00a0\u00a0 <a href=\"https:\/\/www.youtube.com\/user\/uhlsportTV\" target=\"_blank\" rel=\"noopener noreferrer\"><img decoding=\"async\" src=\"https:\/\/brand.uhlsport.com\/wp-content\/uploads\/2019\/05\/icon-sm-youtube.png\" alt=\"icon Youtube\" width=\"30\" \/><\/a><\/div>\n<div class=\"uhl-footer-smrow\">Goalkeepers only<br \/>\n<a href=\"https:\/\/www.instagram.com\/uhlsportgoalkeeper\/\" target=\"_blank\" rel=\"noopener noreferrer\"><img decoding=\"async\" src=\"https:\/\/brand.uhlsport.com\/wp-content\/uploads\/2019\/05\/icon-sm-instagram.png\" alt=\"icon Instagram\" width=\"30\" \/><\/a> \u00a0 <a href=\"https:\/\/www.facebook.com\/uhlsportgoalkeeper\/\" target=\"_blank\" rel=\"noopener noreferrer\"><img decoding=\"async\" src=\"https:\/\/brand.uhlsport.com\/wp-content\/uploads\/2019\/05\/icon-sm-facebook.png\" alt=\"icon Facebook\" width=\"30\" \/><\/a><\/div>\n<\/div><\/section>\n\n<style type=\"text\/css\" data-created_by=\"avia_inline_auto\" id=\"style-css-av-k0l24cdy-424522bdfea9af990825223ad8cd52a3\">\n#top .hr.hr-invisible.av-k0l24cdy-424522bdfea9af990825223ad8cd52a3{\nheight:60px;\n}\n<\/style>\n<div  class='hr av-k0l24cdy-424522bdfea9af990825223ad8cd52a3 hr-invisible  avia-builder-el-5  el_after_av_textblock  el_before_av_section  avia-builder-el-last '><span class='hr-inner '><span class=\"hr-inner-style\"><\/span><\/span><\/div>\n<\/div><\/div><\/div><!-- close content main div --><\/div><\/div>\n<style type=\"text\/css\" data-created_by=\"avia_inline_auto\" id=\"style-css-av-k0lf8gfs-9a49b181b6ab9996fa92a1bcc17e6ee5\">\n.avia-section.av-k0lf8gfs-9a49b181b6ab9996fa92a1bcc17e6ee5{\nbackground-repeat:no-repeat;\nbackground-image:url(https:\/\/uhlsport.group\/wp-content\/uploads\/2019\/09\/karriere-bg.jpg);\nbackground-position:50% 0%;\nbackground-attachment:scroll;\n}\n<\/style>\n<div id='av_section_2'  class='avia-section av-k0lf8gfs-9a49b181b6ab9996fa92a1bcc17e6ee5 main_color avia-section-default avia-no-border-styling  avia-builder-el-6  el_after_av_hr  avia-builder-el-last  avia-full-stretch avia-bg-style-scroll av-minimum-height av-minimum-height-75 av-height-75  container_wrap fullsize'  data-section-bg-repeat='stretch' data-av_minimum_height_pc='75' data-av_min_height_opt='75'><div class='container av-section-cont-open' ><div class='template-page content  av-content-full alpha units'><div class='post-entry post-entry-type-page post-entry-22077'><div class='entry-content-wrapper clearfix'>\n\n<style type=\"text\/css\" data-created_by=\"avia_inline_auto\" id=\"style-css-av-2gw390-33c29d0686c55647d244198362e6691e\">\n.flex_column.av-2gw390-33c29d0686c55647d244198362e6691e{\nborder-radius:0px 0px 0px 0px;\npadding:120px 40px 120px 40px;\nbackground-color:#ffffff;\n}\n<\/style>\n<div  class='flex_column av-2gw390-33c29d0686c55647d244198362e6691e av_one_full  avia-builder-el-7  avia-builder-el-no-sibling  first flex_column_div  '     ><section  class='av_textblock_section av-jmly5lxs-ceb201235ba94b340844dd90f518ce48 '   itemscope=\"itemscope\" itemtype=\"https:\/\/schema.org\/CreativeWork\" ><div class='avia_textblock p-intro'  itemprop=\"text\" ><h2 style=\"text-align: left;\"><strong>Votre carri\u00e8re au sein du groupe uhlsport<\/strong><\/h2>\n<\/div><\/section><br \/>\n<section  class='av_textblock_section av-jmly5lxs-9265327a8239381fd2ca74d48b750413 '   itemscope=\"itemscope\" itemtype=\"https:\/\/schema.org\/CreativeWork\" ><div class='avia_textblock'  itemprop=\"text\" ><p>Chaque \u00e9quipe doit travailler r\u00e9guli\u00e8rement sur son effectif, le d\u00e9velopper et l&#8217;am\u00e9liorer. Nous sommes toujours \u00e0 la recherche de personnes engag\u00e9es, cr\u00e9atives et motiv\u00e9es.<\/p>\n<p><a href=\"https:\/\/uhlsport.group\/fr\/carriere\/\">Plus<\/a><\/p>\n<\/div><\/section><\/p><\/div>\n\n","protected":false},"excerpt":{"rendered":"","protected":false},"author":1,"featured_media":0,"parent":0,"menu_order":0,"comment_status":"closed","ping_status":"closed","template":"","meta":{"footnotes":""},"class_list":["post-22077","page","type-page","status-publish","hentry"],"yoast_head":"<!-- This site is optimized with the Yoast SEO plugin v27.2 - https:\/\/yoast.com\/product\/yoast-seo-wordpress\/ -->\n<title>En savoir plus sur la marque uhlsport. Fournisseur pour le football.<\/title>\n<meta name=\"description\" content=\"uhlsport est un sp\u00e9cialiste des gardiens de but et des sports collectifs. Nous fournissons des gants et des v\u00eatements de gardien de but de grande qualit\u00e9.\" \/>\n<meta name=\"robots\" content=\"index, follow, max-snippet:-1, max-image-preview:large, max-video-preview:-1\" \/>\n<link rel=\"canonical\" href=\"https:\/\/uhlsport.group\/fr\/marque-uhlsport\/\" \/>\n<meta property=\"og:locale\" content=\"fr_FR\" \/>\n<meta property=\"og:type\" content=\"article\" \/>\n<meta property=\"og:title\" content=\"En savoir plus sur la marque uhlsport. Fournisseur pour le football.\" \/>\n<meta property=\"og:description\" content=\"Uhlsport est un sp\u00e9cialiste des gardiens de but et des sports collectifs. Nous fournissons des gants et des v\u00eatements de gardien de but de grande qualit\u00e9.\" \/>\n<meta property=\"og:url\" content=\"https:\/\/uhlsport.group\/fr\/marque-uhlsport\/\" \/>\n<meta property=\"og:site_name\" content=\"uhlsport GmbH: Teamsport-Ausr\u00fcstung f\u00fcr Fu\u00dfball und Handball\" \/>\n<meta property=\"article:modified_time\" content=\"2023-12-15T09:49:00+00:00\" \/>\n<meta property=\"og:image\" content=\"https:\/\/brand.uhlsport.com\/wp-content\/uploads\/2019\/05\/icon-sm-instagram.png\" \/>\n<meta name=\"twitter:card\" content=\"summary_large_image\" \/>\n<meta name=\"twitter:title\" content=\"En savoir plus sur la marque uhlsport. Fournisseur pour le football.\" \/>\n<meta name=\"twitter:description\" content=\"Uhlsport est un sp\u00e9cialiste des gardiens de but et des sports collectifs. Nous fournissons des gants et des v\u00eatements de gardien de but de grande qualit\u00e9.\" \/>\n<meta name=\"twitter:label1\" content=\"Dur\u00e9e de lecture estim\u00e9e\" \/>\n\t<meta name=\"twitter:data1\" content=\"5 minutes\" \/>\n<script type=\"application\/ld+json\" class=\"yoast-schema-graph\">{\"@context\":\"https:\/\/schema.org\",\"@graph\":[{\"@type\":\"WebPage\",\"@id\":\"https:\/\/uhlsport.group\/fr\/marque-uhlsport\/\",\"url\":\"https:\/\/uhlsport.group\/fr\/marque-uhlsport\/\",\"name\":\"En savoir plus sur la marque uhlsport. Fournisseur pour le football.\",\"isPartOf\":{\"@id\":\"https:\/\/uhlsport.group\/fr\/#website\"},\"primaryImageOfPage\":{\"@id\":\"https:\/\/uhlsport.group\/fr\/marque-uhlsport\/#primaryimage\"},\"image\":{\"@id\":\"https:\/\/uhlsport.group\/fr\/marque-uhlsport\/#primaryimage\"},\"thumbnailUrl\":\"https:\/\/brand.uhlsport.com\/wp-content\/uploads\/2019\/05\/icon-sm-instagram.png\",\"datePublished\":\"2019-09-16T08:00:19+00:00\",\"dateModified\":\"2023-12-15T09:49:00+00:00\",\"description\":\"uhlsport est un sp\u00e9cialiste des gardiens de but et des sports collectifs. Nous fournissons des gants et des v\u00eatements de gardien de but de grande qualit\u00e9.\",\"breadcrumb\":{\"@id\":\"https:\/\/uhlsport.group\/fr\/marque-uhlsport\/#breadcrumb\"},\"inLanguage\":\"fr-FR\",\"potentialAction\":[{\"@type\":\"ReadAction\",\"target\":[\"https:\/\/uhlsport.group\/fr\/marque-uhlsport\/\"]}]},{\"@type\":\"ImageObject\",\"inLanguage\":\"fr-FR\",\"@id\":\"https:\/\/uhlsport.group\/fr\/marque-uhlsport\/#primaryimage\",\"url\":\"https:\/\/brand.uhlsport.com\/wp-content\/uploads\/2019\/05\/icon-sm-instagram.png\",\"contentUrl\":\"https:\/\/brand.uhlsport.com\/wp-content\/uploads\/2019\/05\/icon-sm-instagram.png\"},{\"@type\":\"BreadcrumbList\",\"@id\":\"https:\/\/uhlsport.group\/fr\/marque-uhlsport\/#breadcrumb\",\"itemListElement\":[{\"@type\":\"ListItem\",\"position\":1,\"name\":\"Startseite\",\"item\":\"https:\/\/uhlsport.group\/fr\/\"},{\"@type\":\"ListItem\",\"position\":2,\"name\":\"Marque uhlsport\"}]},{\"@type\":\"WebSite\",\"@id\":\"https:\/\/uhlsport.group\/fr\/#website\",\"url\":\"https:\/\/uhlsport.group\/fr\/\",\"name\":\"uhlsport GmbH: Teamsport-Ausr\u00fcstung f\u00fcr Fu\u00dfball und Handball\",\"description\":\"Brave. Progressive. Trustworthy. uhlsport und Kempa \u2013 das ist die uhlsport GmbH, der Experte f\u00fcr Teamsport seit 1948.\",\"publisher\":{\"@id\":\"https:\/\/uhlsport.group\/fr\/#organization\"},\"potentialAction\":[{\"@type\":\"SearchAction\",\"target\":{\"@type\":\"EntryPoint\",\"urlTemplate\":\"https:\/\/uhlsport.group\/fr\/?s={search_term_string}\"},\"query-input\":{\"@type\":\"PropertyValueSpecification\",\"valueRequired\":true,\"valueName\":\"search_term_string\"}}],\"inLanguage\":\"fr-FR\"},{\"@type\":\"Organization\",\"@id\":\"https:\/\/uhlsport.group\/fr\/#organization\",\"name\":\"uhlsport GmbH\",\"url\":\"https:\/\/uhlsport.group\/fr\/\",\"logo\":{\"@type\":\"ImageObject\",\"inLanguage\":\"fr-FR\",\"@id\":\"https:\/\/uhlsport.group\/fr\/#\/schema\/logo\/image\/\",\"url\":\"https:\/\/uhlsport.group\/wp-content\/uploads\/2019\/04\/Logo_uhlsport-Group.png\",\"contentUrl\":\"https:\/\/uhlsport.group\/wp-content\/uploads\/2019\/04\/Logo_uhlsport-Group.png\",\"width\":2151,\"height\":315,\"caption\":\"uhlsport GmbH\"},\"image\":{\"@id\":\"https:\/\/uhlsport.group\/fr\/#\/schema\/logo\/image\/\"}}]}<\/script>\n<!-- \/ Yoast SEO plugin. -->","yoast_head_json":{"title":"En savoir plus sur la marque uhlsport. Fournisseur pour le football.","description":"uhlsport est un sp\u00e9cialiste des gardiens de but et des sports collectifs. Nous fournissons des gants et des v\u00eatements de gardien de but de grande qualit\u00e9.","robots":{"index":"index","follow":"follow","max-snippet":"max-snippet:-1","max-image-preview":"max-image-preview:large","max-video-preview":"max-video-preview:-1"},"canonical":"https:\/\/uhlsport.group\/fr\/marque-uhlsport\/","og_locale":"fr_FR","og_type":"article","og_title":"En savoir plus sur la marque uhlsport. Fournisseur pour le football.","og_description":"Uhlsport est un sp\u00e9cialiste des gardiens de but et des sports collectifs. Nous fournissons des gants et des v\u00eatements de gardien de but de grande qualit\u00e9.","og_url":"https:\/\/uhlsport.group\/fr\/marque-uhlsport\/","og_site_name":"uhlsport GmbH: Teamsport-Ausr\u00fcstung f\u00fcr Fu\u00dfball und Handball","article_modified_time":"2023-12-15T09:49:00+00:00","og_image":[{"url":"https:\/\/brand.uhlsport.com\/wp-content\/uploads\/2019\/05\/icon-sm-instagram.png","type":"","width":"","height":""}],"twitter_card":"summary_large_image","twitter_title":"En savoir plus sur la marque uhlsport. Fournisseur pour le football.","twitter_description":"Uhlsport est un sp\u00e9cialiste des gardiens de but et des sports collectifs. Nous fournissons des gants et des v\u00eatements de gardien de but de grande qualit\u00e9.","twitter_misc":{"Dur\u00e9e de lecture estim\u00e9e":"5 minutes"},"schema":{"@context":"https:\/\/schema.org","@graph":[{"@type":"WebPage","@id":"https:\/\/uhlsport.group\/fr\/marque-uhlsport\/","url":"https:\/\/uhlsport.group\/fr\/marque-uhlsport\/","name":"En savoir plus sur la marque uhlsport. Fournisseur pour le football.","isPartOf":{"@id":"https:\/\/uhlsport.group\/fr\/#website"},"primaryImageOfPage":{"@id":"https:\/\/uhlsport.group\/fr\/marque-uhlsport\/#primaryimage"},"image":{"@id":"https:\/\/uhlsport.group\/fr\/marque-uhlsport\/#primaryimage"},"thumbnailUrl":"https:\/\/brand.uhlsport.com\/wp-content\/uploads\/2019\/05\/icon-sm-instagram.png","datePublished":"2019-09-16T08:00:19+00:00","dateModified":"2023-12-15T09:49:00+00:00","description":"uhlsport est un sp\u00e9cialiste des gardiens de but et des sports collectifs. Nous fournissons des gants et des v\u00eatements de gardien de but de grande qualit\u00e9.","breadcrumb":{"@id":"https:\/\/uhlsport.group\/fr\/marque-uhlsport\/#breadcrumb"},"inLanguage":"fr-FR","potentialAction":[{"@type":"ReadAction","target":["https:\/\/uhlsport.group\/fr\/marque-uhlsport\/"]}]},{"@type":"ImageObject","inLanguage":"fr-FR","@id":"https:\/\/uhlsport.group\/fr\/marque-uhlsport\/#primaryimage","url":"https:\/\/brand.uhlsport.com\/wp-content\/uploads\/2019\/05\/icon-sm-instagram.png","contentUrl":"https:\/\/brand.uhlsport.com\/wp-content\/uploads\/2019\/05\/icon-sm-instagram.png"},{"@type":"BreadcrumbList","@id":"https:\/\/uhlsport.group\/fr\/marque-uhlsport\/#breadcrumb","itemListElement":[{"@type":"ListItem","position":1,"name":"Startseite","item":"https:\/\/uhlsport.group\/fr\/"},{"@type":"ListItem","position":2,"name":"Marque uhlsport"}]},{"@type":"WebSite","@id":"https:\/\/uhlsport.group\/fr\/#website","url":"https:\/\/uhlsport.group\/fr\/","name":"uhlsport GmbH: Teamsport-Ausr\u00fcstung f\u00fcr Fu\u00dfball und Handball","description":"Brave. Progressive. Trustworthy. uhlsport und Kempa \u2013 das ist die uhlsport GmbH, der Experte f\u00fcr Teamsport seit 1948.","publisher":{"@id":"https:\/\/uhlsport.group\/fr\/#organization"},"potentialAction":[{"@type":"SearchAction","target":{"@type":"EntryPoint","urlTemplate":"https:\/\/uhlsport.group\/fr\/?s={search_term_string}"},"query-input":{"@type":"PropertyValueSpecification","valueRequired":true,"valueName":"search_term_string"}}],"inLanguage":"fr-FR"},{"@type":"Organization","@id":"https:\/\/uhlsport.group\/fr\/#organization","name":"uhlsport GmbH","url":"https:\/\/uhlsport.group\/fr\/","logo":{"@type":"ImageObject","inLanguage":"fr-FR","@id":"https:\/\/uhlsport.group\/fr\/#\/schema\/logo\/image\/","url":"https:\/\/uhlsport.group\/wp-content\/uploads\/2019\/04\/Logo_uhlsport-Group.png","contentUrl":"https:\/\/uhlsport.group\/wp-content\/uploads\/2019\/04\/Logo_uhlsport-Group.png","width":2151,"height":315,"caption":"uhlsport GmbH"},"image":{"@id":"https:\/\/uhlsport.group\/fr\/#\/schema\/logo\/image\/"}}]}},"_links":{"self":[{"href":"https:\/\/uhlsport.group\/fr\/wp-json\/wp\/v2\/pages\/22077","targetHints":{"allow":["GET"]}}],"collection":[{"href":"https:\/\/uhlsport.group\/fr\/wp-json\/wp\/v2\/pages"}],"about":[{"href":"https:\/\/uhlsport.group\/fr\/wp-json\/wp\/v2\/types\/page"}],"author":[{"embeddable":true,"href":"https:\/\/uhlsport.group\/fr\/wp-json\/wp\/v2\/users\/1"}],"replies":[{"embeddable":true,"href":"https:\/\/uhlsport.group\/fr\/wp-json\/wp\/v2\/comments?post=22077"}],"version-history":[{"count":0,"href":"https:\/\/uhlsport.group\/fr\/wp-json\/wp\/v2\/pages\/22077\/revisions"}],"wp:attachment":[{"href":"https:\/\/uhlsport.group\/fr\/wp-json\/wp\/v2\/media?parent=22077"}],"curies":[{"name":"wp","href":"https:\/\/api.w.org\/{rel}","templated":true}]}}