{"id":22078,"date":"2019-09-16T10:00:51","date_gmt":"2019-09-16T08:00:51","guid":{"rendered":"https:\/\/uhlsport.group\/brand-kempa\/"},"modified":"2022-11-08T11:41:51","modified_gmt":"2022-11-08T10:41:51","slug":"marque-kempa","status":"publish","type":"page","link":"https:\/\/uhlsport.group\/fr\/marque-kempa\/","title":{"rendered":"Marque Kempa"},"content":{"rendered":"\n<style type=\"text\/css\" data-created_by=\"avia_inline_auto\" id=\"style-css-av-k0o2db10-c1988ec9e7abafca4e440cf2cefcd074\">\n.avia-image-container.av-k0o2db10-c1988ec9e7abafca4e440cf2cefcd074 img.avia_image{\nbox-shadow:none;\n}\n.avia-image-container.av-k0o2db10-c1988ec9e7abafca4e440cf2cefcd074 .av-image-caption-overlay-center{\ncolor:#ffffff;\n}\n<\/style>\n<div  class='avia-image-container av-k0o2db10-c1988ec9e7abafca4e440cf2cefcd074 av-styling- avia-align-center  avia-builder-el-0  el_before_av_section  avia-builder-el-no-sibling '   itemprop=\"image\" itemscope=\"itemscope\" itemtype=\"https:\/\/schema.org\/ImageObject\" ><div class=\"avia-image-container-inner\"><div class=\"avia-image-overlay-wrap\"><img decoding=\"async\" fetchpriority=\"high\" class='wp-image-9099 avia-img-lazy-loading-not-9099 avia_image ' src=\"https:\/\/uhlsport.group\/wp-content\/uploads\/2019\/09\/logo-kempa-1.png\" alt='logo-kempa' title='logo-kempa'  height=\"104\" width=\"273\"  itemprop=\"thumbnailUrl\"  \/><\/div><\/div><\/div>\n<\/div><\/div><\/div><!-- close content main div --><\/div><\/div><div id='av_section_1'  class='avia-section av-39oqj1-3c3fc5fa8f73c5fade9e4697b7904b5a main_color avia-section-default avia-no-border-styling  avia-builder-el-1  el_after_av_image  el_before_av_textblock  avia-bg-style-scroll container_wrap fullsize'  ><div class='container av-section-cont-open' ><div class='template-page content  av-content-full alpha units'><div class='post-entry post-entry-type-page post-entry-22078'><div class='entry-content-wrapper clearfix'>\n\n<style type=\"text\/css\" data-created_by=\"avia_inline_auto\" id=\"style-css-av-k0o2db10-6064d1cb06f0484439aaa83d4f365b8e\">\n.avia-image-container.av-k0o2db10-6064d1cb06f0484439aaa83d4f365b8e img.avia_image{\nbox-shadow:none;\n}\n.avia-image-container.av-k0o2db10-6064d1cb06f0484439aaa83d4f365b8e .av-image-caption-overlay-center{\ncolor:#ffffff;\n}\n<\/style>\n<div  class='avia-image-container av-k0o2db10-6064d1cb06f0484439aaa83d4f365b8e av-styling- avia-align-center  avia-builder-el-2  avia-builder-el-no-sibling '   itemprop=\"image\" itemscope=\"itemscope\" itemtype=\"https:\/\/schema.org\/ImageObject\" ><div class=\"avia-image-container-inner\"><div class=\"avia-image-overlay-wrap\"><img decoding=\"async\" fetchpriority=\"high\" class='wp-image-25641 avia-img-lazy-loading-not-25641 avia_image ' src=\"https:\/\/uhlsport.group\/wp-content\/uploads\/2022\/06\/Kempa_image_uhlsport_gmbH.jpg\" alt='Xenia Smits und Uwe Gensheimer' title=''  height=\"819\" width=\"1920\"  itemprop=\"thumbnailUrl\" srcset=\"https:\/\/uhlsport.group\/wp-content\/uploads\/2022\/06\/Kempa_image_uhlsport_gmbH.jpg 1920w, https:\/\/uhlsport.group\/wp-content\/uploads\/2022\/06\/Kempa_image_uhlsport_gmbH-300x128.jpg 300w, https:\/\/uhlsport.group\/wp-content\/uploads\/2022\/06\/Kempa_image_uhlsport_gmbH-1030x439.jpg 1030w, https:\/\/uhlsport.group\/wp-content\/uploads\/2022\/06\/Kempa_image_uhlsport_gmbH-768x328.jpg 768w, https:\/\/uhlsport.group\/wp-content\/uploads\/2022\/06\/Kempa_image_uhlsport_gmbH-1536x655.jpg 1536w, https:\/\/uhlsport.group\/wp-content\/uploads\/2022\/06\/Kempa_image_uhlsport_gmbH-1500x640.jpg 1500w, https:\/\/uhlsport.group\/wp-content\/uploads\/2022\/06\/Kempa_image_uhlsport_gmbH-705x301.jpg 705w, https:\/\/uhlsport.group\/wp-content\/uploads\/2022\/06\/Kempa_image_uhlsport_gmbH-500x213.jpg 500w\" sizes=\"(max-width: 1920px) 100vw, 1920px\" \/><\/div><\/div><\/div>\n<\/div><\/div><\/div><!-- close content main div --><\/div><\/div><div id='after_section_1'  class='main_color av_default_container_wrap container_wrap fullsize'  ><div class='container av-section-cont-open' ><div class='template-page content  av-content-full alpha units'><div class='post-entry post-entry-type-page post-entry-22078'><div class='entry-content-wrapper clearfix'>\n<section  class='av_textblock_section av-jmly5lxs-ceb201235ba94b340844dd90f518ce48 '   itemscope=\"itemscope\" itemtype=\"https:\/\/schema.org\/CreativeWork\" ><div class='avia_textblock p-intro'  itemprop=\"text\" ><h1>Young. Loud. Progressive.<\/h1>\n<\/div><\/section>\n<section  class='av_textblock_section av-jmly5lxs-ddbf7f64384e537e1a82218e80058934 '   itemscope=\"itemscope\" itemtype=\"https:\/\/schema.org\/CreativeWork\" ><div class='avia_textblock'  itemprop=\"text\" ><p>Kempa repr\u00e9sente le handball. Comme une figure et comme une marque. Le handball se caract\u00e9rise par l&#8217;agilit\u00e9, la puissance, les \u00e9motions jusqu\u2019\u00e0 se donner la chair de poule. C&#8217;est exactement ce que nous d\u00e9fendons &#8211; en handball, dans les sports collectifs. Toujours avec un objectif clair en t\u00eate : s\u2018am\u00e9liorer et gagner &#8211; parce que nous nous battons pour le triomphe.<\/p>\n<p>Kempa existe depuis 2002, mais le nom est connus depuis bien plus longtemps. Pr\u00e8s de 50 ans avant la cr\u00e9ation de la marque, le 24 mars 1954, le l\u00e9gendaire Kempa (Kung-Fu) f\u00eate sa premi\u00e8re mondiale. Invent\u00e9, d\u00e9velopp\u00e9 et ex\u00e9cut\u00e9 par le double champion du monde de handball Bernhard Kempa. La marque porte son nom et rend hommage au g\u00e9nie du handball.<\/p>\n<p>Dans quelques sports seulement, les maillots sont mis \u00e0 rude \u00e9preuve aussi fortement qu&#8217;au handball, nulle part ailleurs, il n&#8217;est n\u00e9cessaire d&#8217;adapter les chaussures avec autant de pr\u00e9cision aux diff\u00e9rents types de joueurs. Ces facteurs doivent \u00eatre pris en compte afin d&#8217;\u00e9lever la qualit\u00e9 des produits \u00e0 un niveau sup\u00e9rieur. Nous analysons donc les besoins des athl\u00e8tes, int\u00e9grons les retours d&#8217;information directs dans le processus de d\u00e9veloppement et proposons ainsi une gamme compl\u00e8te &#8211; des chaussures, de la r\u00e9sine, des ballons et des maillots aux sacs de sport. Techniquement, nous sommes novateurs, visuellement, nous mettons les produits en valeur, nous gardons un \u0153il sur les tendances culturelles et parfois nous cassons les codes.<\/p>\n<p>Kempa \u00e9quipe plusieurs \u00e9quipes nationales de handball, fournit l&#8217;\u00e9quipement de nombreux clubs nationaux et internationaux et sponsorise des stars du handball comme Uwe Gensheimer, Jannik Kohlbacher et Xenia Smits. Nous travaillons en \u00e9troite collaboration avec des sp\u00e9cialistes tels que le c\u00e9l\u00e8bre fabricant de pneus Michelin et le professionnel du textile Matryx. Nous int\u00e9grons leur expertise dans nos produits finaux et les rendons encore meilleurs.<\/p>\n<p>Jusqu&#8217;\u00e0 pr\u00e9sent, la marque s&#8217;est concentr\u00e9e sur le handball, mais le portefeuille s&#8217;est \u00e9largi pour inclure d&#8217;autres sports d&#8217;\u00e9quipe. Lutte et volley-ball, escrime et hockey, Beach Volley et bowling &#8211; Kempa est un sport d&#8217;\u00e9quipe. Et chaque sport, chaque athl\u00e8te, chaque produit sp\u00e9cifique a des exigences diff\u00e9rentes. Kempa les rencontre tous.<\/p>\n<p><a class=\"normal-link\" href=\"https:\/\/kempa-sports.com\/\" target=\"_blank\" rel=\"noopener noreferrer\">Kempa Shop<\/a><\/p>\n<p><a class=\"normal-link\" href=\"https:\/\/blog.kempa-sports.com\/\" target=\"_blank\" rel=\"noopener noreferrer\">KempaStage (allemand)<\/a><\/p>\n<div><a href=\"https:\/\/www.instagram.com\/kempa_de\/\" target=\"_blank\" rel=\"noopener noreferrer\"><img decoding=\"async\" class=\"alignnone size-full wp-image-8220\" src=\"https:\/\/uhlsport.group\/wp-content\/uploads\/2019\/05\/icon-sm-instagram.png\" alt=\"\" width=\"30\" \/><\/a>\u00a0 <a href=\"https:\/\/www.facebook.com\/kempa.de\/\" target=\"_blank\" rel=\"noopener noreferrer\"><img decoding=\"async\" class=\"alignnone size-full wp-image-8226\" src=\"https:\/\/uhlsport.group\/wp-content\/uploads\/2019\/05\/icon-sm-facebook.png\" alt=\"\" width=\"30\" \/><\/a> \u00a0 <a href=\"https:\/\/www.youtube.com\/user\/kempaTV\" target=\"_blank\" rel=\"noopener noreferrer\"><img decoding=\"async\" class=\"alignnone size-full wp-image-8224\" src=\"https:\/\/uhlsport.group\/wp-content\/uploads\/2019\/05\/icon-sm-youtube.png\" alt=\"\" width=\"30\" \/><\/a><\/div>\n<\/div><\/section>\n\n<style type=\"text\/css\" data-created_by=\"avia_inline_auto\" id=\"style-css-av-k0l24cdy-424522bdfea9af990825223ad8cd52a3\">\n#top .hr.hr-invisible.av-k0l24cdy-424522bdfea9af990825223ad8cd52a3{\nheight:60px;\n}\n<\/style>\n<div  class='hr av-k0l24cdy-424522bdfea9af990825223ad8cd52a3 hr-invisible  avia-builder-el-5  el_after_av_textblock  el_before_av_section  avia-builder-el-last '><span class='hr-inner '><span class=\"hr-inner-style\"><\/span><\/span><\/div>\n<\/div><\/div><\/div><!-- close content main div --><\/div><\/div>\n<style type=\"text\/css\" data-created_by=\"avia_inline_auto\" id=\"style-css-av-k0lf8gfs-9a49b181b6ab9996fa92a1bcc17e6ee5\">\n.avia-section.av-k0lf8gfs-9a49b181b6ab9996fa92a1bcc17e6ee5{\nbackground-repeat:no-repeat;\nbackground-image:url(https:\/\/uhlsport.group\/wp-content\/uploads\/2019\/09\/karriere-bg.jpg);\nbackground-position:50% 0%;\nbackground-attachment:scroll;\n}\n<\/style>\n<div id='av_section_2'  class='avia-section av-k0lf8gfs-9a49b181b6ab9996fa92a1bcc17e6ee5 main_color avia-section-default avia-no-border-styling  avia-builder-el-6  el_after_av_hr  avia-builder-el-last  avia-full-stretch avia-bg-style-scroll av-minimum-height av-minimum-height-75 av-height-75  container_wrap fullsize'  data-section-bg-repeat='stretch' data-av_minimum_height_pc='75' data-av_min_height_opt='75'><div class='container av-section-cont-open' ><div class='template-page content  av-content-full alpha units'><div class='post-entry post-entry-type-page post-entry-22078'><div class='entry-content-wrapper clearfix'>\n\n<style type=\"text\/css\" data-created_by=\"avia_inline_auto\" id=\"style-css-av-2gw390-33c29d0686c55647d244198362e6691e\">\n.flex_column.av-2gw390-33c29d0686c55647d244198362e6691e{\nborder-radius:0px 0px 0px 0px;\npadding:120px 40px 120px 40px;\nbackground-color:#ffffff;\n}\n<\/style>\n<div  class='flex_column av-2gw390-33c29d0686c55647d244198362e6691e av_one_full  avia-builder-el-7  avia-builder-el-no-sibling  first flex_column_div  '     ><section  class='av_textblock_section av-jmly5lxs-ceb201235ba94b340844dd90f518ce48 '   itemscope=\"itemscope\" itemtype=\"https:\/\/schema.org\/CreativeWork\" ><div class='avia_textblock p-intro'  itemprop=\"text\" ><h2 style=\"text-align: left;\"><strong>Votre carri\u00e8re au sein du groupe uhlsport<\/strong><\/h2>\n<\/div><\/section><br \/>\n<section  class='av_textblock_section av-jmly5lxs-9265327a8239381fd2ca74d48b750413 '   itemscope=\"itemscope\" itemtype=\"https:\/\/schema.org\/CreativeWork\" ><div class='avia_textblock'  itemprop=\"text\" ><p>Chaque \u00e9quipe doit travailler r\u00e9guli\u00e8rement sur son effectif, le d\u00e9velopper et l&#8217;am\u00e9liorer. Nous sommes toujours \u00e0 la recherche de personnes engag\u00e9es, cr\u00e9atives et motiv\u00e9es.<\/p>\n<p><a href=\"https:\/\/uhlsport.group\/fr\/carriere\/\">Plus<\/a><\/p>\n<\/div><\/section><\/p><\/div>\n\n","protected":false},"excerpt":{"rendered":"","protected":false},"author":1,"featured_media":0,"parent":0,"menu_order":0,"comment_status":"closed","ping_status":"closed","template":"","meta":{"footnotes":""},"class_list":["post-22078","page","type-page","status-publish","hentry"],"yoast_head":"<!-- This site is optimized with the Yoast SEO plugin v27.2 - https:\/\/yoast.com\/product\/yoast-seo-wordpress\/ -->\n<title>Kempa. Jeune. Forte. Innovante. \u00c9quipement et v\u00eatements de handball<\/title>\n<meta name=\"description\" content=\"Kempa repr\u00e9sente le handball et les sports collectifs comme aucune autre marque. Nos chaussures de handball ont \u00e9t\u00e9 d\u00e9velopp\u00e9es dans l\u2019esprit du handball.\" \/>\n<meta name=\"robots\" content=\"index, follow, max-snippet:-1, max-image-preview:large, max-video-preview:-1\" \/>\n<link rel=\"canonical\" href=\"https:\/\/uhlsport.group\/fr\/marque-kempa\/\" \/>\n<meta property=\"og:locale\" content=\"fr_FR\" \/>\n<meta property=\"og:type\" content=\"article\" \/>\n<meta property=\"og:title\" content=\"Kempa. Jeune. Forte. Innovante. \u00c9quipement et v\u00eatements de handball\" \/>\n<meta property=\"og:description\" content=\"Kempa repr\u00e9sente le handball et les sports collectifs comme aucune autre marque. Nos chaussures de handball ont \u00e9t\u00e9 d\u00e9velopp\u00e9es dans l\u2019esprit du handball.\" \/>\n<meta property=\"og:url\" content=\"https:\/\/uhlsport.group\/fr\/marque-kempa\/\" \/>\n<meta property=\"og:site_name\" content=\"uhlsport GmbH: Teamsport-Ausr\u00fcstung f\u00fcr Fu\u00dfball und Handball\" \/>\n<meta property=\"article:modified_time\" content=\"2022-11-08T10:41:51+00:00\" \/>\n<meta property=\"og:image\" content=\"https:\/\/uhlsport.group\/wp-content\/uploads\/2019\/05\/icon-sm-instagram.png\" \/>\n<meta name=\"twitter:card\" content=\"summary_large_image\" \/>\n<meta name=\"twitter:title\" content=\"Kempa. Jeune. Forte. Innovante. \u00c9quipement et v\u00eatements de handball\" \/>\n<meta name=\"twitter:description\" content=\"Kempa repr\u00e9sente le handball et les sports collectifs comme aucune autre marque. Nos chaussures de handball ont \u00e9t\u00e9 d\u00e9velopp\u00e9es dans l\u2019esprit du handball.\" \/>\n<meta name=\"twitter:label1\" content=\"Dur\u00e9e de lecture estim\u00e9e\" \/>\n\t<meta name=\"twitter:data1\" content=\"5 minutes\" \/>\n<script type=\"application\/ld+json\" class=\"yoast-schema-graph\">{\"@context\":\"https:\/\/schema.org\",\"@graph\":[{\"@type\":\"WebPage\",\"@id\":\"https:\/\/uhlsport.group\/fr\/marque-kempa\/\",\"url\":\"https:\/\/uhlsport.group\/fr\/marque-kempa\/\",\"name\":\"Kempa. Jeune. Forte. Innovante. \u00c9quipement et v\u00eatements de handball\",\"isPartOf\":{\"@id\":\"https:\/\/uhlsport.group\/fr\/#website\"},\"primaryImageOfPage\":{\"@id\":\"https:\/\/uhlsport.group\/fr\/marque-kempa\/#primaryimage\"},\"image\":{\"@id\":\"https:\/\/uhlsport.group\/fr\/marque-kempa\/#primaryimage\"},\"thumbnailUrl\":\"https:\/\/uhlsport.group\/wp-content\/uploads\/2019\/05\/icon-sm-instagram.png\",\"datePublished\":\"2019-09-16T08:00:51+00:00\",\"dateModified\":\"2022-11-08T10:41:51+00:00\",\"description\":\"Kempa repr\u00e9sente le handball et les sports collectifs comme aucune autre marque. Nos chaussures de handball ont \u00e9t\u00e9 d\u00e9velopp\u00e9es dans l\u2019esprit du handball.\",\"breadcrumb\":{\"@id\":\"https:\/\/uhlsport.group\/fr\/marque-kempa\/#breadcrumb\"},\"inLanguage\":\"fr-FR\",\"potentialAction\":[{\"@type\":\"ReadAction\",\"target\":[\"https:\/\/uhlsport.group\/fr\/marque-kempa\/\"]}]},{\"@type\":\"ImageObject\",\"inLanguage\":\"fr-FR\",\"@id\":\"https:\/\/uhlsport.group\/fr\/marque-kempa\/#primaryimage\",\"url\":\"https:\/\/uhlsport.group\/wp-content\/uploads\/2019\/05\/icon-sm-instagram.png\",\"contentUrl\":\"https:\/\/uhlsport.group\/wp-content\/uploads\/2019\/05\/icon-sm-instagram.png\"},{\"@type\":\"BreadcrumbList\",\"@id\":\"https:\/\/uhlsport.group\/fr\/marque-kempa\/#breadcrumb\",\"itemListElement\":[{\"@type\":\"ListItem\",\"position\":1,\"name\":\"Startseite\",\"item\":\"https:\/\/uhlsport.group\/fr\/\"},{\"@type\":\"ListItem\",\"position\":2,\"name\":\"Marque Kempa\"}]},{\"@type\":\"WebSite\",\"@id\":\"https:\/\/uhlsport.group\/fr\/#website\",\"url\":\"https:\/\/uhlsport.group\/fr\/\",\"name\":\"uhlsport GmbH: Teamsport-Ausr\u00fcstung f\u00fcr Fu\u00dfball und Handball\",\"description\":\"Brave. Progressive. Trustworthy. uhlsport und Kempa \u2013 das ist die uhlsport GmbH, der Experte f\u00fcr Teamsport seit 1948.\",\"publisher\":{\"@id\":\"https:\/\/uhlsport.group\/fr\/#organization\"},\"potentialAction\":[{\"@type\":\"SearchAction\",\"target\":{\"@type\":\"EntryPoint\",\"urlTemplate\":\"https:\/\/uhlsport.group\/fr\/?s={search_term_string}\"},\"query-input\":{\"@type\":\"PropertyValueSpecification\",\"valueRequired\":true,\"valueName\":\"search_term_string\"}}],\"inLanguage\":\"fr-FR\"},{\"@type\":\"Organization\",\"@id\":\"https:\/\/uhlsport.group\/fr\/#organization\",\"name\":\"uhlsport GmbH\",\"url\":\"https:\/\/uhlsport.group\/fr\/\",\"logo\":{\"@type\":\"ImageObject\",\"inLanguage\":\"fr-FR\",\"@id\":\"https:\/\/uhlsport.group\/fr\/#\/schema\/logo\/image\/\",\"url\":\"https:\/\/uhlsport.group\/wp-content\/uploads\/2019\/04\/Logo_uhlsport-Group.png\",\"contentUrl\":\"https:\/\/uhlsport.group\/wp-content\/uploads\/2019\/04\/Logo_uhlsport-Group.png\",\"width\":2151,\"height\":315,\"caption\":\"uhlsport GmbH\"},\"image\":{\"@id\":\"https:\/\/uhlsport.group\/fr\/#\/schema\/logo\/image\/\"}}]}<\/script>\n<!-- \/ Yoast SEO plugin. -->","yoast_head_json":{"title":"Kempa. Jeune. Forte. Innovante. \u00c9quipement et v\u00eatements de handball","description":"Kempa repr\u00e9sente le handball et les sports collectifs comme aucune autre marque. Nos chaussures de handball ont \u00e9t\u00e9 d\u00e9velopp\u00e9es dans l\u2019esprit du handball.","robots":{"index":"index","follow":"follow","max-snippet":"max-snippet:-1","max-image-preview":"max-image-preview:large","max-video-preview":"max-video-preview:-1"},"canonical":"https:\/\/uhlsport.group\/fr\/marque-kempa\/","og_locale":"fr_FR","og_type":"article","og_title":"Kempa. Jeune. Forte. Innovante. \u00c9quipement et v\u00eatements de handball","og_description":"Kempa repr\u00e9sente le handball et les sports collectifs comme aucune autre marque. Nos chaussures de handball ont \u00e9t\u00e9 d\u00e9velopp\u00e9es dans l\u2019esprit du handball.","og_url":"https:\/\/uhlsport.group\/fr\/marque-kempa\/","og_site_name":"uhlsport GmbH: Teamsport-Ausr\u00fcstung f\u00fcr Fu\u00dfball und Handball","article_modified_time":"2022-11-08T10:41:51+00:00","og_image":[{"url":"https:\/\/uhlsport.group\/wp-content\/uploads\/2019\/05\/icon-sm-instagram.png","type":"","width":"","height":""}],"twitter_card":"summary_large_image","twitter_title":"Kempa. Jeune. Forte. Innovante. \u00c9quipement et v\u00eatements de handball","twitter_description":"Kempa repr\u00e9sente le handball et les sports collectifs comme aucune autre marque. Nos chaussures de handball ont \u00e9t\u00e9 d\u00e9velopp\u00e9es dans l\u2019esprit du handball.","twitter_misc":{"Dur\u00e9e de lecture estim\u00e9e":"5 minutes"},"schema":{"@context":"https:\/\/schema.org","@graph":[{"@type":"WebPage","@id":"https:\/\/uhlsport.group\/fr\/marque-kempa\/","url":"https:\/\/uhlsport.group\/fr\/marque-kempa\/","name":"Kempa. Jeune. Forte. Innovante. \u00c9quipement et v\u00eatements de handball","isPartOf":{"@id":"https:\/\/uhlsport.group\/fr\/#website"},"primaryImageOfPage":{"@id":"https:\/\/uhlsport.group\/fr\/marque-kempa\/#primaryimage"},"image":{"@id":"https:\/\/uhlsport.group\/fr\/marque-kempa\/#primaryimage"},"thumbnailUrl":"https:\/\/uhlsport.group\/wp-content\/uploads\/2019\/05\/icon-sm-instagram.png","datePublished":"2019-09-16T08:00:51+00:00","dateModified":"2022-11-08T10:41:51+00:00","description":"Kempa repr\u00e9sente le handball et les sports collectifs comme aucune autre marque. Nos chaussures de handball ont \u00e9t\u00e9 d\u00e9velopp\u00e9es dans l\u2019esprit du handball.","breadcrumb":{"@id":"https:\/\/uhlsport.group\/fr\/marque-kempa\/#breadcrumb"},"inLanguage":"fr-FR","potentialAction":[{"@type":"ReadAction","target":["https:\/\/uhlsport.group\/fr\/marque-kempa\/"]}]},{"@type":"ImageObject","inLanguage":"fr-FR","@id":"https:\/\/uhlsport.group\/fr\/marque-kempa\/#primaryimage","url":"https:\/\/uhlsport.group\/wp-content\/uploads\/2019\/05\/icon-sm-instagram.png","contentUrl":"https:\/\/uhlsport.group\/wp-content\/uploads\/2019\/05\/icon-sm-instagram.png"},{"@type":"BreadcrumbList","@id":"https:\/\/uhlsport.group\/fr\/marque-kempa\/#breadcrumb","itemListElement":[{"@type":"ListItem","position":1,"name":"Startseite","item":"https:\/\/uhlsport.group\/fr\/"},{"@type":"ListItem","position":2,"name":"Marque Kempa"}]},{"@type":"WebSite","@id":"https:\/\/uhlsport.group\/fr\/#website","url":"https:\/\/uhlsport.group\/fr\/","name":"uhlsport GmbH: Teamsport-Ausr\u00fcstung f\u00fcr Fu\u00dfball und Handball","description":"Brave. Progressive. Trustworthy. uhlsport und Kempa \u2013 das ist die uhlsport GmbH, der Experte f\u00fcr Teamsport seit 1948.","publisher":{"@id":"https:\/\/uhlsport.group\/fr\/#organization"},"potentialAction":[{"@type":"SearchAction","target":{"@type":"EntryPoint","urlTemplate":"https:\/\/uhlsport.group\/fr\/?s={search_term_string}"},"query-input":{"@type":"PropertyValueSpecification","valueRequired":true,"valueName":"search_term_string"}}],"inLanguage":"fr-FR"},{"@type":"Organization","@id":"https:\/\/uhlsport.group\/fr\/#organization","name":"uhlsport GmbH","url":"https:\/\/uhlsport.group\/fr\/","logo":{"@type":"ImageObject","inLanguage":"fr-FR","@id":"https:\/\/uhlsport.group\/fr\/#\/schema\/logo\/image\/","url":"https:\/\/uhlsport.group\/wp-content\/uploads\/2019\/04\/Logo_uhlsport-Group.png","contentUrl":"https:\/\/uhlsport.group\/wp-content\/uploads\/2019\/04\/Logo_uhlsport-Group.png","width":2151,"height":315,"caption":"uhlsport GmbH"},"image":{"@id":"https:\/\/uhlsport.group\/fr\/#\/schema\/logo\/image\/"}}]}},"_links":{"self":[{"href":"https:\/\/uhlsport.group\/fr\/wp-json\/wp\/v2\/pages\/22078","targetHints":{"allow":["GET"]}}],"collection":[{"href":"https:\/\/uhlsport.group\/fr\/wp-json\/wp\/v2\/pages"}],"about":[{"href":"https:\/\/uhlsport.group\/fr\/wp-json\/wp\/v2\/types\/page"}],"author":[{"embeddable":true,"href":"https:\/\/uhlsport.group\/fr\/wp-json\/wp\/v2\/users\/1"}],"replies":[{"embeddable":true,"href":"https:\/\/uhlsport.group\/fr\/wp-json\/wp\/v2\/comments?post=22078"}],"version-history":[{"count":0,"href":"https:\/\/uhlsport.group\/fr\/wp-json\/wp\/v2\/pages\/22078\/revisions"}],"wp:attachment":[{"href":"https:\/\/uhlsport.group\/fr\/wp-json\/wp\/v2\/media?parent=22078"}],"curies":[{"name":"wp","href":"https:\/\/api.w.org\/{rel}","templated":true}]}}