{"id":22080,"date":"2019-09-16T17:46:39","date_gmt":"2019-09-16T15:46:39","guid":{"rendered":"https:\/\/uhlsport.group\/uhlsport-partner\/"},"modified":"2019-10-08T12:34:00","modified_gmt":"2019-10-08T10:34:00","slug":"uhlsport-revendeurs","status":"publish","type":"page","link":"https:\/\/uhlsport.group\/fr\/uhlsport-revendeurs\/","title":{"rendered":"uhlsport revendeurs"},"content":{"rendered":"\n","protected":false},"excerpt":{"rendered":"","protected":false},"author":1,"featured_media":0,"parent":0,"menu_order":0,"comment_status":"closed","ping_status":"closed","template":"","meta":{"footnotes":""},"class_list":["post-22080","page","type-page","status-publish","hentry"],"yoast_head":"<!-- This site is optimized with the Yoast SEO plugin v27.2 - https:\/\/yoast.com\/product\/yoast-seo-wordpress\/ -->\n<title>Trouvez des partenaires d&#039;uhlsport GmbH \u00e0 proximit\u00e9 et dans le monde entier.<\/title>\n<meta name=\"description\" content=\"Autorisez votre navigateur \u00e0 utiliser votre emplacement pour afficher tous les partenaires uhlsport de votre r\u00e9gion. Vous pouvez \u00e9galement fournir une adresse pour rechercher des partenaires dans le monde entier.\" \/>\n<meta name=\"robots\" content=\"index, follow, max-snippet:-1, max-image-preview:large, max-video-preview:-1\" \/>\n<link rel=\"canonical\" href=\"https:\/\/uhlsport.group\/fr\/uhlsport-revendeurs\/\" \/>\n<meta property=\"og:locale\" content=\"fr_FR\" \/>\n<meta property=\"og:type\" content=\"article\" \/>\n<meta property=\"og:title\" content=\"Trouvez des partenaires d&#039;uhlsport GmbH \u00e0 proximit\u00e9 et dans le monde entier.\" \/>\n<meta property=\"og:description\" content=\"Autorisez votre navigateur \u00e0 utiliser votre emplacement pour afficher tous les partenaires uhlsport de votre r\u00e9gion. Vous pouvez \u00e9galement fournir une adresse pour rechercher des partenaires dans le monde entier.\" \/>\n<meta property=\"og:url\" content=\"https:\/\/uhlsport.group\/fr\/uhlsport-revendeurs\/\" \/>\n<meta property=\"og:site_name\" content=\"uhlsport GmbH: Teamsport-Ausr\u00fcstung f\u00fcr Fu\u00dfball und Handball\" \/>\n<meta property=\"article:modified_time\" content=\"2019-10-08T10:34:00+00:00\" \/>\n<meta name=\"twitter:card\" content=\"summary_large_image\" \/>\n<script type=\"application\/ld+json\" class=\"yoast-schema-graph\">{\"@context\":\"https:\/\/schema.org\",\"@graph\":[{\"@type\":\"WebPage\",\"@id\":\"https:\/\/uhlsport.group\/fr\/uhlsport-revendeurs\/\",\"url\":\"https:\/\/uhlsport.group\/fr\/uhlsport-revendeurs\/\",\"name\":\"Trouvez des partenaires d'uhlsport GmbH \u00e0 proximit\u00e9 et dans le monde entier.\",\"isPartOf\":{\"@id\":\"https:\/\/uhlsport.group\/fr\/#website\"},\"datePublished\":\"2019-09-16T15:46:39+00:00\",\"dateModified\":\"2019-10-08T10:34:00+00:00\",\"description\":\"Autorisez votre navigateur \u00e0 utiliser votre emplacement pour afficher tous les partenaires uhlsport de votre r\u00e9gion. Vous pouvez \u00e9galement fournir une adresse pour rechercher des partenaires dans le monde entier.\",\"breadcrumb\":{\"@id\":\"https:\/\/uhlsport.group\/fr\/uhlsport-revendeurs\/#breadcrumb\"},\"inLanguage\":\"fr-FR\",\"potentialAction\":[{\"@type\":\"ReadAction\",\"target\":[\"https:\/\/uhlsport.group\/fr\/uhlsport-revendeurs\/\"]}]},{\"@type\":\"BreadcrumbList\",\"@id\":\"https:\/\/uhlsport.group\/fr\/uhlsport-revendeurs\/#breadcrumb\",\"itemListElement\":[{\"@type\":\"ListItem\",\"position\":1,\"name\":\"Startseite\",\"item\":\"https:\/\/uhlsport.group\/fr\/\"},{\"@type\":\"ListItem\",\"position\":2,\"name\":\"uhlsport revendeurs\"}]},{\"@type\":\"WebSite\",\"@id\":\"https:\/\/uhlsport.group\/fr\/#website\",\"url\":\"https:\/\/uhlsport.group\/fr\/\",\"name\":\"uhlsport GmbH: Teamsport-Ausr\u00fcstung f\u00fcr Fu\u00dfball und Handball\",\"description\":\"Brave. Progressive. Trustworthy. uhlsport und Kempa \u2013 das ist die uhlsport GmbH, der Experte f\u00fcr Teamsport seit 1948.\",\"publisher\":{\"@id\":\"https:\/\/uhlsport.group\/fr\/#organization\"},\"potentialAction\":[{\"@type\":\"SearchAction\",\"target\":{\"@type\":\"EntryPoint\",\"urlTemplate\":\"https:\/\/uhlsport.group\/fr\/?s={search_term_string}\"},\"query-input\":{\"@type\":\"PropertyValueSpecification\",\"valueRequired\":true,\"valueName\":\"search_term_string\"}}],\"inLanguage\":\"fr-FR\"},{\"@type\":\"Organization\",\"@id\":\"https:\/\/uhlsport.group\/fr\/#organization\",\"name\":\"uhlsport GmbH\",\"url\":\"https:\/\/uhlsport.group\/fr\/\",\"logo\":{\"@type\":\"ImageObject\",\"inLanguage\":\"fr-FR\",\"@id\":\"https:\/\/uhlsport.group\/fr\/#\/schema\/logo\/image\/\",\"url\":\"https:\/\/uhlsport.group\/wp-content\/uploads\/2019\/04\/Logo_uhlsport-Group.png\",\"contentUrl\":\"https:\/\/uhlsport.group\/wp-content\/uploads\/2019\/04\/Logo_uhlsport-Group.png\",\"width\":2151,\"height\":315,\"caption\":\"uhlsport GmbH\"},\"image\":{\"@id\":\"https:\/\/uhlsport.group\/fr\/#\/schema\/logo\/image\/\"}}]}<\/script>\n<!-- \/ Yoast SEO plugin. -->","yoast_head_json":{"title":"Trouvez des partenaires d'uhlsport GmbH \u00e0 proximit\u00e9 et dans le monde entier.","description":"Autorisez votre navigateur \u00e0 utiliser votre emplacement pour afficher tous les partenaires uhlsport de votre r\u00e9gion. Vous pouvez \u00e9galement fournir une adresse pour rechercher des partenaires dans le monde entier.","robots":{"index":"index","follow":"follow","max-snippet":"max-snippet:-1","max-image-preview":"max-image-preview:large","max-video-preview":"max-video-preview:-1"},"canonical":"https:\/\/uhlsport.group\/fr\/uhlsport-revendeurs\/","og_locale":"fr_FR","og_type":"article","og_title":"Trouvez des partenaires d'uhlsport GmbH \u00e0 proximit\u00e9 et dans le monde entier.","og_description":"Autorisez votre navigateur \u00e0 utiliser votre emplacement pour afficher tous les partenaires uhlsport de votre r\u00e9gion. Vous pouvez \u00e9galement fournir une adresse pour rechercher des partenaires dans le monde entier.","og_url":"https:\/\/uhlsport.group\/fr\/uhlsport-revendeurs\/","og_site_name":"uhlsport GmbH: Teamsport-Ausr\u00fcstung f\u00fcr Fu\u00dfball und Handball","article_modified_time":"2019-10-08T10:34:00+00:00","twitter_card":"summary_large_image","schema":{"@context":"https:\/\/schema.org","@graph":[{"@type":"WebPage","@id":"https:\/\/uhlsport.group\/fr\/uhlsport-revendeurs\/","url":"https:\/\/uhlsport.group\/fr\/uhlsport-revendeurs\/","name":"Trouvez des partenaires d'uhlsport GmbH \u00e0 proximit\u00e9 et dans le monde entier.","isPartOf":{"@id":"https:\/\/uhlsport.group\/fr\/#website"},"datePublished":"2019-09-16T15:46:39+00:00","dateModified":"2019-10-08T10:34:00+00:00","description":"Autorisez votre navigateur \u00e0 utiliser votre emplacement pour afficher tous les partenaires uhlsport de votre r\u00e9gion. Vous pouvez \u00e9galement fournir une adresse pour rechercher des partenaires dans le monde entier.","breadcrumb":{"@id":"https:\/\/uhlsport.group\/fr\/uhlsport-revendeurs\/#breadcrumb"},"inLanguage":"fr-FR","potentialAction":[{"@type":"ReadAction","target":["https:\/\/uhlsport.group\/fr\/uhlsport-revendeurs\/"]}]},{"@type":"BreadcrumbList","@id":"https:\/\/uhlsport.group\/fr\/uhlsport-revendeurs\/#breadcrumb","itemListElement":[{"@type":"ListItem","position":1,"name":"Startseite","item":"https:\/\/uhlsport.group\/fr\/"},{"@type":"ListItem","position":2,"name":"uhlsport revendeurs"}]},{"@type":"WebSite","@id":"https:\/\/uhlsport.group\/fr\/#website","url":"https:\/\/uhlsport.group\/fr\/","name":"uhlsport GmbH: Teamsport-Ausr\u00fcstung f\u00fcr Fu\u00dfball und Handball","description":"Brave. Progressive. Trustworthy. uhlsport und Kempa \u2013 das ist die uhlsport GmbH, der Experte f\u00fcr Teamsport seit 1948.","publisher":{"@id":"https:\/\/uhlsport.group\/fr\/#organization"},"potentialAction":[{"@type":"SearchAction","target":{"@type":"EntryPoint","urlTemplate":"https:\/\/uhlsport.group\/fr\/?s={search_term_string}"},"query-input":{"@type":"PropertyValueSpecification","valueRequired":true,"valueName":"search_term_string"}}],"inLanguage":"fr-FR"},{"@type":"Organization","@id":"https:\/\/uhlsport.group\/fr\/#organization","name":"uhlsport GmbH","url":"https:\/\/uhlsport.group\/fr\/","logo":{"@type":"ImageObject","inLanguage":"fr-FR","@id":"https:\/\/uhlsport.group\/fr\/#\/schema\/logo\/image\/","url":"https:\/\/uhlsport.group\/wp-content\/uploads\/2019\/04\/Logo_uhlsport-Group.png","contentUrl":"https:\/\/uhlsport.group\/wp-content\/uploads\/2019\/04\/Logo_uhlsport-Group.png","width":2151,"height":315,"caption":"uhlsport GmbH"},"image":{"@id":"https:\/\/uhlsport.group\/fr\/#\/schema\/logo\/image\/"}}]}},"_links":{"self":[{"href":"https:\/\/uhlsport.group\/fr\/wp-json\/wp\/v2\/pages\/22080","targetHints":{"allow":["GET"]}}],"collection":[{"href":"https:\/\/uhlsport.group\/fr\/wp-json\/wp\/v2\/pages"}],"about":[{"href":"https:\/\/uhlsport.group\/fr\/wp-json\/wp\/v2\/types\/page"}],"author":[{"embeddable":true,"href":"https:\/\/uhlsport.group\/fr\/wp-json\/wp\/v2\/users\/1"}],"replies":[{"embeddable":true,"href":"https:\/\/uhlsport.group\/fr\/wp-json\/wp\/v2\/comments?post=22080"}],"version-history":[{"count":0,"href":"https:\/\/uhlsport.group\/fr\/wp-json\/wp\/v2\/pages\/22080\/revisions"}],"wp:attachment":[{"href":"https:\/\/uhlsport.group\/fr\/wp-json\/wp\/v2\/media?parent=22080"}],"curies":[{"name":"wp","href":"https:\/\/api.w.org\/{rel}","templated":true}]}}