{"id":22081,"date":"2019-09-18T13:10:01","date_gmt":"2019-09-18T11:10:01","guid":{"rendered":"https:\/\/uhlsport.group\/brandbook\/"},"modified":"2025-12-09T17:35:43","modified_gmt":"2025-12-09T16:35:43","slug":"brandbook","status":"publish","type":"page","link":"https:\/\/uhlsport.group\/fr\/brandbook\/","title":{"rendered":"Brandbook"},"content":{"rendered":"<div id='av_section_1'  class='avia-section av-l2kukf-2e26b89029e0cf4da79ae223034ac07c main_color avia-section-default avia-no-border-styling  avia-builder-el-0  el_before_av_section  avia-builder-el-first  avia-bg-style-scroll container_wrap fullsize'  ><div class='container av-section-cont-open' ><main  role=\"main\" itemprop=\"mainContentOfPage\"  class='template-page content  av-content-full alpha units'><div class='post-entry post-entry-type-page post-entry-22081'><div class='entry-content-wrapper clearfix'>\n\n<style type=\"text\/css\" data-created_by=\"avia_inline_auto\" id=\"style-css-av-k0qx5dtg-bee561459796007c70069e21fb009950\">\n#top .hr.hr-invisible.av-k0qx5dtg-bee561459796007c70069e21fb009950{\nheight:50px;\n}\n<\/style>\n<div  class='hr av-k0qx5dtg-bee561459796007c70069e21fb009950 hr-invisible  avia-builder-el-1  el_before_av_textblock  avia-builder-el-first '><span class='hr-inner '><span class=\"hr-inner-style\"><\/span><\/span><\/div>\n<section  class='av_textblock_section av-k0p65q5n-c51af0cb473c0e0fe921c0d6a3c8a1c3 '   itemscope=\"itemscope\" itemtype=\"https:\/\/schema.org\/CreativeWork\" ><div class='avia_textblock'  itemprop=\"text\" ><h1>Brandbook, CI et Catalogues<\/h1>\n<\/div><\/section>\n\n<\/div><\/div><\/main><!-- close content main element --><\/div><\/div><div id='av_section_2'  class='avia-section av-l2kukf-2e26b89029e0cf4da79ae223034ac07c main_color avia-section-default avia-no-border-styling  avia-builder-el-3  el_after_av_section  el_before_av_section  avia-bg-style-scroll container_wrap fullsize'  ><div class='container av-section-cont-open' ><div class='template-page content  av-content-full alpha units'><div class='post-entry post-entry-type-page post-entry-22081'><div class='entry-content-wrapper clearfix'>\n<section  class='av_textblock_section av-k0p65q5n-c51af0cb473c0e0fe921c0d6a3c8a1c3 '   itemscope=\"itemscope\" itemtype=\"https:\/\/schema.org\/CreativeWork\" ><div class='avia_textblock'  itemprop=\"text\" ><h2>Downloads Brandbook et CI<\/h2>\n<p><a href=\"https:\/\/uhlsport.group\/wp-content\/uploads\/2021\/12\/20190920_Brandbook_uhlsportGroup_210x148mm_DE.pdf\" target=\"_blank\" rel=\"noopener noreferrer\">Brandbook und CI Guidelines deutsch<\/a> PDF 2040KB<\/p>\n<p><a href=\"https:\/\/uhlsport.group\/wp-content\/uploads\/2021\/12\/20190920_Brandbook_uhlsportGroup_210x148mm_EN.pdf\" target=\"_blank\" rel=\"noopener noreferrer\">Brandbook und CI Guidelines english<\/a> PDF 2031KB<\/p>\n<\/div><\/section>\n\n<\/div><\/div><\/div><!-- close content main div --><\/div><\/div><div id='av_section_3'  class='avia-section av-25gyin-1a976c4633fa5750bbd633cf6ab8d218 main_color avia-section-default avia-no-border-styling  avia-builder-el-5  el_after_av_section  el_before_av_hr  avia-bg-style-scroll container_wrap fullsize'  ><div class='container av-section-cont-open' ><div class='template-page content  av-content-full alpha units'><div class='post-entry post-entry-type-page post-entry-22081'><div class='entry-content-wrapper clearfix'>\n<section  class='av_textblock_section av-k0p65q5n-c51af0cb473c0e0fe921c0d6a3c8a1c3 '   itemscope=\"itemscope\" itemtype=\"https:\/\/schema.org\/CreativeWork\" ><div class='avia_textblock'  itemprop=\"text\" ><p><a href=\"https:\/\/uhlsport.group\/wp-content\/uploads\/2019\/09\/Logos_uhlsport.zip\" target=\"_blank\" rel=\"noopener noreferrer\">Logo pack uhlsport<\/a> ZIP 9580KB<\/p>\n<p><a href=\"https:\/\/uhlsport.group\/wp-content\/uploads\/2019\/09\/Logos_Kempa.zip\" target=\"_blank\" rel=\"noopener noreferrer\">Logo pack Kempa<\/a> ZIP 4100KB<\/p>\n<\/div><\/section>\n<\/div><\/div><\/div><!-- close content main div --><\/div><\/div><div id='after_section_3'  class='main_color av_default_container_wrap container_wrap fullsize'  ><div class='container av-section-cont-open' ><div class='template-page content  av-content-full alpha units'><div class='post-entry post-entry-type-page post-entry-22081'><div class='entry-content-wrapper clearfix'>\n\n<style type=\"text\/css\" data-created_by=\"avia_inline_auto\" id=\"style-css-av-k0qx5dtg-bee561459796007c70069e21fb009950\">\n#top .hr.hr-invisible.av-k0qx5dtg-bee561459796007c70069e21fb009950{\nheight:50px;\n}\n<\/style>\n<div  class='hr av-k0qx5dtg-bee561459796007c70069e21fb009950 hr-invisible  avia-builder-el-7  el_after_av_section  el_before_av_hr  avia-builder-el-first '><span class='hr-inner '><span class=\"hr-inner-style\"><\/span><\/span><\/div>\n\n<style type=\"text\/css\" data-created_by=\"avia_inline_auto\" id=\"style-css-av-k0qx5dtg-bee561459796007c70069e21fb009950\">\n#top .hr.hr-invisible.av-k0qx5dtg-bee561459796007c70069e21fb009950{\nheight:50px;\n}\n<\/style>\n<div  class='hr av-k0qx5dtg-bee561459796007c70069e21fb009950 hr-invisible  avia-builder-el-8  el_after_av_hr  el_before_av_section  avia-builder-el-last '><span class='hr-inner '><span class=\"hr-inner-style\"><\/span><\/span><\/div>\n<\/div><\/div><\/div><!-- close content main div --><\/div><\/div><div id='av_section_4'  class='avia-section av-l2kukf-2e26b89029e0cf4da79ae223034ac07c main_color avia-section-default avia-no-border-styling  avia-builder-el-9  el_after_av_hr  el_before_av_hr  avia-bg-style-scroll container_wrap fullsize'  ><div class='container av-section-cont-open' ><div class='template-page content  av-content-full alpha units'><div class='post-entry post-entry-type-page post-entry-22081'><div class='entry-content-wrapper clearfix'>\n<section  class='av_textblock_section av-k0p65q5n-c51af0cb473c0e0fe921c0d6a3c8a1c3 '   itemscope=\"itemscope\" itemtype=\"https:\/\/schema.org\/CreativeWork\" ><div class='avia_textblock'  itemprop=\"text\" ><h2>Catalogues<\/h2>\n<\/div><\/section>\n\n<style type=\"text\/css\" data-created_by=\"avia_inline_auto\" id=\"style-css-av-k0qx5dtg-bee561459796007c70069e21fb009950\">\n#top .hr.hr-invisible.av-k0qx5dtg-bee561459796007c70069e21fb009950{\nheight:50px;\n}\n<\/style>\n<div  class='hr av-k0qx5dtg-bee561459796007c70069e21fb009950 hr-invisible  avia-builder-el-11  el_after_av_textblock  el_before_av_textblock '><span class='hr-inner '><span class=\"hr-inner-style\"><\/span><\/span><\/div>\n<section  class='av_textblock_section av-av_textblock-8c42a04d92c3f2cb4661d2848f7655e2 '   itemscope=\"itemscope\" itemtype=\"https:\/\/schema.org\/CreativeWork\" ><div class='avia_textblock'  itemprop=\"text\" ><h3>Flipbooks 2026<\/h3>\n<p><a href=\"https:\/\/media.uhlsport.com\/uhl\/2026\/flipbook\/uhlsport-catalogue-2026-DE\/\" target=\"_blank\" rel=\"noopener\">uhlsport Catalogue Teamwear\/Goalkeeper DE<\/a><\/p>\n<p><a href=\"https:\/\/media.uhlsport.com\/uhl\/2026\/flipbook\/uhlsport-catalogue-2026-EN\/\" target=\"_blank\" rel=\"noopener\">uhlsport Catalogue Teamwear\/Goalkeeper EN<\/a><\/p>\n<p><a href=\"https:\/\/media.uhlsport.com\/uhl\/2026\/flipbook\/uhlsport-catalogue-2026-FR\/\" target=\"_blank\" rel=\"noopener\">uhlsport Catalogue Teamwear\/Goalkeeper FR<\/a><\/p>\n<p><a href=\"https:\/\/media.uhlsport.com\/uhl\/2026\/flipbook\/uhlsport-catalogue-2026-ESP\/\" target=\"_blank\" rel=\"noopener\">uhlsport Catalogue Teamwear\/Goalkeeper ES<\/a><\/p>\n<p><a href=\"https:\/\/media.uhlsport.com\/uhl\/2026\/flipbook\/uhlsport-catalogue-2026-NL\/\" target=\"_blank\" rel=\"noopener\">uhlsport Catalogue Teamwear\/Goalkeeper NL<\/a><\/p>\n<p><a href=\"https:\/\/media.uhlsport.com\/uhl\/2026\/flipbook\/uhlsport-catalogue-2026-BEL\/\" target=\"_blank\" rel=\"noopener\">uhlsport Catalogue Teamwear\/Goalkeeper BEL<\/a><\/p>\n<p><a href=\"https:\/\/media.uhlsport.com\/uhl\/2026\/flipbook\/uhlsport-catalogue-2026-CH\/\" target=\"_blank\" rel=\"noopener\">uhlsport Catalogue Teamwear\/Goalkeeper CH<\/a><\/p>\n<\/div><\/section>\n\n<style type=\"text\/css\" data-created_by=\"avia_inline_auto\" id=\"style-css-av-av_hr-531c389f1d8d94b240a7993d33000b5f\">\n#top .hr.hr-invisible.av-av_hr-531c389f1d8d94b240a7993d33000b5f{\nheight:50px;\n}\n<\/style>\n<div  class='hr av-av_hr-531c389f1d8d94b240a7993d33000b5f hr-invisible  avia-builder-el-13  el_after_av_textblock  el_before_av_textblock '><span class='hr-inner '><span class=\"hr-inner-style\"><\/span><\/span><\/div>\n<section  class='av_textblock_section av-k0p65q5n-a5f72b4b37b84300b2a78d8b00daa7c9 '   itemscope=\"itemscope\" itemtype=\"https:\/\/schema.org\/CreativeWork\" ><div class='avia_textblock'  itemprop=\"text\" ><h3>Flipbooks FR<\/h3>\n<p><a href=\"https:\/\/media.uhlsport.com\/uhl\/2025\/2025-uhlsport-katalog\/FR\/uhlsport_catalogue_goalkeeper_2025_fr\/uhlsport_catalogue_goalkeeper_2025_fr\/\" target=\"_blank\" rel=\"noopener noreferrer\">uhlsport Catalogue Gardien de but 2025<\/a><\/p>\n<p><a href=\"https:\/\/media.uhlsport.com\/uhl\/2025\/2025-uhlsport-katalog\/FR\/uhlsport_catalogue_teamwear_2025_fr\/\" target=\"_blank\" rel=\"noopener noreferrer\">uhlsport Catalogue \u00c9quipe 2025<\/a><\/p>\n<p><a href=\"https:\/\/media.kempa-sports.com\/kmp\/2025\/2025-kempa-katalog\/kempa_catalogue_2025_fra_chaussures_ballons\/\" target=\"_blank\" rel=\"noopener noreferrer\">Kempa Catalogue Chaussures et ballons de handball 2025<\/a><\/p>\n<p><a href=\"https:\/\/media.kempa-sports.com\/kmp\/2025\/2025-kempa-katalog\/kempa_catalogue_2025_fra_teamwear\/\" target=\"_blank\" rel=\"noopener noreferrer\">Kempa Catalogue \u00c9quipe 2025<\/a><\/p>\n<\/div><\/section>\n\n<style type=\"text\/css\" data-created_by=\"avia_inline_auto\" id=\"style-css-av-k0qx5dtg-bee561459796007c70069e21fb009950\">\n#top .hr.hr-invisible.av-k0qx5dtg-bee561459796007c70069e21fb009950{\nheight:50px;\n}\n<\/style>\n<div  class='hr av-k0qx5dtg-bee561459796007c70069e21fb009950 hr-invisible  avia-builder-el-15  el_after_av_textblock  el_before_av_textblock '><span class='hr-inner '><span class=\"hr-inner-style\"><\/span><\/span><\/div>\n<section  class='av_textblock_section av-k0p65q5n-a5f72b4b37b84300b2a78d8b00daa7c9 '   itemscope=\"itemscope\" itemtype=\"https:\/\/schema.org\/CreativeWork\" ><div class='avia_textblock'  itemprop=\"text\" ><h3>Flipbooks BEL<\/h3>\n<p><a href=\"https:\/\/media.uhlsport.com\/uhl\/2025\/2025-uhlsport-katalog\/BEL\/uhlsport_catalogue_goalkeeper_2025_bel\/\" target=\"_blank\" rel=\"noopener noreferrer\">uhlsport Catalogue Gardien de but 2025<\/a><\/p>\n<p><a href=\"https:\/\/media.uhlsport.com\/uhl\/2025\/2025-uhlsport-katalog\/BEL\/uhlsport_catalogue_teamwear_2025_bel\/\" target=\"_blank\" rel=\"noopener noreferrer\">uhlsport Catalogue \u00c9quipe 2025<\/a><\/p>\n<p><a href=\"https:\/\/media.kempa-sports.com\/kmp\/2025\/2025-kempa-katalog\/kempa_catalogue_2025_bel_chaussures_ballons\/\" target=\"_blank\" rel=\"noopener noreferrer\">Kempa Catalogue Chaussures et ballons de handball 2025<\/a><\/p>\n<p><a href=\"https:\/\/media.kempa-sports.com\/kmp\/2025\/2025-kempa-katalog\/kempa_catalogue_2025_bel_teamwear\/\" target=\"_blank\" rel=\"noopener noreferrer\">Kempa Catalogue \u00c9quipe 2025<\/a><\/p>\n<\/div><\/section>\n<\/div><\/div><\/div><!-- close content main div --><\/div><\/div><div id='after_section_4'  class='main_color av_default_container_wrap container_wrap fullsize'  ><div class='container av-section-cont-open' ><div class='template-page content  av-content-full alpha units'><div class='post-entry post-entry-type-page post-entry-22081'><div class='entry-content-wrapper clearfix'>\n<style type=\"text\/css\" data-created_by=\"avia_inline_auto\" id=\"style-css-av-k0qx5dtg-bee561459796007c70069e21fb009950\">\n#top .hr.hr-invisible.av-k0qx5dtg-bee561459796007c70069e21fb009950{\nheight:50px;\n}\n<\/style>\n<div  class='hr av-k0qx5dtg-bee561459796007c70069e21fb009950 hr-invisible  avia-builder-el-17  el_after_av_section  avia-builder-el-no-sibling '><span class='hr-inner '><span class=\"hr-inner-style\"><\/span><\/span><\/div><\/p>\n","protected":false},"excerpt":{"rendered":"","protected":false},"author":1,"featured_media":0,"parent":0,"menu_order":0,"comment_status":"closed","ping_status":"closed","template":"","meta":{"footnotes":""},"class_list":["post-22081","page","type-page","status-publish","hentry"],"yoast_head":"<!-- This site is optimized with the Yoast SEO plugin v27.2 - https:\/\/yoast.com\/product\/yoast-seo-wordpress\/ -->\n<title>Manuel de la marque, l&#039;identit\u00e9 d&#039;entreprise et les catalogues \u00e0 t\u00e9l\u00e9charger<\/title>\n<meta name=\"description\" content=\"Notre Brandbook, CI et catalogues - T\u00e9l\u00e9chargez notre charte graphique, les logos et les catalogues de nos deux marques, uhlsport et Kempa.\" \/>\n<meta name=\"robots\" content=\"index, follow, max-snippet:-1, max-image-preview:large, max-video-preview:-1\" \/>\n<link rel=\"canonical\" href=\"https:\/\/uhlsport.group\/fr\/brandbook\/\" \/>\n<meta property=\"og:locale\" content=\"fr_FR\" \/>\n<meta property=\"og:type\" content=\"article\" \/>\n<meta property=\"og:title\" content=\"Manuel de la marque, l&#039;identit\u00e9 d&#039;entreprise et les catalogues \u00e0 t\u00e9l\u00e9charger\" \/>\n<meta property=\"og:description\" content=\"Notre Brandbook, CI et catalogues - T\u00e9l\u00e9chargez notre charte graphique, les logos et les catalogues de nos deux marques, uhlsport et Kempa.\" \/>\n<meta property=\"og:url\" content=\"https:\/\/uhlsport.group\/fr\/brandbook\/\" \/>\n<meta property=\"og:site_name\" content=\"uhlsport GmbH: Teamsport-Ausr\u00fcstung f\u00fcr Fu\u00dfball und Handball\" \/>\n<meta property=\"article:modified_time\" content=\"2025-12-09T16:35:43+00:00\" \/>\n<meta name=\"twitter:card\" content=\"summary_large_image\" \/>\n<meta name=\"twitter:title\" content=\"Manuel de la marque, l&#039;identit\u00e9 d&#039;entreprise et les catalogues \u00e0 t\u00e9l\u00e9charger\" \/>\n<meta name=\"twitter:description\" content=\"Notre Brandbook, CI et catalogues - T\u00e9l\u00e9chargez notre charte graphique, les logos et les catalogues de nos deux marques, uhlsport et Kempa.\" \/>\n<meta name=\"twitter:label1\" content=\"Dur\u00e9e de lecture estim\u00e9e\" \/>\n\t<meta name=\"twitter:data1\" content=\"1 minute\" \/>\n<script type=\"application\/ld+json\" class=\"yoast-schema-graph\">{\"@context\":\"https:\/\/schema.org\",\"@graph\":[{\"@type\":\"WebPage\",\"@id\":\"https:\/\/uhlsport.group\/fr\/brandbook\/\",\"url\":\"https:\/\/uhlsport.group\/fr\/brandbook\/\",\"name\":\"Manuel de la marque, l'identit\u00e9 d'entreprise et les catalogues \u00e0 t\u00e9l\u00e9charger\",\"isPartOf\":{\"@id\":\"https:\/\/uhlsport.group\/fr\/#website\"},\"datePublished\":\"2019-09-18T11:10:01+00:00\",\"dateModified\":\"2025-12-09T16:35:43+00:00\",\"description\":\"Notre Brandbook, CI et catalogues - T\u00e9l\u00e9chargez notre charte graphique, les logos et les catalogues de nos deux marques, uhlsport et Kempa.\",\"breadcrumb\":{\"@id\":\"https:\/\/uhlsport.group\/fr\/brandbook\/#breadcrumb\"},\"inLanguage\":\"fr-FR\",\"potentialAction\":[{\"@type\":\"ReadAction\",\"target\":[\"https:\/\/uhlsport.group\/fr\/brandbook\/\"]}]},{\"@type\":\"BreadcrumbList\",\"@id\":\"https:\/\/uhlsport.group\/fr\/brandbook\/#breadcrumb\",\"itemListElement\":[{\"@type\":\"ListItem\",\"position\":1,\"name\":\"Startseite\",\"item\":\"https:\/\/uhlsport.group\/fr\/\"},{\"@type\":\"ListItem\",\"position\":2,\"name\":\"Brandbook\"}]},{\"@type\":\"WebSite\",\"@id\":\"https:\/\/uhlsport.group\/fr\/#website\",\"url\":\"https:\/\/uhlsport.group\/fr\/\",\"name\":\"uhlsport GmbH: Teamsport-Ausr\u00fcstung f\u00fcr Fu\u00dfball und Handball\",\"description\":\"Brave. Progressive. Trustworthy. uhlsport und Kempa \u2013 das ist die uhlsport GmbH, der Experte f\u00fcr Teamsport seit 1948.\",\"publisher\":{\"@id\":\"https:\/\/uhlsport.group\/fr\/#organization\"},\"potentialAction\":[{\"@type\":\"SearchAction\",\"target\":{\"@type\":\"EntryPoint\",\"urlTemplate\":\"https:\/\/uhlsport.group\/fr\/?s={search_term_string}\"},\"query-input\":{\"@type\":\"PropertyValueSpecification\",\"valueRequired\":true,\"valueName\":\"search_term_string\"}}],\"inLanguage\":\"fr-FR\"},{\"@type\":\"Organization\",\"@id\":\"https:\/\/uhlsport.group\/fr\/#organization\",\"name\":\"uhlsport GmbH\",\"url\":\"https:\/\/uhlsport.group\/fr\/\",\"logo\":{\"@type\":\"ImageObject\",\"inLanguage\":\"fr-FR\",\"@id\":\"https:\/\/uhlsport.group\/fr\/#\/schema\/logo\/image\/\",\"url\":\"https:\/\/uhlsport.group\/wp-content\/uploads\/2019\/04\/Logo_uhlsport-Group.png\",\"contentUrl\":\"https:\/\/uhlsport.group\/wp-content\/uploads\/2019\/04\/Logo_uhlsport-Group.png\",\"width\":2151,\"height\":315,\"caption\":\"uhlsport GmbH\"},\"image\":{\"@id\":\"https:\/\/uhlsport.group\/fr\/#\/schema\/logo\/image\/\"}}]}<\/script>\n<!-- \/ Yoast SEO plugin. -->","yoast_head_json":{"title":"Manuel de la marque, l'identit\u00e9 d'entreprise et les catalogues \u00e0 t\u00e9l\u00e9charger","description":"Notre Brandbook, CI et catalogues - T\u00e9l\u00e9chargez notre charte graphique, les logos et les catalogues de nos deux marques, uhlsport et Kempa.","robots":{"index":"index","follow":"follow","max-snippet":"max-snippet:-1","max-image-preview":"max-image-preview:large","max-video-preview":"max-video-preview:-1"},"canonical":"https:\/\/uhlsport.group\/fr\/brandbook\/","og_locale":"fr_FR","og_type":"article","og_title":"Manuel de la marque, l'identit\u00e9 d'entreprise et les catalogues \u00e0 t\u00e9l\u00e9charger","og_description":"Notre Brandbook, CI et catalogues - T\u00e9l\u00e9chargez notre charte graphique, les logos et les catalogues de nos deux marques, uhlsport et Kempa.","og_url":"https:\/\/uhlsport.group\/fr\/brandbook\/","og_site_name":"uhlsport GmbH: Teamsport-Ausr\u00fcstung f\u00fcr Fu\u00dfball und Handball","article_modified_time":"2025-12-09T16:35:43+00:00","twitter_card":"summary_large_image","twitter_title":"Manuel de la marque, l'identit\u00e9 d'entreprise et les catalogues \u00e0 t\u00e9l\u00e9charger","twitter_description":"Notre Brandbook, CI et catalogues - T\u00e9l\u00e9chargez notre charte graphique, les logos et les catalogues de nos deux marques, uhlsport et Kempa.","twitter_misc":{"Dur\u00e9e de lecture estim\u00e9e":"1 minute"},"schema":{"@context":"https:\/\/schema.org","@graph":[{"@type":"WebPage","@id":"https:\/\/uhlsport.group\/fr\/brandbook\/","url":"https:\/\/uhlsport.group\/fr\/brandbook\/","name":"Manuel de la marque, l'identit\u00e9 d'entreprise et les catalogues \u00e0 t\u00e9l\u00e9charger","isPartOf":{"@id":"https:\/\/uhlsport.group\/fr\/#website"},"datePublished":"2019-09-18T11:10:01+00:00","dateModified":"2025-12-09T16:35:43+00:00","description":"Notre Brandbook, CI et catalogues - T\u00e9l\u00e9chargez notre charte graphique, les logos et les catalogues de nos deux marques, uhlsport et Kempa.","breadcrumb":{"@id":"https:\/\/uhlsport.group\/fr\/brandbook\/#breadcrumb"},"inLanguage":"fr-FR","potentialAction":[{"@type":"ReadAction","target":["https:\/\/uhlsport.group\/fr\/brandbook\/"]}]},{"@type":"BreadcrumbList","@id":"https:\/\/uhlsport.group\/fr\/brandbook\/#breadcrumb","itemListElement":[{"@type":"ListItem","position":1,"name":"Startseite","item":"https:\/\/uhlsport.group\/fr\/"},{"@type":"ListItem","position":2,"name":"Brandbook"}]},{"@type":"WebSite","@id":"https:\/\/uhlsport.group\/fr\/#website","url":"https:\/\/uhlsport.group\/fr\/","name":"uhlsport GmbH: Teamsport-Ausr\u00fcstung f\u00fcr Fu\u00dfball und Handball","description":"Brave. Progressive. Trustworthy. uhlsport und Kempa \u2013 das ist die uhlsport GmbH, der Experte f\u00fcr Teamsport seit 1948.","publisher":{"@id":"https:\/\/uhlsport.group\/fr\/#organization"},"potentialAction":[{"@type":"SearchAction","target":{"@type":"EntryPoint","urlTemplate":"https:\/\/uhlsport.group\/fr\/?s={search_term_string}"},"query-input":{"@type":"PropertyValueSpecification","valueRequired":true,"valueName":"search_term_string"}}],"inLanguage":"fr-FR"},{"@type":"Organization","@id":"https:\/\/uhlsport.group\/fr\/#organization","name":"uhlsport GmbH","url":"https:\/\/uhlsport.group\/fr\/","logo":{"@type":"ImageObject","inLanguage":"fr-FR","@id":"https:\/\/uhlsport.group\/fr\/#\/schema\/logo\/image\/","url":"https:\/\/uhlsport.group\/wp-content\/uploads\/2019\/04\/Logo_uhlsport-Group.png","contentUrl":"https:\/\/uhlsport.group\/wp-content\/uploads\/2019\/04\/Logo_uhlsport-Group.png","width":2151,"height":315,"caption":"uhlsport GmbH"},"image":{"@id":"https:\/\/uhlsport.group\/fr\/#\/schema\/logo\/image\/"}}]}},"_links":{"self":[{"href":"https:\/\/uhlsport.group\/fr\/wp-json\/wp\/v2\/pages\/22081","targetHints":{"allow":["GET"]}}],"collection":[{"href":"https:\/\/uhlsport.group\/fr\/wp-json\/wp\/v2\/pages"}],"about":[{"href":"https:\/\/uhlsport.group\/fr\/wp-json\/wp\/v2\/types\/page"}],"author":[{"embeddable":true,"href":"https:\/\/uhlsport.group\/fr\/wp-json\/wp\/v2\/users\/1"}],"replies":[{"embeddable":true,"href":"https:\/\/uhlsport.group\/fr\/wp-json\/wp\/v2\/comments?post=22081"}],"version-history":[{"count":0,"href":"https:\/\/uhlsport.group\/fr\/wp-json\/wp\/v2\/pages\/22081\/revisions"}],"wp:attachment":[{"href":"https:\/\/uhlsport.group\/fr\/wp-json\/wp\/v2\/media?parent=22081"}],"curies":[{"name":"wp","href":"https:\/\/api.w.org\/{rel}","templated":true}]}}