{"id":22082,"date":"2019-09-16T10:49:37","date_gmt":"2019-09-16T08:49:37","guid":{"rendered":"https:\/\/uhlsport.group\/career\/"},"modified":"2023-10-19T17:26:13","modified_gmt":"2023-10-19T15:26:13","slug":"carriere","status":"publish","type":"page","link":"https:\/\/uhlsport.group\/fr\/carriere\/","title":{"rendered":"carri\u00e8re"},"content":{"rendered":"<\/p>\n\n<style type=\"text\/css\" data-created_by=\"avia_inline_auto\" id=\"style-css-av-jmg16u8w-515576eff20dc5b8f0d658ae894e4b42\">\n.avia-section.av-jmg16u8w-515576eff20dc5b8f0d658ae894e4b42{\nbackground-repeat:no-repeat;\nbackground-image:url(https:\/\/uhlsport.group\/wp-content\/uploads\/2019\/09\/eingang.jpg);\nbackground-position:50% 100%;\nbackground-attachment:scroll;\n}\n<\/style>\n<div id='av_section_1'  class='avia-section av-jmg16u8w-515576eff20dc5b8f0d658ae894e4b42 main_color avia-section-no-padding avia-no-border-styling  avia-builder-el-0  el_before_av_hr  avia-builder-el-first  avia-full-stretch avia-bg-style-scroll av-minimum-height av-minimum-height-50 av-height-50  container_wrap fullsize'  data-section-bg-repeat='stretch' data-av_minimum_height_pc='50' data-av_min_height_opt='50'><div class='container av-section-cont-open' ><main  role=\"main\" itemprop=\"mainContentOfPage\"  class='template-page content  av-content-full alpha units'><div class='post-entry post-entry-type-page post-entry-22082'><div class='entry-content-wrapper clearfix'><\/div><\/div><\/main><!-- close content main element --><\/div><\/div><div id='after_section_1'  class='main_color av_default_container_wrap container_wrap fullsize'  ><div class='container av-section-cont-open' ><div class='template-page content  av-content-full alpha units'><div class='post-entry post-entry-type-page post-entry-22082'><div class='entry-content-wrapper clearfix'>\n\n<style type=\"text\/css\" data-created_by=\"avia_inline_auto\" id=\"style-css-av-jw7t35e5-012021c847a818caf6890972460d8540\">\n#top .hr.hr-invisible.av-jw7t35e5-012021c847a818caf6890972460d8540{\nheight:50px;\n}\n<\/style>\n<div  class='hr av-jw7t35e5-012021c847a818caf6890972460d8540 hr-invisible  avia-builder-el-1  el_after_av_section  el_before_av_textblock  avia-builder-el-first  av-small-hide av-mini-hide'><span class='hr-inner '><span class=\"hr-inner-style\"><\/span><\/span><\/div>\n<section  class='av_textblock_section av-jmly5lxs-ceb201235ba94b340844dd90f518ce48 '   itemscope=\"itemscope\" itemtype=\"https:\/\/schema.org\/CreativeWork\" ><div class='avia_textblock p-intro'  itemprop=\"text\" ><h1 style=\"text-align: left;\"><strong>Votre carri\u00e8re au sein du groupe uhlsport<\/strong><\/h1>\n<\/div><\/section>\n<section  class='av_textblock_section av-jmly5lxs-9265327a8239381fd2ca74d48b750413 '   itemscope=\"itemscope\" itemtype=\"https:\/\/schema.org\/CreativeWork\" ><div class='avia_textblock'  itemprop=\"text\" ><p>Chaque \u00e9quipe doit travailler r\u00e9guli\u00e8rement sur son effectif, le d\u00e9velopper et l&#8217;am\u00e9liorer. Nous sommes toujours \u00e0 la recherche de personnes engag\u00e9es, cr\u00e9atives et motiv\u00e9es. Qu&#8217;il s&#8217;agisse d&#8217;un poste permanent, d&#8217;un apprentissage, d&#8217;un stage ou d&#8217;un job d\u2018\u00e9t\u00e9 &#8211; chaque service et chaque fonction du groupe uhlsport est unique et vari\u00e9. La normalit\u00e9 est rare chez uhlsport &#8211; et c&#8217;est une bonne chose. Ce n&#8217;est qu&#8217;ainsi que nous pourrons satisfaire tout le monde. L&#8217;essentiel, c&#8217;est que nous agissions en \u00e9quipe.<\/p>\n<\/div><\/section>\n\n<style type=\"text\/css\" data-created_by=\"avia_inline_auto\" id=\"style-css-av-k0l24cdy-d08d1bda09f8b8cf484e4c09294d508f\">\n#top .hr.hr-invisible.av-k0l24cdy-d08d1bda09f8b8cf484e4c09294d508f{\nheight:60px;\n}\n<\/style>\n<div  class='hr av-k0l24cdy-d08d1bda09f8b8cf484e4c09294d508f hr-invisible  avia-builder-el-4  el_after_av_textblock  el_before_av_section  avia-builder-el-last  av-medium-hide av-small-hide av-mini-hide'><span class='hr-inner '><span class=\"hr-inner-style\"><\/span><\/span><\/div>\n<\/div><\/div><\/div><!-- close content main div --><\/div><\/div><div id='av_section_2'  class='avia-section av-1u33jq-08dd303101634508dde232d6a91ef71c main_color avia-section-default avia-no-border-styling  avia-builder-el-5  el_after_av_hr  el_before_av_hr  avia-bg-style-scroll container_wrap fullsize'  ><div class='container av-section-cont-open' ><div class='template-page content  av-content-full alpha units'><div class='post-entry post-entry-type-page post-entry-22082'><div class='entry-content-wrapper clearfix'>\n\n<style type=\"text\/css\" data-created_by=\"avia_inline_auto\" id=\"style-css-av-4cek0m-22c65034376cca90971e671c2dd12084\">\n.flex_column.av-4cek0m-22c65034376cca90971e671c2dd12084{\nborder-radius:0px 0px 0px 0px;\npadding:0px 0px 0px 0px;\n}\n<\/style>\n<div  class='flex_column av-4cek0m-22c65034376cca90971e671c2dd12084 av_one_half  avia-builder-el-6  el_before_av_one_half  avia-builder-el-first  first no_margin flex_column_div av-zero-column-padding  '     ><p>\n<style type=\"text\/css\" data-created_by=\"avia_inline_auto\" id=\"style-css-av-k0l24cdy-280bf186b1a3595c7e51cc60aa2d0040\">\n#top .hr.hr-invisible.av-k0l24cdy-280bf186b1a3595c7e51cc60aa2d0040{\nheight:40px;\n}\n<\/style>\n<div  class='hr av-k0l24cdy-280bf186b1a3595c7e51cc60aa2d0040 hr-invisible  avia-builder-el-7  el_before_av_toggle_container  avia-builder-el-first  av-medium-hide av-small-hide av-mini-hide'><span class='hr-inner '><span class=\"hr-inner-style\"><\/span><\/span><\/div><br \/>\n<div  class='togglecontainer av-63qv2e-b7434a22617404c5ed7bd59009d63b7e  avia-builder-el-8  el_after_av_hr  el_before_av_hr  toggle_close_all' >\n<section class='av_toggle_section av-l0b6j02g-c56348dd792620585983eb8747ce4629'  itemscope=\"itemscope\" itemtype=\"https:\/\/schema.org\/CreativeWork\" ><div role=\"tablist\" class=\"single_toggle\" data-tags=\"{Tout} \"  ><p id='toggle-toggle-id-1' data-fake-id='#toggle-id-1' class='toggler  av-title-above '  itemprop=\"headline\"  role='tab' tabindex='0' aria-controls='toggle-id-1' data-slide-speed=\"200\" data-title=\"Offres d\u2019emploi\" data-title-open=\"\" data-aria_collapsed=\"Cliquez pour \u00e9tendre : Offres d\u2019emploi\" data-aria_expanded=\"Cliquez pour r\u00e9duire : Offres d\u2019emploi\">Offres d\u2019emploi<span class=\"toggle_icon\"><span class=\"vert_icon\"><\/span><span class=\"hor_icon\"><\/span><\/span><\/p><div id='toggle-id-1' aria-labelledby='toggle-toggle-id-1' role='region' class='toggle_wrap  av-title-above'  ><div class='toggle_content invers-color '  itemprop=\"text\" ><p>Le groupe uhlsport est une entreprise active au niveau mondial qui couvre les sports d&#8217;\u00e9quipe les plus importants en Europe avec ses marques uhlsport et Kempa. Notre objectif est d&#8217;obtenir les meilleurs r\u00e9sultats pour nos clients. Cette philosophie est \u00e9vidente dans tous nos services : d\u00e9veloppement de produits, achats, ventes nationales, ventes internationales, marketing, qualit\u00e9, logistique, comptabilit\u00e9 et informatique.<\/p>\n<p>Voulez-vous rejoindre le groupe uhlsport ? Dans ce cas, veuillez envoyer votre candidature compl\u00e8te par\u00a0<a href=\"mailto:personal@uhlsport.de\" target=\"_blank\" rel=\"noopener noreferrer\">e-mail<\/a>\u00a0ou par courrier \u00e0 notre service du personnel.<\/p>\n<p>uhlsport GmbH I personnel department<br \/>\nKlingenbachstra\u00dfe 3 | 72336 Balingen-Engstlatt<br \/>\n<a href=\"mailto:personal@uhlsport.de\" target=\"_blank\" rel=\"noopener noreferrer\">personal@uhlsport.de<\/a><\/p>\n<\/div><\/div><\/div><\/section>\n<section class='av_toggle_section av-l0c5ldwk-afcd9cca4363f81c27d75c5390edbdde'  itemscope=\"itemscope\" itemtype=\"https:\/\/schema.org\/CreativeWork\" ><div role=\"tablist\" class=\"single_toggle\" data-tags=\"{Tout} \"  ><p id='toggle-toggle-id-2' data-fake-id='#toggle-id-2' class='toggler  av-title-above '  itemprop=\"headline\"  role='tab' tabindex='0' aria-controls='toggle-id-2' data-slide-speed=\"200\" data-title=\"Stages en entreprise\" data-title-open=\"\" data-aria_collapsed=\"Cliquez pour \u00e9tendre : Stages en entreprise\" data-aria_expanded=\"Cliquez pour r\u00e9duire : Stages en entreprise\">Stages en entreprise<span class=\"toggle_icon\"><span class=\"vert_icon\"><\/span><span class=\"hor_icon\"><\/span><\/span><\/p><div id='toggle-id-2' aria-labelledby='toggle-toggle-id-2' role='region' class='toggle_wrap  av-title-above'  ><div class='toggle_content invers-color '  itemprop=\"text\" ><p>On ne fait pas que du caf\u00e9. Notre adage est que le stagiaire doit avoir une bonne vision et le sentiment de participer \u00e0 la vie de l\u2018entreprise quotidiennement au cours de son stage. Nos stagiaires sont activement impliqu\u00e9s dans des projets et compl\u00e8tement int\u00e9gr\u00e9s dans les t\u00e2ches normales de travail chez uhlsport.<\/p>\n<p>Voulez-vous rejoindre le groupe uhlsport ?<\/p>\n<p>Dans ce cas, veuillez envoyer votre candidature compl\u00e8te par\u00a0<a href=\"mailto:personal@uhlsport.de\" target=\"_blank\" rel=\"noopener noreferrer\">e-mail<\/a> ou par courrier \u00e0 notre service du personnel.<\/p>\n<p>uhlsport GmbH I personnel department<br \/>\nKlingenbachstra\u00dfe 3 | 72336 Balingen-Engstlatt<br \/>\n<a href=\"mailto:personal@uhlsport.de\" target=\"_blank\" rel=\"noopener noreferrer\">personal@uhlsport.de<\/a><\/p>\n<\/div><\/div><\/div><\/section>\n<section class='av_toggle_section av-l0c5llrq-1d51321cf5c4f170733a16991acf8c02'  itemscope=\"itemscope\" itemtype=\"https:\/\/schema.org\/CreativeWork\" ><div role=\"tablist\" class=\"single_toggle\" data-tags=\"{Tout} \"  ><p id='toggle-toggle-id-3' data-fake-id='#toggle-id-3' class='toggler  av-title-above '  itemprop=\"headline\"  role='tab' tabindex='0' aria-controls='toggle-id-3' data-slide-speed=\"200\" data-title=\"Ach\u00e8vement de votre th\u00e8se\" data-title-open=\"\" data-aria_collapsed=\"Cliquez pour \u00e9tendre : Ach\u00e8vement de votre th\u00e8se\" data-aria_expanded=\"Cliquez pour r\u00e9duire : Ach\u00e8vement de votre th\u00e8se\">Ach\u00e8vement de votre th\u00e8se<span class=\"toggle_icon\"><span class=\"vert_icon\"><\/span><span class=\"hor_icon\"><\/span><\/span><\/p><div id='toggle-id-3' aria-labelledby='toggle-toggle-id-3' role='region' class='toggle_wrap  av-title-above'  ><div class='toggle_content invers-color '  itemprop=\"text\" ><p>Nous sommes ravis de pouvoir vous aider au cours des derni\u00e8res \u00e9tapes vers l&#8217;obtention de votre dipl\u00f4me.<\/p>\n<p>Nous pouvons vous apporter le soutien technique n\u00e9cessaire lors de la r\u00e9daction de votre m\u00e9moire de dipl\u00f4me, de licence ou de master, un service que nous consid\u00e9rons comme un projet de partenariat : vous pouvez nous apporter la r\u00e9ponse analytique \u00e0 une question particuli\u00e8re, et nous vous apportons une premi\u00e8re exp\u00e9rience professionnelle et, esp\u00e9rons-le, un emploi pour l&#8217;avenir.<\/p>\n<p>Voulez-vous rejoindre le groupe uhlsport ?<\/p>\n<p>Dans ce cas, veuillez envoyer votre candidature compl\u00e8te par\u00a0<a href=\"mailto:personal@uhlsport.de\" target=\"_blank\" rel=\"noopener noreferrer\">e-mail<\/a> ou par courrier \u00e0 notre service du personnel.<\/p>\n<p>uhlsport GmbH I personnel department<br \/>\nKlingenbachstra\u00dfe 3 | 72336 Balingen-Engstlatt<br \/>\n<a href=\"mailto:personal@uhlsport.de\" target=\"_blank\" rel=\"noopener noreferrer\">personal@uhlsport.de<\/a><\/p>\n<\/div><\/div><\/div><\/section>\n<section class='av_toggle_section av-l0c5lwp3-a1f0de6fc8c46de5ed74799c62a81c64'  itemscope=\"itemscope\" itemtype=\"https:\/\/schema.org\/CreativeWork\" ><div role=\"tablist\" class=\"single_toggle\" data-tags=\"{Tout} \"  ><p id='toggle-toggle-id-4' data-fake-id='#toggle-id-4' class='toggler  av-title-above '  itemprop=\"headline\"  role='tab' tabindex='0' aria-controls='toggle-id-4' data-slide-speed=\"200\" data-title=\"Formation professionnelle\" data-title-open=\"\" data-aria_collapsed=\"Cliquez pour \u00e9tendre : Formation professionnelle\" data-aria_expanded=\"Cliquez pour r\u00e9duire : Formation professionnelle\">Formation professionnelle<span class=\"toggle_icon\"><span class=\"vert_icon\"><\/span><span class=\"hor_icon\"><\/span><\/span><\/p><div id='toggle-id-4' aria-labelledby='toggle-toggle-id-4' role='region' class='toggle_wrap  av-title-above'  ><div class='toggle_content invers-color '  itemprop=\"text\" ><p>La formation professionnelle est une partie importante de la philosophie d&#8217;uhlsport. Nous sommes plus qu&#8217;heureux d&#8217;assumer cette responsabilit\u00e9 sociale et de soutenir ainsi la croissance future de l&#8217;entreprise. Dans le cadre de la formation, chaque stagiaire passe du temps dans chaque service, ce qui lui permet d&#8217;appliquer et d&#8217;\u00e9largir ses connaissances th\u00e9oriques dans un environnement pratique. Les stagiaires ont \u00e9galement la possibilit\u00e9 d&#8217;identifier des forces et des pr\u00e9f\u00e9rences particuli\u00e8res pour faciliter le choix ult\u00e9rieur du bon cheminement de carri\u00e8re \u00e0 suivre. Un passage dans les differents services; ventes nationales et internationales, aux achats, au d\u00e9veloppement de produits, \u00e0 la qualit\u00e9, \u00e0 la logistique, \u00e0 l&#8217;informatique, \u00e0 la comptabilit\u00e9 et au marketing permet aux stagiaires d&#8217;acqu\u00e9rir une connaissance approfondie de l&#8217;entreprise et, en plus de l&#8217;exp\u00e9rience professionnelle, elle leur permet de profiter d&#8217;une occasion unique d&#8217;apprendre \u00e0 conna\u00eetre l&#8217;\u00e9quipe.<\/p>\n<p>Voulez-vous rejoindre le groupe uhlsport ?<\/p>\n<p>Dans ce cas, veuillez envoyer votre candidature compl\u00e8te par\u00a0<a href=\"mailto:personal@uhlsport.de\" target=\"_blank\" rel=\"noopener noreferrer\">e-mail<\/a> ou par courrier \u00e0 notre service du personnel.<\/p>\n<p>uhlsport GmbH I personnel department<br \/>\nKlingenbachstra\u00dfe 3 | 72336 Balingen-Engstlatt<br \/>\n<a href=\"mailto:personal@uhlsport.de\" target=\"_blank\" rel=\"noopener noreferrer\">personal@uhlsport.de<\/a><\/p>\n<\/div><\/div><\/div><\/section>\n<\/div><br \/>\n\n<style type=\"text\/css\" data-created_by=\"avia_inline_auto\" id=\"style-css-av-k0l24cdy-4e0a96f9209dfeb571260f37d2d21b19\">\n#top .hr.hr-invisible.av-k0l24cdy-4e0a96f9209dfeb571260f37d2d21b19{\nheight:50px;\n}\n<\/style>\n<div  class='hr av-k0l24cdy-4e0a96f9209dfeb571260f37d2d21b19 hr-invisible  avia-builder-el-9  el_after_av_toggle_container  avia-builder-el-last '><span class='hr-inner '><span class=\"hr-inner-style\"><\/span><\/span><\/div><\/p><\/div>\n<style type=\"text\/css\" data-created_by=\"avia_inline_auto\" id=\"style-css-av-7c9ae-73a86c884cf00e51d9d74624a80fd148\">\n.flex_column.av-7c9ae-73a86c884cf00e51d9d74624a80fd148{\nborder-radius:0px 0px 0px 0px;\npadding:0px 0px 0px 0px;\n}\n<\/style>\n<div  class='flex_column av-7c9ae-73a86c884cf00e51d9d74624a80fd148 av_one_half  avia-builder-el-10  el_after_av_one_half  avia-builder-el-last  no_margin flex_column_div av-zero-column-padding  '     ><style type=\"text\/css\" data-created_by=\"avia_inline_auto\" id=\"style-css-av-k0oa6kcu-33cd19311f09b87f9de4ea99a80f4093\">\n.avia-image-container.av-k0oa6kcu-33cd19311f09b87f9de4ea99a80f4093 img.avia_image{\nbox-shadow:none;\n}\n.avia-image-container.av-k0oa6kcu-33cd19311f09b87f9de4ea99a80f4093 .av-image-caption-overlay-center{\ncolor:#ffffff;\n}\n<\/style>\n<div  class='avia-image-container av-k0oa6kcu-33cd19311f09b87f9de4ea99a80f4093 av-styling- avia-align-center  avia-builder-el-11  avia-builder-el-no-sibling '   itemprop=\"image\" itemscope=\"itemscope\" itemtype=\"https:\/\/schema.org\/ImageObject\" ><div class=\"avia-image-container-inner\"><div class=\"avia-image-overlay-wrap\"><img decoding=\"async\" fetchpriority=\"high\" class='wp-image-23161 avia-img-lazy-loading-not-23161 avia_image ' src=\"https:\/\/uhlsport.group\/wp-content\/uploads\/2020\/06\/Sponsoring_Gensheimer-2.jpg\" alt='Uwe Gensheimer' title=''  height=\"800\" width=\"1305\"  itemprop=\"thumbnailUrl\" srcset=\"https:\/\/uhlsport.group\/wp-content\/uploads\/2020\/06\/Sponsoring_Gensheimer-2.jpg 1305w, https:\/\/uhlsport.group\/wp-content\/uploads\/2020\/06\/Sponsoring_Gensheimer-2-300x184.jpg 300w, https:\/\/uhlsport.group\/wp-content\/uploads\/2020\/06\/Sponsoring_Gensheimer-2-1030x631.jpg 1030w, https:\/\/uhlsport.group\/wp-content\/uploads\/2020\/06\/Sponsoring_Gensheimer-2-768x471.jpg 768w, https:\/\/uhlsport.group\/wp-content\/uploads\/2020\/06\/Sponsoring_Gensheimer-2-705x432.jpg 705w, https:\/\/uhlsport.group\/wp-content\/uploads\/2020\/06\/Sponsoring_Gensheimer-2-500x307.jpg 500w\" sizes=\"(max-width: 1305px) 100vw, 1305px\" \/><\/div><\/div><\/div><\/div><\/div><\/div><\/div><!-- close content main div --><\/div><\/div><div id='after_section_2'  class='main_color av_default_container_wrap container_wrap fullsize'  ><div class='container av-section-cont-open' ><div class='template-page content  av-content-full alpha units'><div class='post-entry post-entry-type-page post-entry-22082'><div class='entry-content-wrapper clearfix'>\n<style type=\"text\/css\" data-created_by=\"avia_inline_auto\" id=\"style-css-av-k0l24cdy-8ef0c6026ab87546db8075c5a27cda11\">\n#top .hr.hr-invisible.av-k0l24cdy-8ef0c6026ab87546db8075c5a27cda11{\nheight:30px;\n}\n<\/style>\n<div  class='hr av-k0l24cdy-8ef0c6026ab87546db8075c5a27cda11 hr-invisible  avia-builder-el-12  el_after_av_section  el_before_av_textblock  avia-builder-el-first '><span class='hr-inner '><span class=\"hr-inner-style\"><\/span><\/span><\/div><\/p>\n<section  class='av_textblock_section av-jmly5lxs-1e4b9bb83b95b1164bb497298ac6ff1c '   itemscope=\"itemscope\" itemtype=\"https:\/\/schema.org\/CreativeWork\" ><div class='avia_textblock'  itemprop=\"text\" ><p>uhlsport GmbH I personnel department<br \/>\nKlingenbachstra\u00dfe 3 | 72336 Balingen-Engstlatt<br \/>\n<a href=\"mailto:personal@uhlsport.de\" target=\"_blank\" rel=\"noopener noreferrer\">personal@uhlsport.de<\/a><\/p>\n<\/div><\/section>\n\n<style type=\"text\/css\" data-created_by=\"avia_inline_auto\" id=\"style-css-av-k0l24cdy-6a34e719e9c02a86ab0de363755214b1\">\n#top .hr.hr-invisible.av-k0l24cdy-6a34e719e9c02a86ab0de363755214b1{\nheight:120px;\n}\n<\/style>\n<div  class='hr av-k0l24cdy-6a34e719e9c02a86ab0de363755214b1 hr-invisible  avia-builder-el-14  el_after_av_textblock  avia-builder-el-last  av-small-hide av-mini-hide'><span class='hr-inner '><span class=\"hr-inner-style\"><\/span><\/span><\/div>\n","protected":false},"excerpt":{"rendered":"","protected":false},"author":1,"featured_media":0,"parent":0,"menu_order":0,"comment_status":"closed","ping_status":"closed","template":"","meta":{"footnotes":""},"class_list":["post-22082","page","type-page","status-publish","hentry"],"yoast_head":"<!-- This site is optimized with the Yoast SEO plugin v27.2 - https:\/\/yoast.com\/product\/yoast-seo-wordpress\/ -->\n<title>Construisez votre carri\u00e8re au sein du groupe uhlsport.<\/title>\n<meta name=\"description\" content=\"Chaque \u00e9quipe doit travailler r\u00e9guli\u00e8rement sur son effectif. Trouvez votre emploi au sein du groupe Uhlsport et contribuez \u00e0 votre succ\u00e8s avec nous.\" \/>\n<meta name=\"robots\" content=\"index, follow, max-snippet:-1, max-image-preview:large, max-video-preview:-1\" \/>\n<link rel=\"canonical\" href=\"https:\/\/uhlsport.group\/fr\/carriere\/\" \/>\n<meta property=\"og:locale\" content=\"fr_FR\" \/>\n<meta property=\"og:type\" content=\"article\" \/>\n<meta property=\"og:title\" content=\"Construisez votre carri\u00e8re au sein du groupe uhlsport.\" \/>\n<meta property=\"og:description\" content=\"Chaque \u00e9quipe doit travailler r\u00e9guli\u00e8rement sur son effectif. Trouvez votre emploi au sein du groupe Uhlsport et contribuez \u00e0 votre succ\u00e8s avec nous.\" \/>\n<meta property=\"og:url\" content=\"https:\/\/uhlsport.group\/fr\/carriere\/\" \/>\n<meta property=\"og:site_name\" content=\"uhlsport GmbH: Teamsport-Ausr\u00fcstung f\u00fcr Fu\u00dfball und Handball\" \/>\n<meta property=\"article:modified_time\" content=\"2023-10-19T15:26:13+00:00\" \/>\n<meta name=\"twitter:card\" content=\"summary_large_image\" \/>\n<meta name=\"twitter:title\" content=\"Construisez votre carri\u00e8re au sein du groupe uhlsport.\" \/>\n<meta name=\"twitter:description\" content=\"Chaque \u00e9quipe doit travailler r\u00e9guli\u00e8rement sur son effectif. Trouvez votre emploi au sein du groupe Uhlsport et contribuez \u00e0 votre succ\u00e8s avec nous.\" \/>\n<script type=\"application\/ld+json\" class=\"yoast-schema-graph\">{\"@context\":\"https:\/\/schema.org\",\"@graph\":[{\"@type\":\"WebPage\",\"@id\":\"https:\/\/uhlsport.group\/fr\/carriere\/\",\"url\":\"https:\/\/uhlsport.group\/fr\/carriere\/\",\"name\":\"Construisez votre carri\u00e8re au sein du groupe uhlsport.\",\"isPartOf\":{\"@id\":\"https:\/\/uhlsport.group\/fr\/#website\"},\"datePublished\":\"2019-09-16T08:49:37+00:00\",\"dateModified\":\"2023-10-19T15:26:13+00:00\",\"description\":\"Chaque \u00e9quipe doit travailler r\u00e9guli\u00e8rement sur son effectif. Trouvez votre emploi au sein du groupe Uhlsport et contribuez \u00e0 votre succ\u00e8s avec nous.\",\"breadcrumb\":{\"@id\":\"https:\/\/uhlsport.group\/fr\/carriere\/#breadcrumb\"},\"inLanguage\":\"fr-FR\",\"potentialAction\":[{\"@type\":\"ReadAction\",\"target\":[\"https:\/\/uhlsport.group\/fr\/carriere\/\"]}]},{\"@type\":\"BreadcrumbList\",\"@id\":\"https:\/\/uhlsport.group\/fr\/carriere\/#breadcrumb\",\"itemListElement\":[{\"@type\":\"ListItem\",\"position\":1,\"name\":\"Startseite\",\"item\":\"https:\/\/uhlsport.group\/fr\/\"},{\"@type\":\"ListItem\",\"position\":2,\"name\":\"carri\u00e8re\"}]},{\"@type\":\"WebSite\",\"@id\":\"https:\/\/uhlsport.group\/fr\/#website\",\"url\":\"https:\/\/uhlsport.group\/fr\/\",\"name\":\"uhlsport GmbH: Teamsport-Ausr\u00fcstung f\u00fcr Fu\u00dfball und Handball\",\"description\":\"Brave. Progressive. Trustworthy. uhlsport und Kempa \u2013 das ist die uhlsport GmbH, der Experte f\u00fcr Teamsport seit 1948.\",\"publisher\":{\"@id\":\"https:\/\/uhlsport.group\/fr\/#organization\"},\"potentialAction\":[{\"@type\":\"SearchAction\",\"target\":{\"@type\":\"EntryPoint\",\"urlTemplate\":\"https:\/\/uhlsport.group\/fr\/?s={search_term_string}\"},\"query-input\":{\"@type\":\"PropertyValueSpecification\",\"valueRequired\":true,\"valueName\":\"search_term_string\"}}],\"inLanguage\":\"fr-FR\"},{\"@type\":\"Organization\",\"@id\":\"https:\/\/uhlsport.group\/fr\/#organization\",\"name\":\"uhlsport GmbH\",\"url\":\"https:\/\/uhlsport.group\/fr\/\",\"logo\":{\"@type\":\"ImageObject\",\"inLanguage\":\"fr-FR\",\"@id\":\"https:\/\/uhlsport.group\/fr\/#\/schema\/logo\/image\/\",\"url\":\"https:\/\/uhlsport.group\/wp-content\/uploads\/2019\/04\/Logo_uhlsport-Group.png\",\"contentUrl\":\"https:\/\/uhlsport.group\/wp-content\/uploads\/2019\/04\/Logo_uhlsport-Group.png\",\"width\":2151,\"height\":315,\"caption\":\"uhlsport GmbH\"},\"image\":{\"@id\":\"https:\/\/uhlsport.group\/fr\/#\/schema\/logo\/image\/\"}}]}<\/script>\n<!-- \/ Yoast SEO plugin. -->","yoast_head_json":{"title":"Construisez votre carri\u00e8re au sein du groupe uhlsport.","description":"Chaque \u00e9quipe doit travailler r\u00e9guli\u00e8rement sur son effectif. Trouvez votre emploi au sein du groupe Uhlsport et contribuez \u00e0 votre succ\u00e8s avec nous.","robots":{"index":"index","follow":"follow","max-snippet":"max-snippet:-1","max-image-preview":"max-image-preview:large","max-video-preview":"max-video-preview:-1"},"canonical":"https:\/\/uhlsport.group\/fr\/carriere\/","og_locale":"fr_FR","og_type":"article","og_title":"Construisez votre carri\u00e8re au sein du groupe uhlsport.","og_description":"Chaque \u00e9quipe doit travailler r\u00e9guli\u00e8rement sur son effectif. Trouvez votre emploi au sein du groupe Uhlsport et contribuez \u00e0 votre succ\u00e8s avec nous.","og_url":"https:\/\/uhlsport.group\/fr\/carriere\/","og_site_name":"uhlsport GmbH: Teamsport-Ausr\u00fcstung f\u00fcr Fu\u00dfball und Handball","article_modified_time":"2023-10-19T15:26:13+00:00","twitter_card":"summary_large_image","twitter_title":"Construisez votre carri\u00e8re au sein du groupe uhlsport.","twitter_description":"Chaque \u00e9quipe doit travailler r\u00e9guli\u00e8rement sur son effectif. Trouvez votre emploi au sein du groupe Uhlsport et contribuez \u00e0 votre succ\u00e8s avec nous.","schema":{"@context":"https:\/\/schema.org","@graph":[{"@type":"WebPage","@id":"https:\/\/uhlsport.group\/fr\/carriere\/","url":"https:\/\/uhlsport.group\/fr\/carriere\/","name":"Construisez votre carri\u00e8re au sein du groupe uhlsport.","isPartOf":{"@id":"https:\/\/uhlsport.group\/fr\/#website"},"datePublished":"2019-09-16T08:49:37+00:00","dateModified":"2023-10-19T15:26:13+00:00","description":"Chaque \u00e9quipe doit travailler r\u00e9guli\u00e8rement sur son effectif. Trouvez votre emploi au sein du groupe Uhlsport et contribuez \u00e0 votre succ\u00e8s avec nous.","breadcrumb":{"@id":"https:\/\/uhlsport.group\/fr\/carriere\/#breadcrumb"},"inLanguage":"fr-FR","potentialAction":[{"@type":"ReadAction","target":["https:\/\/uhlsport.group\/fr\/carriere\/"]}]},{"@type":"BreadcrumbList","@id":"https:\/\/uhlsport.group\/fr\/carriere\/#breadcrumb","itemListElement":[{"@type":"ListItem","position":1,"name":"Startseite","item":"https:\/\/uhlsport.group\/fr\/"},{"@type":"ListItem","position":2,"name":"carri\u00e8re"}]},{"@type":"WebSite","@id":"https:\/\/uhlsport.group\/fr\/#website","url":"https:\/\/uhlsport.group\/fr\/","name":"uhlsport GmbH: Teamsport-Ausr\u00fcstung f\u00fcr Fu\u00dfball und Handball","description":"Brave. Progressive. Trustworthy. uhlsport und Kempa \u2013 das ist die uhlsport GmbH, der Experte f\u00fcr Teamsport seit 1948.","publisher":{"@id":"https:\/\/uhlsport.group\/fr\/#organization"},"potentialAction":[{"@type":"SearchAction","target":{"@type":"EntryPoint","urlTemplate":"https:\/\/uhlsport.group\/fr\/?s={search_term_string}"},"query-input":{"@type":"PropertyValueSpecification","valueRequired":true,"valueName":"search_term_string"}}],"inLanguage":"fr-FR"},{"@type":"Organization","@id":"https:\/\/uhlsport.group\/fr\/#organization","name":"uhlsport GmbH","url":"https:\/\/uhlsport.group\/fr\/","logo":{"@type":"ImageObject","inLanguage":"fr-FR","@id":"https:\/\/uhlsport.group\/fr\/#\/schema\/logo\/image\/","url":"https:\/\/uhlsport.group\/wp-content\/uploads\/2019\/04\/Logo_uhlsport-Group.png","contentUrl":"https:\/\/uhlsport.group\/wp-content\/uploads\/2019\/04\/Logo_uhlsport-Group.png","width":2151,"height":315,"caption":"uhlsport GmbH"},"image":{"@id":"https:\/\/uhlsport.group\/fr\/#\/schema\/logo\/image\/"}}]}},"_links":{"self":[{"href":"https:\/\/uhlsport.group\/fr\/wp-json\/wp\/v2\/pages\/22082","targetHints":{"allow":["GET"]}}],"collection":[{"href":"https:\/\/uhlsport.group\/fr\/wp-json\/wp\/v2\/pages"}],"about":[{"href":"https:\/\/uhlsport.group\/fr\/wp-json\/wp\/v2\/types\/page"}],"author":[{"embeddable":true,"href":"https:\/\/uhlsport.group\/fr\/wp-json\/wp\/v2\/users\/1"}],"replies":[{"embeddable":true,"href":"https:\/\/uhlsport.group\/fr\/wp-json\/wp\/v2\/comments?post=22082"}],"version-history":[{"count":0,"href":"https:\/\/uhlsport.group\/fr\/wp-json\/wp\/v2\/pages\/22082\/revisions"}],"wp:attachment":[{"href":"https:\/\/uhlsport.group\/fr\/wp-json\/wp\/v2\/media?parent=22082"}],"curies":[{"name":"wp","href":"https:\/\/api.w.org\/{rel}","templated":true}]}}