{"id":22084,"date":"2018-09-11T10:01:48","date_gmt":"2018-09-11T08:01:48","guid":{"rendered":"https:\/\/uhlsport.group\/imprint\/"},"modified":"2026-01-12T15:09:25","modified_gmt":"2026-01-12T14:09:25","slug":"mentions-legales","status":"publish","type":"page","link":"https:\/\/uhlsport.group\/fr\/mentions-legales\/","title":{"rendered":"Mentions l\u00e9gales"},"content":{"rendered":"\n<style type=\"text\/css\" data-created_by=\"avia_inline_auto\" id=\"style-css-av-juigwtx5-caaf5e2572fb8691b0d13699006dfb57\">\n#top .hr.hr-invisible.av-juigwtx5-caaf5e2572fb8691b0d13699006dfb57{\nheight:50px;\n}\n<\/style>\n<div  class='hr av-juigwtx5-caaf5e2572fb8691b0d13699006dfb57 hr-invisible  avia-builder-el-0  el_before_av_textblock  avia-builder-el-first '><span class='hr-inner '><span class=\"hr-inner-style\"><\/span><\/span><\/div>\n\n<style type=\"text\/css\" data-created_by=\"avia_inline_auto\" id=\"style-css-av-37olg3-b0ddd859875890d6a0f2fe9bb0aec7d6\">\n#top .av_textblock_section.av-37olg3-b0ddd859875890d6a0f2fe9bb0aec7d6 .avia_textblock{\nfont-size:16px;\n}\n<\/style>\n<section  class='av_textblock_section av-37olg3-b0ddd859875890d6a0f2fe9bb0aec7d6 '   itemscope=\"itemscope\" itemtype=\"https:\/\/schema.org\/CreativeWork\" ><div class='avia_textblock'  itemprop=\"text\" ><h2>Mentions l\u00e9gales<\/h2>\n<p>uhlsport GmbH<br \/>\nKlingenbachstra\u00dfe 3<br \/>\n72336 Balingen<br \/>\nAllemagne<\/p>\n<p>T\u00e9l\u00e9phone: +49 (0) 7433 268-0<br \/>\nFax: +49 (0) 7433 268-194<br \/>\nE-Mail:\u00a0<a href=\"mailto:info@uhlsport.de\" target=\"_blank\" rel=\"noopener noreferrer\">info@uhlsport.de<\/a><\/p>\n<p><strong>Direction<\/strong><br \/>\nMelanie Steinhilber<br \/>\nDistrict Court Stuttgart<br \/>\nHRB 410 196<br \/>\nVAT Number: DE 144 851 459<\/p>\n<p><strong>Responsable Contenu<\/strong><strong><br \/>\n<\/strong>Lada Yanchuk, Marketing uhlsport GmbH<\/p>\n<p><strong>Images\/Graphiques pour le site web, les m\u00e9dias sociaux ainsi que les PLV et le mat\u00e9riel publicitaire d&#8217;uhlsport<\/strong><br \/>\nPressefoto ULMER<br \/>\ndpa Picture Alliance GmbH<br \/>\nJean-Michel Bancet<br \/>\nuhlsport GmbH<br \/>\n<a href=\"https:\/\/unsplash.com\/\" target=\"_blank\" rel=\"noopener noreferrer\">unsplash<\/a><br \/>\n<a href=\"https:\/\/elements.envato.com\/\" target=\"_blank\" rel=\"noopener noreferrer\">Envato Elements<\/a><br \/>\n<a href=\"https:\/\/www.picture-alliance.com\/content\/\" target=\"_blank\" rel=\"noopener noreferrer\">picture alliance<\/a><br \/>\nGerrit Bartsch<br \/>\n<a href=\"https:\/\/creativecommons.org\/licenses\/by-sa\/4.0\/deed.de\">CC BY-SA 2.0<\/a><\/p>\n<h3>Contenu de l&#8217;offre web<\/h3>\n<p>La soci\u00e9t\u00e9 uhlsport GmbH d\u00e9cline toute responsabilit\u00e9 quant \u00e0 l&#8217;actualit\u00e9, l&#8217;exactitude du contenu ainsi que l&#8217;int\u00e9grit\u00e9 des informations figurant sur son offre web, qu&#8217;il s&#8217;agisse d&#8217;erreurs intentionnelles ou bien dues \u00e0 des fautes graves. Ceci s&#8217;applique \u00e0 d&#8217;\u00e9ventuels dommages mat\u00e9riels ou intellectuels \u00e0 des tiers, qui auraient \u00e9t\u00e9 occasionn\u00e9s par l&#8217;utilisation de cette offre web. Toutes les offres sont sans engagement et sans obligation d&#8217;achat. La soci\u00e9t\u00e9 uhlsport GmbH se r\u00e9serve express\u00e9ment le droit de modifier ou supprimer partiellement les pages ou l&#8217;ensemble de l&#8217;offre sans annonce s\u00e9par\u00e9e, ou bien d&#8217;en suspendre provisoirement ou d\u00e9finitivement la diffusion.<\/p>\n<h3>Droits d&#8217;auteur et d&#8217;utilisation<\/h3>\n<p>La soci\u00e9t\u00e9 uhlsport GmbH s&#8217;efforce de respecter les droits d&#8217;auteur dans toutes les publications, pour les graphiques, les documents enregistr\u00e9s, les s\u00e9quences video et les textes. Tous les noms de logos et de marques d\u00e9pos\u00e9es cit\u00e9s sur le site Internet, \u00e9ventuellement par des tiers, sont soumis sans limitation aux dispositions du droit des marques et aux droits de propri\u00e9t\u00e9 des d\u00e9tenteurs correspondants inscrits. Le Copyright pour les objets publi\u00e9s et fabriqu\u00e9s par la soci\u00e9t\u00e9 uhlsport GmbH, s&#8217;applique seulement aux auteurs des pages. La reproduction ou l&#8217;utilisation de graphiques, documents enregistr\u00e9s, s\u00e9quences vid\u00e9o et textes et publications de toute nature n&#8217;est autoris\u00e9e qu&#8217;avec l&#8217;accord express du d\u00e9tenteur des droits correspondant.<\/p>\n<h3>R\u00e9f\u00e9rences externes et liens<\/h3>\n<p>La soci\u00e9t\u00e9 uhlsport GmbH a inclus dans ses pages des liens avec des pages Internet, dont le contenu et l&#8217;actualisation ne font pas partie de son domaine d&#8217;influence. Pour tous ces liens elle d\u00e9clare: &#8220;la soci\u00e9t\u00e9 uhlsport GmbH n&#8217;a aucune influence sur la conception et les contenus des pages Internet \u00e9trang\u00e8res. Elle prend donc express\u00e9ment ses distances par rapport \u00e0 tout contenu \u00e9tranger, m\u00eame si un lien \u00e0 partir des pages uhlsport GmbH a \u00e9t\u00e9 \u00e9tabli vers ses pages externes.&#8221; Cette d\u00e9claration est valable pour tous les liens affich\u00e9s sur ce site Web et pour tous les contenus des pages qui m\u00e8nent aux banni\u00e8res et liens qui y sont d\u00e9clar\u00e9s.<\/p>\n<p>Dans ces circonstances, il existe pour ces liens des directives sp\u00e9cifiques de protection des donn\u00e9es qui sont \u00e0 v\u00e9rifier au cas par cas. La soci\u00e9t\u00e9 uhlsport GmbH n&#8217;est donc pas tenue pour responsable du contenu des sites accessibles par ces liens. La soci\u00e9t\u00e9 uhlsport GmbH s&#8217;efforce de garantir durablement l&#8217;int\u00e9grit\u00e9 de son offre Internet. C&#8217;est pourquoi nous vous serions reconnaissants de nous faire part de vos r\u00e9actions vis-\u00e0-vis des pages accessibles par liens.<\/p>\n<h3>R\u00e8glement des diff\u00e9rends en ligne<\/h3>\n<p>Art. 14 Abs. 1 ODR-VO: La Commission europ\u00e9enne offre une plateforme de r\u00e9solution des litiges en ligne. Vous pouvez trouver cette plateforme ici: <a title=\"Online-Streitbeilegung der Europ\u00e4ischen Kommission\" href=\"http:\/\/ec.europa.eu\/consumers\/odr\/\" target=\"_blank\" rel=\"nofollow noopener noreferrer\">http:\/\/ec.europa.eu\/consumers\/odr\/<\/a><\/p>\n<\/div><\/section>\n","protected":false},"excerpt":{"rendered":"","protected":false},"author":1,"featured_media":0,"parent":0,"menu_order":0,"comment_status":"closed","ping_status":"closed","template":"","meta":{"footnotes":""},"class_list":["post-22084","page","type-page","status-publish","hentry"],"yoast_head":"<!-- This site is optimized with the Yoast SEO plugin v27.2 - https:\/\/yoast.com\/product\/yoast-seo-wordpress\/ -->\n<title>uhlsport group Mentions l\u00e9gales<\/title>\n<meta name=\"description\" content=\"La soci\u00e9t\u00e9 d\u00e9cline toute responsabilit\u00e9 quant \u00e0 l&#039;actualit\u00e9, l&#039;exactitude ou l&#039;exhaustivit\u00e9 des informations fournies sur ce site Web, \u00e0 moins que des erreurs n&#039;y aient \u00e9t\u00e9 volontairement ou par n\u00e9gligence.\" \/>\n<meta name=\"robots\" content=\"index, follow, max-snippet:-1, max-image-preview:large, max-video-preview:-1\" \/>\n<link rel=\"canonical\" href=\"https:\/\/uhlsport.group\/fr\/mentions-legales\/\" \/>\n<meta property=\"og:locale\" content=\"fr_FR\" \/>\n<meta property=\"og:type\" content=\"article\" \/>\n<meta property=\"og:title\" content=\"uhlsport group Mentions l\u00e9gales\" \/>\n<meta property=\"og:description\" content=\"La soci\u00e9t\u00e9 d\u00e9cline toute responsabilit\u00e9 quant \u00e0 l&#039;actualit\u00e9, l&#039;exactitude ou l&#039;exhaustivit\u00e9 des informations fournies sur ce site Web, \u00e0 moins que des erreurs n&#039;y aient \u00e9t\u00e9 volontairement ou par n\u00e9gligence.\" \/>\n<meta property=\"og:url\" content=\"https:\/\/uhlsport.group\/fr\/mentions-legales\/\" \/>\n<meta property=\"og:site_name\" content=\"uhlsport GmbH: Teamsport-Ausr\u00fcstung f\u00fcr Fu\u00dfball und Handball\" \/>\n<meta property=\"article:modified_time\" content=\"2026-01-12T14:09:25+00:00\" \/>\n<meta name=\"twitter:card\" content=\"summary_large_image\" \/>\n<meta name=\"twitter:label1\" content=\"Dur\u00e9e de lecture estim\u00e9e\" \/>\n\t<meta name=\"twitter:data1\" content=\"3 minutes\" \/>\n<script type=\"application\/ld+json\" class=\"yoast-schema-graph\">{\"@context\":\"https:\/\/schema.org\",\"@graph\":[{\"@type\":\"WebPage\",\"@id\":\"https:\/\/uhlsport.group\/fr\/mentions-legales\/\",\"url\":\"https:\/\/uhlsport.group\/fr\/mentions-legales\/\",\"name\":\"uhlsport group Mentions l\u00e9gales\",\"isPartOf\":{\"@id\":\"https:\/\/uhlsport.group\/fr\/#website\"},\"datePublished\":\"2018-09-11T08:01:48+00:00\",\"dateModified\":\"2026-01-12T14:09:25+00:00\",\"description\":\"La soci\u00e9t\u00e9 d\u00e9cline toute responsabilit\u00e9 quant \u00e0 l'actualit\u00e9, l'exactitude ou l'exhaustivit\u00e9 des informations fournies sur ce site Web, \u00e0 moins que des erreurs n'y aient \u00e9t\u00e9 volontairement ou par n\u00e9gligence.\",\"breadcrumb\":{\"@id\":\"https:\/\/uhlsport.group\/fr\/mentions-legales\/#breadcrumb\"},\"inLanguage\":\"fr-FR\",\"potentialAction\":[{\"@type\":\"ReadAction\",\"target\":[\"https:\/\/uhlsport.group\/fr\/mentions-legales\/\"]}]},{\"@type\":\"BreadcrumbList\",\"@id\":\"https:\/\/uhlsport.group\/fr\/mentions-legales\/#breadcrumb\",\"itemListElement\":[{\"@type\":\"ListItem\",\"position\":1,\"name\":\"Startseite\",\"item\":\"https:\/\/uhlsport.group\/fr\/\"},{\"@type\":\"ListItem\",\"position\":2,\"name\":\"Mentions l\u00e9gales\"}]},{\"@type\":\"WebSite\",\"@id\":\"https:\/\/uhlsport.group\/fr\/#website\",\"url\":\"https:\/\/uhlsport.group\/fr\/\",\"name\":\"uhlsport GmbH: Teamsport-Ausr\u00fcstung f\u00fcr Fu\u00dfball und Handball\",\"description\":\"Brave. Progressive. Trustworthy. uhlsport und Kempa \u2013 das ist die uhlsport GmbH, der Experte f\u00fcr Teamsport seit 1948.\",\"publisher\":{\"@id\":\"https:\/\/uhlsport.group\/fr\/#organization\"},\"potentialAction\":[{\"@type\":\"SearchAction\",\"target\":{\"@type\":\"EntryPoint\",\"urlTemplate\":\"https:\/\/uhlsport.group\/fr\/?s={search_term_string}\"},\"query-input\":{\"@type\":\"PropertyValueSpecification\",\"valueRequired\":true,\"valueName\":\"search_term_string\"}}],\"inLanguage\":\"fr-FR\"},{\"@type\":\"Organization\",\"@id\":\"https:\/\/uhlsport.group\/fr\/#organization\",\"name\":\"uhlsport GmbH\",\"url\":\"https:\/\/uhlsport.group\/fr\/\",\"logo\":{\"@type\":\"ImageObject\",\"inLanguage\":\"fr-FR\",\"@id\":\"https:\/\/uhlsport.group\/fr\/#\/schema\/logo\/image\/\",\"url\":\"https:\/\/uhlsport.group\/wp-content\/uploads\/2019\/04\/Logo_uhlsport-Group.png\",\"contentUrl\":\"https:\/\/uhlsport.group\/wp-content\/uploads\/2019\/04\/Logo_uhlsport-Group.png\",\"width\":2151,\"height\":315,\"caption\":\"uhlsport GmbH\"},\"image\":{\"@id\":\"https:\/\/uhlsport.group\/fr\/#\/schema\/logo\/image\/\"}}]}<\/script>\n<!-- \/ Yoast SEO plugin. -->","yoast_head_json":{"title":"uhlsport group Mentions l\u00e9gales","description":"La soci\u00e9t\u00e9 d\u00e9cline toute responsabilit\u00e9 quant \u00e0 l'actualit\u00e9, l'exactitude ou l'exhaustivit\u00e9 des informations fournies sur ce site Web, \u00e0 moins que des erreurs n'y aient \u00e9t\u00e9 volontairement ou par n\u00e9gligence.","robots":{"index":"index","follow":"follow","max-snippet":"max-snippet:-1","max-image-preview":"max-image-preview:large","max-video-preview":"max-video-preview:-1"},"canonical":"https:\/\/uhlsport.group\/fr\/mentions-legales\/","og_locale":"fr_FR","og_type":"article","og_title":"uhlsport group Mentions l\u00e9gales","og_description":"La soci\u00e9t\u00e9 d\u00e9cline toute responsabilit\u00e9 quant \u00e0 l'actualit\u00e9, l'exactitude ou l'exhaustivit\u00e9 des informations fournies sur ce site Web, \u00e0 moins que des erreurs n'y aient \u00e9t\u00e9 volontairement ou par n\u00e9gligence.","og_url":"https:\/\/uhlsport.group\/fr\/mentions-legales\/","og_site_name":"uhlsport GmbH: Teamsport-Ausr\u00fcstung f\u00fcr Fu\u00dfball und Handball","article_modified_time":"2026-01-12T14:09:25+00:00","twitter_card":"summary_large_image","twitter_misc":{"Dur\u00e9e de lecture estim\u00e9e":"3 minutes"},"schema":{"@context":"https:\/\/schema.org","@graph":[{"@type":"WebPage","@id":"https:\/\/uhlsport.group\/fr\/mentions-legales\/","url":"https:\/\/uhlsport.group\/fr\/mentions-legales\/","name":"uhlsport group Mentions l\u00e9gales","isPartOf":{"@id":"https:\/\/uhlsport.group\/fr\/#website"},"datePublished":"2018-09-11T08:01:48+00:00","dateModified":"2026-01-12T14:09:25+00:00","description":"La soci\u00e9t\u00e9 d\u00e9cline toute responsabilit\u00e9 quant \u00e0 l'actualit\u00e9, l'exactitude ou l'exhaustivit\u00e9 des informations fournies sur ce site Web, \u00e0 moins que des erreurs n'y aient \u00e9t\u00e9 volontairement ou par n\u00e9gligence.","breadcrumb":{"@id":"https:\/\/uhlsport.group\/fr\/mentions-legales\/#breadcrumb"},"inLanguage":"fr-FR","potentialAction":[{"@type":"ReadAction","target":["https:\/\/uhlsport.group\/fr\/mentions-legales\/"]}]},{"@type":"BreadcrumbList","@id":"https:\/\/uhlsport.group\/fr\/mentions-legales\/#breadcrumb","itemListElement":[{"@type":"ListItem","position":1,"name":"Startseite","item":"https:\/\/uhlsport.group\/fr\/"},{"@type":"ListItem","position":2,"name":"Mentions l\u00e9gales"}]},{"@type":"WebSite","@id":"https:\/\/uhlsport.group\/fr\/#website","url":"https:\/\/uhlsport.group\/fr\/","name":"uhlsport GmbH: Teamsport-Ausr\u00fcstung f\u00fcr Fu\u00dfball und Handball","description":"Brave. Progressive. Trustworthy. uhlsport und Kempa \u2013 das ist die uhlsport GmbH, der Experte f\u00fcr Teamsport seit 1948.","publisher":{"@id":"https:\/\/uhlsport.group\/fr\/#organization"},"potentialAction":[{"@type":"SearchAction","target":{"@type":"EntryPoint","urlTemplate":"https:\/\/uhlsport.group\/fr\/?s={search_term_string}"},"query-input":{"@type":"PropertyValueSpecification","valueRequired":true,"valueName":"search_term_string"}}],"inLanguage":"fr-FR"},{"@type":"Organization","@id":"https:\/\/uhlsport.group\/fr\/#organization","name":"uhlsport GmbH","url":"https:\/\/uhlsport.group\/fr\/","logo":{"@type":"ImageObject","inLanguage":"fr-FR","@id":"https:\/\/uhlsport.group\/fr\/#\/schema\/logo\/image\/","url":"https:\/\/uhlsport.group\/wp-content\/uploads\/2019\/04\/Logo_uhlsport-Group.png","contentUrl":"https:\/\/uhlsport.group\/wp-content\/uploads\/2019\/04\/Logo_uhlsport-Group.png","width":2151,"height":315,"caption":"uhlsport GmbH"},"image":{"@id":"https:\/\/uhlsport.group\/fr\/#\/schema\/logo\/image\/"}}]}},"_links":{"self":[{"href":"https:\/\/uhlsport.group\/fr\/wp-json\/wp\/v2\/pages\/22084","targetHints":{"allow":["GET"]}}],"collection":[{"href":"https:\/\/uhlsport.group\/fr\/wp-json\/wp\/v2\/pages"}],"about":[{"href":"https:\/\/uhlsport.group\/fr\/wp-json\/wp\/v2\/types\/page"}],"author":[{"embeddable":true,"href":"https:\/\/uhlsport.group\/fr\/wp-json\/wp\/v2\/users\/1"}],"replies":[{"embeddable":true,"href":"https:\/\/uhlsport.group\/fr\/wp-json\/wp\/v2\/comments?post=22084"}],"version-history":[{"count":0,"href":"https:\/\/uhlsport.group\/fr\/wp-json\/wp\/v2\/pages\/22084\/revisions"}],"wp:attachment":[{"href":"https:\/\/uhlsport.group\/fr\/wp-json\/wp\/v2\/media?parent=22084"}],"curies":[{"name":"wp","href":"https:\/\/api.w.org\/{rel}","templated":true}]}}