{"id":28039,"date":"2023-01-24T14:20:35","date_gmt":"2023-01-24T13:20:35","guid":{"rendered":"https:\/\/uhlsport.group\/?page_id=28039"},"modified":"2025-04-15T16:09:22","modified_gmt":"2025-04-15T14:09:22","slug":"international-team-sales-service","status":"publish","type":"page","link":"https:\/\/uhlsport.group\/fr\/international-team-sales-service\/","title":{"rendered":"International Team Sales Service"},"content":{"rendered":"<div class='clear'><\/div><div id='sub_menu1'  class='av-submenu-container av-37oputz-5fcc8782bb338f5d9c1747a6f2434a3c main_color  avia-builder-el-0  el_before_av_textblock  avia-builder-el-first  av-sticky-submenu container_wrap fullsize' style='z-index:301' ><div class='container av-menu-mobile-disabled av-submenu-pos-center'><ul id=\"menu-international-sales\" class=\"av-subnav-menu\" role=\"menu\"><li role=\"menuitem\" id=\"menu-item-28493\" class=\"menu-item menu-item-type-post_type menu-item-object-page menu-item-top-level menu-item-top-level-1\"><a href=\"https:\/\/uhlsport.group\/international-team-sales\/\" itemprop=\"url\" tabindex=\"0\"><span class=\"avia-bullet\"><\/span><span class=\"avia-menu-text\">International Team Sales<\/span><span class=\"avia-menu-fx\"><span class=\"avia-arrow-wrap\"><span class=\"avia-arrow\"><\/span><\/span><\/span><\/a><\/li>\n<li role=\"menuitem\" id=\"menu-item-28494\" class=\"menu-item menu-item-type-post_type menu-item-object-page menu-item-top-level menu-item-top-level-2\"><a href=\"https:\/\/uhlsport.group\/international-team-sales-service\/\" itemprop=\"url\" tabindex=\"0\"><span class=\"avia-bullet\"><\/span><span class=\"avia-menu-text\">International Team Sales Service<\/span><span class=\"avia-menu-fx\"><span class=\"avia-arrow-wrap\"><span class=\"avia-arrow\"><\/span><\/span><\/span><\/a><\/li>\n<\/ul><\/div><\/div><div class='sticky_placeholder'><\/div><div id='after_submenu_1'  class='main_color av_default_container_wrap container_wrap fullsize'  ><div class='container av-section-cont-open' ><div class='template-page content  av-content-full alpha units'><div class='post-entry post-entry-type-page post-entry-28039'><div class='entry-content-wrapper clearfix'>\n<section  class='av_textblock_section av-lchmitip-8c206134c9bee634c6bda53707ca9f02 '   itemscope=\"itemscope\" itemtype=\"https:\/\/schema.org\/CreativeWork\" ><div class='avia_textblock'  itemprop=\"text\" ><h1 style=\"text-align: center;\">International Team Sales Service<\/h1>\n<h2 style=\"text-align: center;\"><\/h2>\n<\/div><\/section>\n\n<style type=\"text\/css\" data-created_by=\"avia_inline_auto\" id=\"style-css-av-ld8zidsj-56ea7940319655fa4fa4fab847f02014\">\n#top .hr.hr-invisible.av-ld8zidsj-56ea7940319655fa4fa4fab847f02014{\nheight:50px;\n}\n<\/style>\n<div  class='hr av-ld8zidsj-56ea7940319655fa4fa4fab847f02014 hr-invisible  avia-builder-el-2  el_after_av_textblock  el_before_av_one_fourth '><span class='hr-inner '><span class=\"hr-inner-style\"><\/span><\/span><\/div>\n<div  class='flex_column av-1ruksbb-27b3e217a0d5c5aee9a225f0c99da5ca av_one_fourth  avia-builder-el-3  el_after_av_hr  el_before_av_one_fourth  first flex_column_div  '     ><section  class='avia-team-member av-ld8w7v5z-08af7f95fa694b167edd55a31374ca25  avia-builder-el-4  avia-builder-el-no-sibling '  itemscope=\"itemscope\" itemtype=\"https:\/\/schema.org\/Person\" ><h3 class='team-member-name '  itemprop=\"name\" >Elodie Brauquier<\/h3><div class='team-member-job-title '  itemprop=\"jobTitle\" >Team Sales Service<\/div><div class='team-member-description '  itemprop=\"description\" ><p>E-Mail: <a href=\"mailto:EBrauquier@uhlsport.de\" target=\"_blank\" rel=\"noopener noreferrer\">EBrauquier@uhlsport.de<\/a><br \/>\nTel:  <a href=\"tel:+497433268168\" target=\"_blank\" rel=\"noopener noreferrer\"> +497433268168 <\/a><\/p>\n<\/div><span class='hidden team-member-affiliation'  itemprop=\"affiliation\" >uhlsport GmbH: Teamsport-Ausr\u00fcstung f\u00fcr Fu\u00dfball und Handball<\/span><\/section><\/div>\n<div  class='flex_column av-19ae03b-403b53b6e419b920358a1a62930e5318 av_one_fourth  avia-builder-el-5  el_after_av_one_fourth  el_before_av_one_fourth  flex_column_div  '     ><section  class='avia-team-member av-ld8w8x5h-f1a96fc3670dd2979bfd72861b61c3fd  avia-builder-el-6  avia-builder-el-no-sibling '  itemscope=\"itemscope\" itemtype=\"https:\/\/schema.org\/Person\" ><h3 class='team-member-name '  itemprop=\"name\" >Martina G\u00f6hner<\/h3><div class='team-member-job-title '  itemprop=\"jobTitle\" >Team Sales Service<\/div><div class='team-member-description '  itemprop=\"description\" ><p>E-Mail: <a href=\"mailto:MGoehner@uhlsport.de\" target=\"_blank\" rel=\"noopener noreferrer\">MGoehner@uhlsport.de<\/a><br \/>\nTel: <a href=\"tel:+497433268131\" target=\"_blank\" rel=\"noopener noreferrer\"> +497433268131 <\/a><\/p>\n<\/div><span class='hidden team-member-affiliation'  itemprop=\"affiliation\" >uhlsport GmbH: Teamsport-Ausr\u00fcstung f\u00fcr Fu\u00dfball und Handball<\/span><\/section><\/div>\n<div  class='flex_column av-38ajkn-cb8305a3781433b0450d24cf37a4f6be av_one_fourth  avia-builder-el-7  el_after_av_one_fourth  el_before_av_one_fourth  flex_column_div  '     ><section  class='avia-team-member av-ld8w92gd-52789b2bba8763ae59ae4611760eda06  avia-builder-el-8  avia-builder-el-no-sibling '  itemscope=\"itemscope\" itemtype=\"https:\/\/schema.org\/Person\" ><h3 class='team-member-name '  itemprop=\"name\" >Sabine Bisinger<\/h3><div class='team-member-job-title '  itemprop=\"jobTitle\" >Team Sales Service<\/div><div class='team-member-description '  itemprop=\"description\" ><p>E-Mail: <a href=\"mailto:SBisinger@uhlsport.de\" target=\"_blank\" rel=\"noopener noreferrer\">SBisinger@uhlsport.de<\/a><br \/>\nTel:  <a href=\"tel:+497433268130\" target=\"\"_blank\"\" rel=\"\"noopener noreferrer\"\"> +497433268130 <\/a><\/p>\n<\/div><span class='hidden team-member-affiliation'  itemprop=\"affiliation\" >uhlsport GmbH: Teamsport-Ausr\u00fcstung f\u00fcr Fu\u00dfball und Handball<\/span><\/section><\/div>\n<div  class='flex_column av-av_one_fourth-f1c518e9ff58e869f80c8f093487abc9 av_one_fourth  avia-builder-el-9  el_after_av_one_fourth  el_before_av_hr  flex_column_div  '     ><section  class='avia-team-member av-lv22gcy9-7d0cfed13db92052720b1f81a79922e3  avia-builder-el-10  avia-builder-el-no-sibling '  itemscope=\"itemscope\" itemtype=\"https:\/\/schema.org\/Person\" ><h3 class='team-member-name '  itemprop=\"name\" >Sandra Henke<\/h3><div class='team-member-job-title '  itemprop=\"jobTitle\" >Team Sales Service<\/div><div class='team-member-description '  itemprop=\"description\" ><p>E-Mail: <a href=\"mailto:shenke@uhlsport.de\" target=\"\"_blank\"\" rel=\"noopener noreferrer\">SHenke@uhlsport.de<\/a><br \/>\nTel:  <a href=\"tel:+497433268285\" target=\"\"_blank\"\" rel=\"\"noopener noreferrer\"\">+49 7433 268 285<\/a><\/p>\n<\/div><span class='hidden team-member-affiliation'  itemprop=\"affiliation\" >uhlsport GmbH: Teamsport-Ausr\u00fcstung f\u00fcr Fu\u00dfball und Handball<\/span><\/section><\/div>\n\n<style type=\"text\/css\" data-created_by=\"avia_inline_auto\" id=\"style-css-av-235hy8-0bee8d5ffba2e0685465df3a06961a1e\">\n#top .hr.hr-invisible.av-235hy8-0bee8d5ffba2e0685465df3a06961a1e{\nheight:50px;\n}\n<\/style>\n<div  class='hr av-235hy8-0bee8d5ffba2e0685465df3a06961a1e hr-invisible  avia-builder-el-11  el_after_av_one_fourth  el_before_av_button '><span class='hr-inner '><span class=\"hr-inner-style\"><\/span><\/span><\/div>\n<div  class='avia-button-wrap av-lda9m7ng-33ef6447224587d199261abe5e50c22d-wrap avia-button-center  avia-builder-el-12  el_after_av_hr  avia-builder-el-last '><a href='https:\/\/uhlsport.group\/fr\/uhlsport-revendeurs\/'  class='avia-button av-lda9m7ng-33ef6447224587d199261abe5e50c22d av-link-btn avia-icon_select-no avia-size-small avia-position-center avia-color-theme-color'   aria-label=\"Partenaires de distribution\"><span class='avia_iconbox_title' >Partenaires de distribution<\/span><\/a><\/div>\n","protected":false},"excerpt":{"rendered":"","protected":false},"author":1,"featured_media":0,"parent":0,"menu_order":0,"comment_status":"closed","ping_status":"closed","template":"","meta":{"footnotes":""},"class_list":["post-28039","page","type-page","status-publish","hentry"],"yoast_head":"<!-- This site is optimized with the Yoast SEO plugin v27.2 - https:\/\/yoast.com\/product\/yoast-seo-wordpress\/ -->\n<title>International Team Sales Service &#8211; uhlsport GmbH: Teamsport-Ausr\u00fcstung f\u00fcr Fu\u00dfball und Handball<\/title>\n<meta name=\"robots\" content=\"index, follow, max-snippet:-1, max-image-preview:large, max-video-preview:-1\" \/>\n<link rel=\"canonical\" href=\"https:\/\/uhlsport.group\/fr\/international-team-sales-service\/\" \/>\n<meta property=\"og:locale\" content=\"fr_FR\" \/>\n<meta property=\"og:type\" content=\"article\" \/>\n<meta property=\"og:title\" content=\"International Team Sales Service &#8211; uhlsport GmbH: Teamsport-Ausr\u00fcstung f\u00fcr Fu\u00dfball und Handball\" \/>\n<meta property=\"og:url\" content=\"https:\/\/uhlsport.group\/fr\/international-team-sales-service\/\" \/>\n<meta property=\"og:site_name\" content=\"uhlsport GmbH: Teamsport-Ausr\u00fcstung f\u00fcr Fu\u00dfball und Handball\" \/>\n<meta property=\"article:modified_time\" content=\"2025-04-15T14:09:22+00:00\" \/>\n<meta name=\"twitter:card\" content=\"summary_large_image\" \/>\n<meta name=\"twitter:label1\" content=\"Dur\u00e9e de lecture estim\u00e9e\" \/>\n\t<meta name=\"twitter:data1\" content=\"1 minute\" \/>\n<script type=\"application\/ld+json\" class=\"yoast-schema-graph\">{\"@context\":\"https:\/\/schema.org\",\"@graph\":[{\"@type\":\"WebPage\",\"@id\":\"https:\/\/uhlsport.group\/fr\/international-team-sales-service\/\",\"url\":\"https:\/\/uhlsport.group\/fr\/international-team-sales-service\/\",\"name\":\"International Team Sales Service &#8211; uhlsport GmbH: Teamsport-Ausr\u00fcstung f\u00fcr Fu\u00dfball und Handball\",\"isPartOf\":{\"@id\":\"https:\/\/uhlsport.group\/fr\/#website\"},\"datePublished\":\"2023-01-24T13:20:35+00:00\",\"dateModified\":\"2025-04-15T14:09:22+00:00\",\"breadcrumb\":{\"@id\":\"https:\/\/uhlsport.group\/fr\/international-team-sales-service\/#breadcrumb\"},\"inLanguage\":\"fr-FR\",\"potentialAction\":[{\"@type\":\"ReadAction\",\"target\":[\"https:\/\/uhlsport.group\/fr\/international-team-sales-service\/\"]}]},{\"@type\":\"BreadcrumbList\",\"@id\":\"https:\/\/uhlsport.group\/fr\/international-team-sales-service\/#breadcrumb\",\"itemListElement\":[{\"@type\":\"ListItem\",\"position\":1,\"name\":\"Startseite\",\"item\":\"https:\/\/uhlsport.group\/fr\/\"},{\"@type\":\"ListItem\",\"position\":2,\"name\":\"International Team Sales Service\"}]},{\"@type\":\"WebSite\",\"@id\":\"https:\/\/uhlsport.group\/fr\/#website\",\"url\":\"https:\/\/uhlsport.group\/fr\/\",\"name\":\"uhlsport GmbH: Teamsport-Ausr\u00fcstung f\u00fcr Fu\u00dfball und Handball\",\"description\":\"Brave. Progressive. Trustworthy. uhlsport und Kempa \u2013 das ist die uhlsport GmbH, der Experte f\u00fcr Teamsport seit 1948.\",\"publisher\":{\"@id\":\"https:\/\/uhlsport.group\/fr\/#organization\"},\"potentialAction\":[{\"@type\":\"SearchAction\",\"target\":{\"@type\":\"EntryPoint\",\"urlTemplate\":\"https:\/\/uhlsport.group\/fr\/?s={search_term_string}\"},\"query-input\":{\"@type\":\"PropertyValueSpecification\",\"valueRequired\":true,\"valueName\":\"search_term_string\"}}],\"inLanguage\":\"fr-FR\"},{\"@type\":\"Organization\",\"@id\":\"https:\/\/uhlsport.group\/fr\/#organization\",\"name\":\"uhlsport GmbH\",\"url\":\"https:\/\/uhlsport.group\/fr\/\",\"logo\":{\"@type\":\"ImageObject\",\"inLanguage\":\"fr-FR\",\"@id\":\"https:\/\/uhlsport.group\/fr\/#\/schema\/logo\/image\/\",\"url\":\"https:\/\/uhlsport.group\/wp-content\/uploads\/2019\/04\/Logo_uhlsport-Group.png\",\"contentUrl\":\"https:\/\/uhlsport.group\/wp-content\/uploads\/2019\/04\/Logo_uhlsport-Group.png\",\"width\":2151,\"height\":315,\"caption\":\"uhlsport GmbH\"},\"image\":{\"@id\":\"https:\/\/uhlsport.group\/fr\/#\/schema\/logo\/image\/\"}}]}<\/script>\n<!-- \/ Yoast SEO plugin. -->","yoast_head_json":{"title":"International Team Sales Service &#8211; uhlsport GmbH: Teamsport-Ausr\u00fcstung f\u00fcr Fu\u00dfball und Handball","robots":{"index":"index","follow":"follow","max-snippet":"max-snippet:-1","max-image-preview":"max-image-preview:large","max-video-preview":"max-video-preview:-1"},"canonical":"https:\/\/uhlsport.group\/fr\/international-team-sales-service\/","og_locale":"fr_FR","og_type":"article","og_title":"International Team Sales Service &#8211; uhlsport GmbH: Teamsport-Ausr\u00fcstung f\u00fcr Fu\u00dfball und Handball","og_url":"https:\/\/uhlsport.group\/fr\/international-team-sales-service\/","og_site_name":"uhlsport GmbH: Teamsport-Ausr\u00fcstung f\u00fcr Fu\u00dfball und Handball","article_modified_time":"2025-04-15T14:09:22+00:00","twitter_card":"summary_large_image","twitter_misc":{"Dur\u00e9e de lecture estim\u00e9e":"1 minute"},"schema":{"@context":"https:\/\/schema.org","@graph":[{"@type":"WebPage","@id":"https:\/\/uhlsport.group\/fr\/international-team-sales-service\/","url":"https:\/\/uhlsport.group\/fr\/international-team-sales-service\/","name":"International Team Sales Service &#8211; uhlsport GmbH: Teamsport-Ausr\u00fcstung f\u00fcr Fu\u00dfball und Handball","isPartOf":{"@id":"https:\/\/uhlsport.group\/fr\/#website"},"datePublished":"2023-01-24T13:20:35+00:00","dateModified":"2025-04-15T14:09:22+00:00","breadcrumb":{"@id":"https:\/\/uhlsport.group\/fr\/international-team-sales-service\/#breadcrumb"},"inLanguage":"fr-FR","potentialAction":[{"@type":"ReadAction","target":["https:\/\/uhlsport.group\/fr\/international-team-sales-service\/"]}]},{"@type":"BreadcrumbList","@id":"https:\/\/uhlsport.group\/fr\/international-team-sales-service\/#breadcrumb","itemListElement":[{"@type":"ListItem","position":1,"name":"Startseite","item":"https:\/\/uhlsport.group\/fr\/"},{"@type":"ListItem","position":2,"name":"International Team Sales Service"}]},{"@type":"WebSite","@id":"https:\/\/uhlsport.group\/fr\/#website","url":"https:\/\/uhlsport.group\/fr\/","name":"uhlsport GmbH: Teamsport-Ausr\u00fcstung f\u00fcr Fu\u00dfball und Handball","description":"Brave. Progressive. Trustworthy. uhlsport und Kempa \u2013 das ist die uhlsport GmbH, der Experte f\u00fcr Teamsport seit 1948.","publisher":{"@id":"https:\/\/uhlsport.group\/fr\/#organization"},"potentialAction":[{"@type":"SearchAction","target":{"@type":"EntryPoint","urlTemplate":"https:\/\/uhlsport.group\/fr\/?s={search_term_string}"},"query-input":{"@type":"PropertyValueSpecification","valueRequired":true,"valueName":"search_term_string"}}],"inLanguage":"fr-FR"},{"@type":"Organization","@id":"https:\/\/uhlsport.group\/fr\/#organization","name":"uhlsport GmbH","url":"https:\/\/uhlsport.group\/fr\/","logo":{"@type":"ImageObject","inLanguage":"fr-FR","@id":"https:\/\/uhlsport.group\/fr\/#\/schema\/logo\/image\/","url":"https:\/\/uhlsport.group\/wp-content\/uploads\/2019\/04\/Logo_uhlsport-Group.png","contentUrl":"https:\/\/uhlsport.group\/wp-content\/uploads\/2019\/04\/Logo_uhlsport-Group.png","width":2151,"height":315,"caption":"uhlsport GmbH"},"image":{"@id":"https:\/\/uhlsport.group\/fr\/#\/schema\/logo\/image\/"}}]}},"_links":{"self":[{"href":"https:\/\/uhlsport.group\/fr\/wp-json\/wp\/v2\/pages\/28039","targetHints":{"allow":["GET"]}}],"collection":[{"href":"https:\/\/uhlsport.group\/fr\/wp-json\/wp\/v2\/pages"}],"about":[{"href":"https:\/\/uhlsport.group\/fr\/wp-json\/wp\/v2\/types\/page"}],"author":[{"embeddable":true,"href":"https:\/\/uhlsport.group\/fr\/wp-json\/wp\/v2\/users\/1"}],"replies":[{"embeddable":true,"href":"https:\/\/uhlsport.group\/fr\/wp-json\/wp\/v2\/comments?post=28039"}],"version-history":[{"count":0,"href":"https:\/\/uhlsport.group\/fr\/wp-json\/wp\/v2\/pages\/28039\/revisions"}],"wp:attachment":[{"href":"https:\/\/uhlsport.group\/fr\/wp-json\/wp\/v2\/media?parent=28039"}],"curies":[{"name":"wp","href":"https:\/\/api.w.org\/{rel}","templated":true}]}}