{"id":48357,"date":"2024-08-16T14:16:18","date_gmt":"2024-08-16T12:16:18","guid":{"rendered":"https:\/\/uhlsport.group\/?page_id=48357"},"modified":"2024-09-11T14:08:57","modified_gmt":"2024-09-11T12:08:57","slug":"marque-baden","status":"publish","type":"page","link":"https:\/\/uhlsport.group\/fr\/marque-baden\/","title":{"rendered":"Marque Baden"},"content":{"rendered":"<div id='av_section_1'  class='avia-section av-2kjlne-b232e0c3769910d53759b9f7c6dde749 main_color avia-section-default avia-no-border-styling  avia-builder-el-0  el_before_av_textblock  avia-builder-el-first  avia-bg-style-scroll container_wrap fullsize'  ><div class='container av-section-cont-open' ><main  role=\"main\" itemprop=\"mainContentOfPage\"  class='template-page content  av-content-full alpha units'><div class='post-entry post-entry-type-page post-entry-48357'><div class='entry-content-wrapper clearfix'>\n\n<style type=\"text\/css\" data-created_by=\"avia_inline_auto\" id=\"style-css-av-k0o2db10-64e217795d0fcb4694a532762aac8846\">\n.avia-image-container.av-k0o2db10-64e217795d0fcb4694a532762aac8846 img.avia_image{\nbox-shadow:none;\n}\n.avia-image-container.av-k0o2db10-64e217795d0fcb4694a532762aac8846 .av-image-caption-overlay-center{\ncolor:#ffffff;\n}\n<\/style>\n<div  class='avia-image-container av-k0o2db10-64e217795d0fcb4694a532762aac8846 av-styling- avia-align-center  avia-builder-el-1  el_before_av_image  avia-builder-el-first '   itemprop=\"image\" itemscope=\"itemscope\" itemtype=\"https:\/\/schema.org\/ImageObject\" ><div class=\"avia-image-container-inner\"><div class=\"avia-image-overlay-wrap\"><img decoding=\"async\" fetchpriority=\"high\" class='wp-image-48365 avia-img-lazy-loading-not-48365 avia_image ' src=\"https:\/\/uhlsport.group\/wp-content\/uploads\/2024\/07\/Baden-Logo_wordmark_black.png\" alt='' title=''  height=\"126\" width=\"329\"  itemprop=\"thumbnailUrl\" srcset=\"https:\/\/uhlsport.group\/wp-content\/uploads\/2024\/07\/Baden-Logo_wordmark_black.png 329w, https:\/\/uhlsport.group\/wp-content\/uploads\/2024\/07\/Baden-Logo_wordmark_black-300x115.png 300w\" sizes=\"(max-width: 329px) 100vw, 329px\" \/><\/div><\/div><\/div>\n\n<style type=\"text\/css\" data-created_by=\"avia_inline_auto\" id=\"style-css-av-k0o2db10-286347c60d0c422e7842ac6d459724ef\">\n.avia-image-container.av-k0o2db10-286347c60d0c422e7842ac6d459724ef img.avia_image{\nbox-shadow:none;\n}\n.avia-image-container.av-k0o2db10-286347c60d0c422e7842ac6d459724ef .av-image-caption-overlay-center{\ncolor:#ffffff;\n}\n<\/style>\n<div  class='avia-image-container av-k0o2db10-286347c60d0c422e7842ac6d459724ef av-styling- avia-align-center  avia-builder-el-2  el_after_av_image  avia-builder-el-last '   itemprop=\"image\" itemscope=\"itemscope\" itemtype=\"https:\/\/schema.org\/ImageObject\" ><div class=\"avia-image-container-inner\"><div class=\"avia-image-overlay-wrap\"><img decoding=\"async\" fetchpriority=\"high\" class='wp-image-48361 avia-img-lazy-loading-not-48361 avia_image ' src=\"https:\/\/uhlsport.group\/wp-content\/uploads\/2024\/07\/uhlsport.group_baden.jpg\" alt='' title=''  height=\"819\" width=\"1920\"  itemprop=\"thumbnailUrl\" srcset=\"https:\/\/uhlsport.group\/wp-content\/uploads\/2024\/07\/uhlsport.group_baden.jpg 1920w, https:\/\/uhlsport.group\/wp-content\/uploads\/2024\/07\/uhlsport.group_baden-300x128.jpg 300w, https:\/\/uhlsport.group\/wp-content\/uploads\/2024\/07\/uhlsport.group_baden-1030x439.jpg 1030w, https:\/\/uhlsport.group\/wp-content\/uploads\/2024\/07\/uhlsport.group_baden-768x328.jpg 768w, https:\/\/uhlsport.group\/wp-content\/uploads\/2024\/07\/uhlsport.group_baden-1536x655.jpg 1536w, https:\/\/uhlsport.group\/wp-content\/uploads\/2024\/07\/uhlsport.group_baden-1500x640.jpg 1500w, https:\/\/uhlsport.group\/wp-content\/uploads\/2024\/07\/uhlsport.group_baden-705x301.jpg 705w, https:\/\/uhlsport.group\/wp-content\/uploads\/2024\/07\/uhlsport.group_baden-500x213.jpg 500w\" sizes=\"(max-width: 1920px) 100vw, 1920px\" \/><\/div><\/div><\/div>\n<\/div><\/div><\/main><!-- close content main element --><\/div><\/div><div id='after_section_1'  class='main_color av_default_container_wrap container_wrap fullsize'  ><div class='container av-section-cont-open' ><div class='template-page content  av-content-full alpha units'><div class='post-entry post-entry-type-page post-entry-48357'><div class='entry-content-wrapper clearfix'>\n<section  class='av_textblock_section av-jmly5lxs-e65fc6c92cc82e4c21074bfc38e6d547 '   itemscope=\"itemscope\" itemtype=\"https:\/\/schema.org\/CreativeWork\" ><div class='avia_textblock p-intro'  itemprop=\"text\" ><h1>Passion for a Better Game<\/h1>\n<\/div><\/section>\n<section  class='av_textblock_section av-jmly5lxs-4f9e336c70e84e80df9b2ab12c4c43e7 '   itemscope=\"itemscope\" itemtype=\"https:\/\/schema.org\/CreativeWork\" ><div class='avia_textblock'  itemprop=\"text\" ><p>Baden Sports repr\u00e9sente la plus haute qualit\u00e9 et une innovation continue dans le d\u00e9veloppement et la fabrication de ballons de toutes sortes. Depuis 1979, l&#8217;entreprise \u00e9tablit des normes et offre des produits qui r\u00e9volutionnent l&#8217;exp\u00e9rience de jeu.<\/p>\n<p>L&#8217;origine de Baden remonte \u00e0 E.C. Schindler et son fils Michael, qui, en tant que sportifs passionn\u00e9s, avaient pour objectif de d\u00e9velopper de meilleurs ballons de sport. Avec une vision claire et un travail acharn\u00e9, ils ont cr\u00e9\u00e9 des ballons d&#8217;une qualit\u00e9 exceptionnelle. Cette tradition se poursuit encore aujourd&#8217;hui, en fixant constamment de nouvelles normes.<\/p>\n<p>Pouss\u00e9e par un d\u00e9sir constant d&#8217;am\u00e9lioration, Baden Sports a marqu\u00e9 l&#8217;histoire en 1984 en devenant la premi\u00e8re entreprise \u00e0 introduire un ballon de basketball sp\u00e9cialement con\u00e7u pour les femmes dans la NCAA. Cette force d&#8217;innovation se manifeste dans des technologies r\u00e9volutionnaires pour le basketball, le volleyball, le football, le football am\u00e9ricain, le baseball et le softball. Particuli\u00e8rement remarquables sont les battes de baseball et de softball Axe, qui, avec leur design ergonomique, ont compl\u00e8tement red\u00e9fini le jeu.<\/p>\n<p>Les produits sont cr\u00e9\u00e9s gr\u00e2ce \u00e0 des analyses intensives et des optimisations continues. Baden Sports ne vise pas des produits \u00ab moi aussi \u00bb, mais des \u00e9quipements sportifs de premi\u00e8re classe offrant une exp\u00e9rience de jeu presque parfaite. La mission : inspirer et enthousiasmer les joueurs !<\/p>\n<p><strong>Baden Sports en Europe<\/strong><\/p>\n<p>Depuis 2023, uhlsport GmbH est le distributeur exclusif de Baden Sports en Europe, offrant ainsi aux athl\u00e8tes europ\u00e9ens l&#8217;acc\u00e8s aux produits de haute qualit\u00e9 et innovants de Baden. Cette collaboration est renforc\u00e9e par le partenariat avec la easyCredit Basketball Bundesliga, o\u00f9 Baden sera le partenaire officiel des ballons de la ligue \u00e0 partir de la saison 24\/25.<\/p>\n<p><strong>Un Nom Allemand<\/strong><\/p>\n<p>Lors de son voyage pour une nouvelle impulsion \u00e0 sa carri\u00e8re professionnelle, l&#8217;ing\u00e9nieur d\u00e9j\u00e0 tr\u00e8s r\u00e9ussi E.C. Schindler a voyag\u00e9 en Allemagne, le pays de ses anc\u00eatres. \u00c0 Baden-Baden, non seulement l&#8217;id\u00e9e de concevoir et de produire les meilleurs ballons de sport au monde est n\u00e9e, mais aussi le nom de sa marque. Ainsi, Baden se prononce \u00e0 l&#8217;allemande [\u02c8ba\u02d0dn\u0329] et non \u00e0 l&#8217;anglaise [\u02c8b\u025b\u026a\u032fdn\u0329].<\/p>\n<p><a href=\"https:\/\/kempa-sports.com\/baelle\/basketbaelle\" target=\"_blank\" rel=\"noopener\"><strong>Baden ballons dans la boutique Kempa<\/strong><\/a><\/p>\n<div><a href=\"https:\/\/www.instagram.com\/kempasports\/\" target=\"_blank\" rel=\"noopener noreferrer\"><img decoding=\"async\" src=\"https:\/\/brand.uhlsport.com\/wp-content\/uploads\/2019\/05\/icon-sm-instagram.png\" alt=\"icon Instagram\" width=\"30\" \/><\/a><\/div>\n<\/div><\/section>\n\n<style type=\"text\/css\" data-created_by=\"avia_inline_auto\" id=\"style-css-av-k0l24cdy-424522bdfea9af990825223ad8cd52a3\">\n#top .hr.hr-invisible.av-k0l24cdy-424522bdfea9af990825223ad8cd52a3{\nheight:60px;\n}\n<\/style>\n<div  class='hr av-k0l24cdy-424522bdfea9af990825223ad8cd52a3 hr-invisible  avia-builder-el-5  el_after_av_textblock  el_before_av_section  avia-builder-el-last '><span class='hr-inner '><span class=\"hr-inner-style\"><\/span><\/span><\/div>\n<\/div><\/div><\/div><!-- close content main div --><\/div><\/div>\n<style type=\"text\/css\" data-created_by=\"avia_inline_auto\" id=\"style-css-av-k0lf8gfs-9a49b181b6ab9996fa92a1bcc17e6ee5\">\n.avia-section.av-k0lf8gfs-9a49b181b6ab9996fa92a1bcc17e6ee5{\nbackground-repeat:no-repeat;\nbackground-image:url(https:\/\/uhlsport.group\/wp-content\/uploads\/2019\/09\/karriere-bg.jpg);\nbackground-position:50% 0%;\nbackground-attachment:scroll;\n}\n<\/style>\n<div id='av_section_2'  class='avia-section av-k0lf8gfs-9a49b181b6ab9996fa92a1bcc17e6ee5 main_color avia-section-default avia-no-border-styling  avia-builder-el-6  el_after_av_hr  avia-builder-el-last  avia-full-stretch avia-bg-style-scroll av-minimum-height av-minimum-height-75 av-height-75  container_wrap fullsize'  data-section-bg-repeat='stretch' data-av_minimum_height_pc='75' data-av_min_height_opt='75'><div class='container av-section-cont-open' ><div class='template-page content  av-content-full alpha units'><div class='post-entry post-entry-type-page post-entry-48357'><div class='entry-content-wrapper clearfix'>\n\n<style type=\"text\/css\" data-created_by=\"avia_inline_auto\" id=\"style-css-av-2gw390-33c29d0686c55647d244198362e6691e\">\n.flex_column.av-2gw390-33c29d0686c55647d244198362e6691e{\nborder-radius:0px 0px 0px 0px;\npadding:120px 40px 120px 40px;\nbackground-color:#ffffff;\n}\n<\/style>\n<div  class='flex_column av-2gw390-33c29d0686c55647d244198362e6691e av_one_full  avia-builder-el-7  avia-builder-el-no-sibling  first flex_column_div  '     ><section  class='av_textblock_section av-jmly5lxs-ceb201235ba94b340844dd90f518ce48 '   itemscope=\"itemscope\" itemtype=\"https:\/\/schema.org\/CreativeWork\" ><div class='avia_textblock p-intro'  itemprop=\"text\" ><h2 style=\"text-align: left;\"><strong>Votre carri\u00e8re au sein du groupe uhlsport<\/strong><\/h2>\n<\/div><\/section><br \/>\n<section  class='av_textblock_section av-jmly5lxs-9265327a8239381fd2ca74d48b750413 '   itemscope=\"itemscope\" itemtype=\"https:\/\/schema.org\/CreativeWork\" ><div class='avia_textblock'  itemprop=\"text\" ><p>Chaque \u00e9quipe doit travailler r\u00e9guli\u00e8rement sur son effectif, le d\u00e9velopper et l&#8217;am\u00e9liorer. Nous sommes toujours \u00e0 la recherche de personnes engag\u00e9es, cr\u00e9atives et motiv\u00e9es.<\/p>\n<p><a href=\"https:\/\/uhlsport.group\/fr\/carriere\/\">Plus<\/a><\/p>\n<\/div><\/section><\/p><\/div>\n\n","protected":false},"excerpt":{"rendered":"","protected":false},"author":1,"featured_media":0,"parent":0,"menu_order":0,"comment_status":"closed","ping_status":"closed","template":"","meta":{"footnotes":""},"class_list":["post-48357","page","type-page","status-publish","hentry"],"yoast_head":"<!-- This site is optimized with the Yoast SEO plugin v27.2 - https:\/\/yoast.com\/product\/yoast-seo-wordpress\/ -->\n<title>En savoir plus sur la marque Baden. Passion for a Better Game.<\/title>\n<meta name=\"description\" content=\"Baden repr\u00e9sente depuis 1979 la plus haute qualit\u00e9 et innovation dans le sport de ballon et r\u00e9volutionne l&#039;exp\u00e9rience de jeu avec ses produits.\" \/>\n<meta name=\"robots\" content=\"index, follow, max-snippet:-1, max-image-preview:large, max-video-preview:-1\" \/>\n<link rel=\"canonical\" href=\"https:\/\/uhlsport.group\/fr\/marque-baden\/\" \/>\n<meta property=\"og:locale\" content=\"fr_FR\" \/>\n<meta property=\"og:type\" content=\"article\" \/>\n<meta property=\"og:title\" content=\"En savoir plus sur la marque Baden. Passion for a Better Game.\" \/>\n<meta property=\"og:description\" content=\"Baden repr\u00e9sente depuis 1979 la plus haute qualit\u00e9 et innovation dans le sport de ballon et r\u00e9volutionne l&#039;exp\u00e9rience de jeu avec ses produits.\" \/>\n<meta property=\"og:url\" content=\"https:\/\/uhlsport.group\/fr\/marque-baden\/\" \/>\n<meta property=\"og:site_name\" content=\"uhlsport GmbH: Teamsport-Ausr\u00fcstung f\u00fcr Fu\u00dfball und Handball\" \/>\n<meta property=\"article:modified_time\" content=\"2024-09-11T12:08:57+00:00\" \/>\n<meta property=\"og:image\" content=\"https:\/\/brand.uhlsport.com\/wp-content\/uploads\/2019\/05\/icon-sm-instagram.png\" \/>\n<meta name=\"twitter:card\" content=\"summary_large_image\" \/>\n<meta name=\"twitter:title\" content=\"En savoir plus sur la marque Baden. Passion for a Better Game.\" \/>\n<meta name=\"twitter:description\" content=\"Baden repr\u00e9sente depuis 1979 la plus haute qualit\u00e9 et innovation dans le sport de ballon et r\u00e9volutionne l&#039;exp\u00e9rience de jeu avec ses produits.\" \/>\n<meta name=\"twitter:label1\" content=\"Dur\u00e9e de lecture estim\u00e9e\" \/>\n\t<meta name=\"twitter:data1\" content=\"3 minutes\" \/>\n<script type=\"application\/ld+json\" class=\"yoast-schema-graph\">{\"@context\":\"https:\/\/schema.org\",\"@graph\":[{\"@type\":\"WebPage\",\"@id\":\"https:\/\/uhlsport.group\/fr\/marque-baden\/\",\"url\":\"https:\/\/uhlsport.group\/fr\/marque-baden\/\",\"name\":\"En savoir plus sur la marque Baden. Passion for a Better Game.\",\"isPartOf\":{\"@id\":\"https:\/\/uhlsport.group\/fr\/#website\"},\"primaryImageOfPage\":{\"@id\":\"https:\/\/uhlsport.group\/fr\/marque-baden\/#primaryimage\"},\"image\":{\"@id\":\"https:\/\/uhlsport.group\/fr\/marque-baden\/#primaryimage\"},\"thumbnailUrl\":\"https:\/\/brand.uhlsport.com\/wp-content\/uploads\/2019\/05\/icon-sm-instagram.png\",\"datePublished\":\"2024-08-16T12:16:18+00:00\",\"dateModified\":\"2024-09-11T12:08:57+00:00\",\"description\":\"Baden repr\u00e9sente depuis 1979 la plus haute qualit\u00e9 et innovation dans le sport de ballon et r\u00e9volutionne l'exp\u00e9rience de jeu avec ses produits.\",\"breadcrumb\":{\"@id\":\"https:\/\/uhlsport.group\/fr\/marque-baden\/#breadcrumb\"},\"inLanguage\":\"fr-FR\",\"potentialAction\":[{\"@type\":\"ReadAction\",\"target\":[\"https:\/\/uhlsport.group\/fr\/marque-baden\/\"]}]},{\"@type\":\"ImageObject\",\"inLanguage\":\"fr-FR\",\"@id\":\"https:\/\/uhlsport.group\/fr\/marque-baden\/#primaryimage\",\"url\":\"https:\/\/brand.uhlsport.com\/wp-content\/uploads\/2019\/05\/icon-sm-instagram.png\",\"contentUrl\":\"https:\/\/brand.uhlsport.com\/wp-content\/uploads\/2019\/05\/icon-sm-instagram.png\"},{\"@type\":\"BreadcrumbList\",\"@id\":\"https:\/\/uhlsport.group\/fr\/marque-baden\/#breadcrumb\",\"itemListElement\":[{\"@type\":\"ListItem\",\"position\":1,\"name\":\"Startseite\",\"item\":\"https:\/\/uhlsport.group\/fr\/\"},{\"@type\":\"ListItem\",\"position\":2,\"name\":\"Marque Baden\"}]},{\"@type\":\"WebSite\",\"@id\":\"https:\/\/uhlsport.group\/fr\/#website\",\"url\":\"https:\/\/uhlsport.group\/fr\/\",\"name\":\"uhlsport GmbH: Teamsport-Ausr\u00fcstung f\u00fcr Fu\u00dfball und Handball\",\"description\":\"Brave. Progressive. Trustworthy. uhlsport und Kempa \u2013 das ist die uhlsport GmbH, der Experte f\u00fcr Teamsport seit 1948.\",\"publisher\":{\"@id\":\"https:\/\/uhlsport.group\/fr\/#organization\"},\"potentialAction\":[{\"@type\":\"SearchAction\",\"target\":{\"@type\":\"EntryPoint\",\"urlTemplate\":\"https:\/\/uhlsport.group\/fr\/?s={search_term_string}\"},\"query-input\":{\"@type\":\"PropertyValueSpecification\",\"valueRequired\":true,\"valueName\":\"search_term_string\"}}],\"inLanguage\":\"fr-FR\"},{\"@type\":\"Organization\",\"@id\":\"https:\/\/uhlsport.group\/fr\/#organization\",\"name\":\"uhlsport GmbH\",\"url\":\"https:\/\/uhlsport.group\/fr\/\",\"logo\":{\"@type\":\"ImageObject\",\"inLanguage\":\"fr-FR\",\"@id\":\"https:\/\/uhlsport.group\/fr\/#\/schema\/logo\/image\/\",\"url\":\"https:\/\/uhlsport.group\/wp-content\/uploads\/2019\/04\/Logo_uhlsport-Group.png\",\"contentUrl\":\"https:\/\/uhlsport.group\/wp-content\/uploads\/2019\/04\/Logo_uhlsport-Group.png\",\"width\":2151,\"height\":315,\"caption\":\"uhlsport GmbH\"},\"image\":{\"@id\":\"https:\/\/uhlsport.group\/fr\/#\/schema\/logo\/image\/\"}}]}<\/script>\n<!-- \/ Yoast SEO plugin. -->","yoast_head_json":{"title":"En savoir plus sur la marque Baden. Passion for a Better Game.","description":"Baden repr\u00e9sente depuis 1979 la plus haute qualit\u00e9 et innovation dans le sport de ballon et r\u00e9volutionne l'exp\u00e9rience de jeu avec ses produits.","robots":{"index":"index","follow":"follow","max-snippet":"max-snippet:-1","max-image-preview":"max-image-preview:large","max-video-preview":"max-video-preview:-1"},"canonical":"https:\/\/uhlsport.group\/fr\/marque-baden\/","og_locale":"fr_FR","og_type":"article","og_title":"En savoir plus sur la marque Baden. Passion for a Better Game.","og_description":"Baden repr\u00e9sente depuis 1979 la plus haute qualit\u00e9 et innovation dans le sport de ballon et r\u00e9volutionne l'exp\u00e9rience de jeu avec ses produits.","og_url":"https:\/\/uhlsport.group\/fr\/marque-baden\/","og_site_name":"uhlsport GmbH: Teamsport-Ausr\u00fcstung f\u00fcr Fu\u00dfball und Handball","article_modified_time":"2024-09-11T12:08:57+00:00","og_image":[{"url":"https:\/\/brand.uhlsport.com\/wp-content\/uploads\/2019\/05\/icon-sm-instagram.png","type":"","width":"","height":""}],"twitter_card":"summary_large_image","twitter_title":"En savoir plus sur la marque Baden. Passion for a Better Game.","twitter_description":"Baden repr\u00e9sente depuis 1979 la plus haute qualit\u00e9 et innovation dans le sport de ballon et r\u00e9volutionne l'exp\u00e9rience de jeu avec ses produits.","twitter_misc":{"Dur\u00e9e de lecture estim\u00e9e":"3 minutes"},"schema":{"@context":"https:\/\/schema.org","@graph":[{"@type":"WebPage","@id":"https:\/\/uhlsport.group\/fr\/marque-baden\/","url":"https:\/\/uhlsport.group\/fr\/marque-baden\/","name":"En savoir plus sur la marque Baden. Passion for a Better Game.","isPartOf":{"@id":"https:\/\/uhlsport.group\/fr\/#website"},"primaryImageOfPage":{"@id":"https:\/\/uhlsport.group\/fr\/marque-baden\/#primaryimage"},"image":{"@id":"https:\/\/uhlsport.group\/fr\/marque-baden\/#primaryimage"},"thumbnailUrl":"https:\/\/brand.uhlsport.com\/wp-content\/uploads\/2019\/05\/icon-sm-instagram.png","datePublished":"2024-08-16T12:16:18+00:00","dateModified":"2024-09-11T12:08:57+00:00","description":"Baden repr\u00e9sente depuis 1979 la plus haute qualit\u00e9 et innovation dans le sport de ballon et r\u00e9volutionne l'exp\u00e9rience de jeu avec ses produits.","breadcrumb":{"@id":"https:\/\/uhlsport.group\/fr\/marque-baden\/#breadcrumb"},"inLanguage":"fr-FR","potentialAction":[{"@type":"ReadAction","target":["https:\/\/uhlsport.group\/fr\/marque-baden\/"]}]},{"@type":"ImageObject","inLanguage":"fr-FR","@id":"https:\/\/uhlsport.group\/fr\/marque-baden\/#primaryimage","url":"https:\/\/brand.uhlsport.com\/wp-content\/uploads\/2019\/05\/icon-sm-instagram.png","contentUrl":"https:\/\/brand.uhlsport.com\/wp-content\/uploads\/2019\/05\/icon-sm-instagram.png"},{"@type":"BreadcrumbList","@id":"https:\/\/uhlsport.group\/fr\/marque-baden\/#breadcrumb","itemListElement":[{"@type":"ListItem","position":1,"name":"Startseite","item":"https:\/\/uhlsport.group\/fr\/"},{"@type":"ListItem","position":2,"name":"Marque Baden"}]},{"@type":"WebSite","@id":"https:\/\/uhlsport.group\/fr\/#website","url":"https:\/\/uhlsport.group\/fr\/","name":"uhlsport GmbH: Teamsport-Ausr\u00fcstung f\u00fcr Fu\u00dfball und Handball","description":"Brave. Progressive. Trustworthy. uhlsport und Kempa \u2013 das ist die uhlsport GmbH, der Experte f\u00fcr Teamsport seit 1948.","publisher":{"@id":"https:\/\/uhlsport.group\/fr\/#organization"},"potentialAction":[{"@type":"SearchAction","target":{"@type":"EntryPoint","urlTemplate":"https:\/\/uhlsport.group\/fr\/?s={search_term_string}"},"query-input":{"@type":"PropertyValueSpecification","valueRequired":true,"valueName":"search_term_string"}}],"inLanguage":"fr-FR"},{"@type":"Organization","@id":"https:\/\/uhlsport.group\/fr\/#organization","name":"uhlsport GmbH","url":"https:\/\/uhlsport.group\/fr\/","logo":{"@type":"ImageObject","inLanguage":"fr-FR","@id":"https:\/\/uhlsport.group\/fr\/#\/schema\/logo\/image\/","url":"https:\/\/uhlsport.group\/wp-content\/uploads\/2019\/04\/Logo_uhlsport-Group.png","contentUrl":"https:\/\/uhlsport.group\/wp-content\/uploads\/2019\/04\/Logo_uhlsport-Group.png","width":2151,"height":315,"caption":"uhlsport GmbH"},"image":{"@id":"https:\/\/uhlsport.group\/fr\/#\/schema\/logo\/image\/"}}]}},"_links":{"self":[{"href":"https:\/\/uhlsport.group\/fr\/wp-json\/wp\/v2\/pages\/48357","targetHints":{"allow":["GET"]}}],"collection":[{"href":"https:\/\/uhlsport.group\/fr\/wp-json\/wp\/v2\/pages"}],"about":[{"href":"https:\/\/uhlsport.group\/fr\/wp-json\/wp\/v2\/types\/page"}],"author":[{"embeddable":true,"href":"https:\/\/uhlsport.group\/fr\/wp-json\/wp\/v2\/users\/1"}],"replies":[{"embeddable":true,"href":"https:\/\/uhlsport.group\/fr\/wp-json\/wp\/v2\/comments?post=48357"}],"version-history":[{"count":0,"href":"https:\/\/uhlsport.group\/fr\/wp-json\/wp\/v2\/pages\/48357\/revisions"}],"wp:attachment":[{"href":"https:\/\/uhlsport.group\/fr\/wp-json\/wp\/v2\/media?parent=48357"}],"curies":[{"name":"wp","href":"https:\/\/api.w.org\/{rel}","templated":true}]}}